{"id":36,"date":"2024-03-13T08:56:12","date_gmt":"2024-03-13T06:56:12","guid":{"rendered":"https:\/\/sites.uwasa.fi\/digipaikka2\/?page_id=36"},"modified":"2024-03-26T13:06:42","modified_gmt":"2024-03-26T11:06:42","slug":"digikyvykkyyden-tyopajat-valmennukset-ja-materiaalit","status":"publish","type":"page","link":"https:\/\/sites.uwasa.fi\/digipaikka2\/digikyvykkyyden-tyopajat-valmennukset-ja-materiaalit\/","title":{"rendered":"Digikyvykkyyden ty\u00f6pajat, valmennukset ja materiaalit"},"content":{"rendered":"<p>Tulossa webinaareja, koulutuksia, ty\u00f6pajoja ja valmennusta. Teemoina oman ty\u00f6n johtaminen ja hallinta, sujuva et\u00e4vuorovaikutus, viestint\u00e4 ja tiedotus ja parhaat ty\u00f6kalut et\u00e4ty\u00f6n tukemiseen.<\/p>\n<p>My\u00f6hemmin hankkeessa on my\u00f6s mahdollisuus erilaisiin laite- ja j\u00e4rjestelm\u00e4kokeiluihin! Vastaa Digiarkkitehtuurikartoitukseen ja olemme sinuun yhteydess\u00e4!<\/p>\n<p>Kysy lis\u00e4tietoja:<br \/>\nTKI-asiantuntija Kirsi Palom\u00e4ki, Centria-ammattikorkeakoulu<br \/>\nkirsi.palomaki@centria.fi<br \/>\n+35850 478 6825<\/p>\n","protected":false},"excerpt":{"rendered":"<p>Tulossa webinaareja, koulutuksia, ty\u00f6pajoja ja valmennusta. Teemoina oman ty\u00f6n johtaminen ja hallinta, sujuva et\u00e4vuorovaikutus, viestint\u00e4 ja tiedotus ja parhaat ty\u00f6kalut et\u00e4ty\u00f6n tukemiseen. My\u00f6hemmin hankkeessa on my\u00f6s mahdollisuus erilaisiin laite- ja j\u00e4rjestelm\u00e4kokeiluihin! Vastaa Digiarkkitehtuurikartoitukseen ja olemme sinuun yhteydess\u00e4! Kysy lis\u00e4tietoja: TKI-asiantuntija Kirsi Palom\u00e4ki, Centria-ammattikorkeakoulu kirsi.palomaki@centria.fi +35850 478 6825<\/p>\n","protected":false},"author":533,"featured_media":0,"parent":0,"menu_order":0,"comment_status":"closed","ping_status":"closed","template":"","meta":{"_acf_changed":false,"footnotes":""},"class_list":["post-36","page","type-page","status-publish","hentry"],"acf":[],"_links":{"self":[{"href":"https:\/\/sites.uwasa.fi\/digipaikka2\/wp-json\/wp\/v2\/pages\/36"}],"collection":[{"href":"https:\/\/sites.uwasa.fi\/digipaikka2\/wp-json\/wp\/v2\/pages"}],"about":[{"href":"https:\/\/sites.uwasa.fi\/digipaikka2\/wp-json\/wp\/v2\/types\/page"}],"author":[{"embeddable":true,"href":"https:\/\/sites.uwasa.fi\/digipaikka2\/wp-json\/wp\/v2\/users\/533"}],"replies":[{"embeddable":true,"href":"https:\/\/sites.uwasa.fi\/digipaikka2\/wp-json\/wp\/v2\/comments?post=36"}],"version-history":[{"count":2,"href":"https:\/\/sites.uwasa.fi\/digipaikka2\/wp-json\/wp\/v2\/pages\/36\/revisions"}],"predecessor-version":[{"id":53,"href":"https:\/\/sites.uwasa.fi\/digipaikka2\/wp-json\/wp\/v2\/pages\/36\/revisions\/53"}],"wp:attachment":[{"href":"https:\/\/sites.uwasa.fi\/digipaikka2\/wp-json\/wp\/v2\/media?parent=36"}],"curies":[{"name":"wp","href":"https:\/\/api.w.org\/{rel}","templated":true}]}}