{"id":27,"date":"2024-03-13T08:52:02","date_gmt":"2024-03-13T06:52:02","guid":{"rendered":"https:\/\/sites.uwasa.fi\/digipaikka2\/?page_id=27"},"modified":"2024-03-26T13:07:06","modified_gmt":"2024-03-26T11:07:06","slug":"digipaikka-tervetuloa-mukaan-2","status":"publish","type":"page","link":"https:\/\/sites.uwasa.fi\/digipaikka2\/digipaikka-tervetuloa-mukaan-2\/","title":{"rendered":"Tervetuloa mukaan!"},"content":{"rendered":"<h2>DigiPaikka \u2013 Tervetuloa mukaan!<\/h2>\n<p>El\u00e4mme suurinta ty\u00f6el\u00e4m\u00e4n muutosta vuosikymmeniin. Digitalisoituminen sek\u00e4 et\u00e4- ja paikkariippumaton ty\u00f6 muokkaavat uusiksi ty\u00f6n organisoitumisen muotoja sek\u00e4 ty\u00f6nteon paikkaa ja tapoja. Onnistuminen muutoksessa edellytt\u00e4\u00e4 organisaatioilta ja ty\u00f6ntekij\u00f6ilt\u00e4 uudenlaisia toimintatapoja, k\u00e4yt\u00e4nteit\u00e4 ja osaamisia.<\/p>\n<p>DigiPaikka -hanke vastaa t\u00e4h\u00e4n haasteeseen tarjoamalla tarvittavaa johtamisosaamista, digiosaamista, digitaalisten ty\u00f6kalujen kokeiluja sek\u00e4 auttamalla organisaatioita hy\u00f6dynt\u00e4m\u00e4\u00e4n digitaalista ty\u00f6ymp\u00e4rist\u00f6\u00e4 tehokkaammin. Tuemme toimilla mikro- ja pk-yrityksi\u00e4 sek\u00e4 yhdistyksi\u00e4 ty\u00f6hyvinvoinnin ja tuottavuuden kehitt\u00e4misess\u00e4 sek\u00e4 lis\u00e4\u00e4mme organisaatioiden valmiuksia muutoksiin.<\/p>\n<h3>Tarjoamme mikro- ja pk-yrityksille<\/h3>\n<ul>\n<li>L\u00e4ht\u00f6tilannekartoituksen &#8211; Kartoitetaan ja tunnistetaan et\u00e4- ja paikkariippumattoman ty\u00f6n johtamiseen sek\u00e4 siihen liittyvien digitaalisten ratkaisujen kehitt\u00e4misen tarpeita ja kiinnostusta.<\/li>\n<li>Valmennukset ja ty\u00f6pajat &#8211; J\u00e4rjestet\u00e4\u00e4n ty\u00f6pajoja ja valmennuksia organisaatioiden digikyvykkyyden ja ty\u00f6n koordinoinnin kehitt\u00e4miseksi<\/li>\n<li>Saatujen tulosten jalkauttamisen ja hyvien k\u00e4yt\u00e4nt\u00f6jen esittelyn &#8211; Osallistuvat organisaatiot saavat hankkeen tuottamaa tietoa siit\u00e4, mit\u00e4 tekij\u00f6it\u00e4 tukemalla voidaan optimaalisesti tukea henkil\u00f6st\u00f6n ty\u00f6suoriutumista, tehokkuutta ja hyvinvointia.<\/li>\n<li>Digity\u00f6kalukokeilut &#8211; Toteutetaan digity\u00f6kalukokeiluja organisaatioissa vuorovaikutuksen kehitt\u00e4miseksi paikkariippumattomassa ty\u00f6ss\u00e4. Kokeiluja on kahdenlaisia: 1) Lis\u00e4tyn todellisuuden ty\u00f6kalut et\u00e4ty\u00f6ss\u00e4 ja 2) Oman ja tiiminty\u00f6n hallinnan -ty\u00f6kalut et\u00e4ty\u00f6ss\u00e4.<\/li>\n<li>Osallistuminen on mahdollista my\u00f6s suuryrityksille ja yhdistyksille.<\/li>\n<\/ul>\n<p>Digitaalisen tiekartan tehokkaaseen paikkariippumattomaan ty\u00f6h\u00f6n. Tuotetaan organisaatioiden k\u00e4ytt\u00f6\u00f6n ty\u00f6kalu paikkariippumattoman ty\u00f6n hy\u00f6dynt\u00e4misen kyvykkyyden arvioimiseksi ja potentiaalisten kehitystoimenpiteiden hahmottamiseksi.<\/p>\n<h3>Osallistu<\/h3>\n<ul>\n<li>Valtakunnallisesti \u2013 maksuton tarjontamme on ulottuvillasi verkon v\u00e4lityksell\u00e4.<\/li>\n<li>Liity postituslistalle ja kuulet tarjonnastamme ensimm\u00e4isen\u00e4, ilmoittaudu tapahtumiin ja ty\u00f6pajoihin saadaksesi osallistumislinkin.<\/li>\n<li>Ty\u00f6ntekij\u00e4n\u00e4\/yritt\u00e4j\u00e4n\u00e4 tai organisaationa<\/li>\n<li>Osallistu kiinnostuksesi mukaan itsellesi sopivaan tarjontaamme<\/li>\n<li>Ja opi uutta digitaalisen ty\u00f6ymp\u00e4rist\u00f6n hy\u00f6dynt\u00e4misen vasta-alkajana tai kokeneempana toimijana<\/li>\n<\/ul>\n<p>Hankkeen toimenpiteet toteutetaan aikav\u00e4lill\u00e4 03\/2024 &#8211; 12\/2026.<\/p>\n","protected":false},"excerpt":{"rendered":"<p>DigiPaikka \u2013 Tervetuloa mukaan! El\u00e4mme suurinta ty\u00f6el\u00e4m\u00e4n muutosta vuosikymmeniin. Digitalisoituminen sek\u00e4 et\u00e4- ja paikkariippumaton ty\u00f6 muokkaavat uusiksi ty\u00f6n organisoitumisen muotoja sek\u00e4 ty\u00f6nteon paikkaa ja tapoja. Onnistuminen muutoksessa edellytt\u00e4\u00e4 organisaatioilta ja ty\u00f6ntekij\u00f6ilt\u00e4 uudenlaisia toimintatapoja, k\u00e4yt\u00e4nteit\u00e4 ja osaamisia. DigiPaikka -hanke vastaa t\u00e4h\u00e4n haasteeseen tarjoamalla tarvittavaa johtamisosaamista, digiosaamista, digitaalisten ty\u00f6kalujen kokeiluja sek\u00e4 auttamalla organisaatioita hy\u00f6dynt\u00e4m\u00e4\u00e4n digitaalista ty\u00f6ymp\u00e4rist\u00f6\u00e4 tehokkaammin. [&hellip;]<\/p>\n","protected":false},"author":533,"featured_media":0,"parent":0,"menu_order":0,"comment_status":"closed","ping_status":"closed","template":"","meta":{"_acf_changed":false,"footnotes":""},"class_list":["post-27","page","type-page","status-publish","hentry"],"acf":[],"_links":{"self":[{"href":"https:\/\/sites.uwasa.fi\/digipaikka2\/wp-json\/wp\/v2\/pages\/27"}],"collection":[{"href":"https:\/\/sites.uwasa.fi\/digipaikka2\/wp-json\/wp\/v2\/pages"}],"about":[{"href":"https:\/\/sites.uwasa.fi\/digipaikka2\/wp-json\/wp\/v2\/types\/page"}],"author":[{"embeddable":true,"href":"https:\/\/sites.uwasa.fi\/digipaikka2\/wp-json\/wp\/v2\/users\/533"}],"replies":[{"embeddable":true,"href":"https:\/\/sites.uwasa.fi\/digipaikka2\/wp-json\/wp\/v2\/comments?post=27"}],"version-history":[{"count":9,"href":"https:\/\/sites.uwasa.fi\/digipaikka2\/wp-json\/wp\/v2\/pages\/27\/revisions"}],"predecessor-version":[{"id":52,"href":"https:\/\/sites.uwasa.fi\/digipaikka2\/wp-json\/wp\/v2\/pages\/27\/revisions\/52"}],"wp:attachment":[{"href":"https:\/\/sites.uwasa.fi\/digipaikka2\/wp-json\/wp\/v2\/media?parent=27"}],"curies":[{"name":"wp","href":"https:\/\/api.w.org\/{rel}","templated":true}]}}