{"id":444,"date":"2025-01-15T12:36:35","date_gmt":"2025-01-15T10:36:35","guid":{"rendered":"https:\/\/sites.uwasa.fi\/digibiogashubs\/?page_id=444"},"modified":"2025-01-31T09:24:57","modified_gmt":"2025-01-31T07:24:57","slug":"keski-pohjanmaa-hub","status":"publish","type":"page","link":"https:\/\/sites.uwasa.fi\/digibiogashubs\/fi\/keski-pohjanmaa-hub\/","title":{"rendered":"KESKI-POHJANMAA HUB"},"content":{"rendered":"<p><img loading=\"lazy\" decoding=\"async\" class=\"alignleft size-full wp-image-389\" src=\"https:\/\/sites.uwasa.fi\/digibiogashubs\/wp-content\/blogs.dir\/4\/files\/sites\/204\/2024\/11\/dbh-line2.png\" alt=\"Green line\" width=\"2048\" height=\"8\" srcset=\"https:\/\/sites.uwasa.fi\/digibiogashubs\/wp-content\/blogs.dir\/4\/files\/sites\/204\/2024\/11\/dbh-line2.png 2048w, https:\/\/sites.uwasa.fi\/digibiogashubs\/wp-content\/blogs.dir\/4\/files\/sites\/204\/2024\/11\/dbh-line2-300x1.png 300w, https:\/\/sites.uwasa.fi\/digibiogashubs\/wp-content\/blogs.dir\/4\/files\/sites\/204\/2024\/11\/dbh-line2-1024x4.png 1024w, https:\/\/sites.uwasa.fi\/digibiogashubs\/wp-content\/blogs.dir\/4\/files\/sites\/204\/2024\/11\/dbh-line2-768x3.png 768w, https:\/\/sites.uwasa.fi\/digibiogashubs\/wp-content\/blogs.dir\/4\/files\/sites\/204\/2024\/11\/dbh-line2-1536x6.png 1536w, https:\/\/sites.uwasa.fi\/digibiogashubs\/wp-content\/blogs.dir\/4\/files\/sites\/204\/2024\/11\/dbh-line2-1680x8.png 1680w, https:\/\/sites.uwasa.fi\/digibiogashubs\/wp-content\/blogs.dir\/4\/files\/sites\/204\/2024\/11\/dbh-line2-1920x8.png 1920w\" sizes=\"(max-width: 2048px) 100vw, 2048px\" \/><\/p>\n<h3><strong>Teollisuuspuistoon perustuva hub<img loading=\"lazy\" decoding=\"async\" class=\"alignright wp-image-490\" src=\"https:\/\/sites.uwasa.fi\/digibiogashubs\/wp-content\/blogs.dir\/4\/files\/sites\/204\/2025\/01\/dbh-centralostrobothnia.jpg\" alt=\"\" width=\"450\" height=\"366\" srcset=\"https:\/\/sites.uwasa.fi\/digibiogashubs\/wp-content\/blogs.dir\/4\/files\/sites\/204\/2025\/01\/dbh-centralostrobothnia.jpg 656w, https:\/\/sites.uwasa.fi\/digibiogashubs\/wp-content\/blogs.dir\/4\/files\/sites\/204\/2025\/01\/dbh-centralostrobothnia-300x244.jpg 300w\" sizes=\"(max-width: 450px) 100vw, 450px\" \/><\/strong><\/h3>\n<p>Keski-Pohjanmaan biokaasuhubin merkitt\u00e4vimm\u00e4t biokaasun k\u00e4ytt\u00f6potentiaalit liittyv\u00e4t teollisuus-, energiantuotanto- ja liikennek\u00e4ytt\u00f6\u00f6n. Kokkolan suurteollisuusalueella (KIP) suunniteltu LNG-verkko mahdollistaa biokaasun hy\u00f6dynt\u00e4misen merkitt\u00e4ville teollisuusasiakkaille, kuten Hycamite, Yara ja Sibanye-Stillwater Keliber. Alueella on my\u00f6s kiinnostusta raskaan maantieliikenteen tankkausasemien kehitt\u00e4miseen.<\/p>\n<p>Kannuksessa suunnitteilla oleva suuri biokaasulaitos ja siihen mahdollisesti liittyv\u00e4 LBG-tuotanto avaavat uusia mahdollisuuksia liikennek\u00e4yt\u00f6lle ja metanolin tuotannolle. My\u00f6s Kaustiselle suunnitteilla oleva suuri biokaasulaitos mahdollistaa LBG-tuotannon. N\u00e4m\u00e4 investoinnit luovat vahvan pohjan biokaasun tuotannon kasvattamiselle. My\u00f6s muilla Keski-Pohjanmaan kunnilla, kuten Toholammilla ja Veteliss\u00e4, on n\u00e4ht\u00e4viss\u00e4 biokaasulle potentiaalia maantiekuljetuksissa sek\u00e4 l\u00e4mm\u00f6ntuotannossa.<\/p>\n<p>Keski-Pohjanmaalla toimii nykyisin 6 biokaasulaitosta sis\u00e4lt\u00e4en mm. WeKas Oy:n biokaasulaitos, jonka yhteydess\u00e4 on CNG-tankkausasema sek\u00e4 Pohjanmaan biokaasu Oy:n biokaasulaitos KIP-alueella. Useimmat nykyiset tuotantolaitokset toimivat maatalouden yhteydess\u00e4 tukien maataloustuotantoa.<\/p>\n<p>Alueen biomassa- ja lantavarannot mahdollistavat biokaasun tuotantokapasiteetin merkitt\u00e4v\u00e4n lis\u00e4\u00e4misen, mik\u00e4 tukee kest\u00e4v\u00e4\u00e4 kehityst\u00e4 ja kiertotaloutta. Biokaasun tuotannon sivuvirtana syntyv\u00e4\u00e4 m\u00e4d\u00e4tej\u00e4\u00e4nn\u00f6st\u00e4 voidaan jalostaa kierr\u00e4tyslannoitteiksi, jotka tukevat maatalouden toimintaa ja kiertotaloutta.<\/p>\n<p>&nbsp;<\/p>\n<h4><strong>Hubiin liittyv\u00e4t julkaisut<\/strong><\/h4>\n<p><a href=\"https:\/\/sites.uwasa.fi\/digibiogashubs\/wp-content\/blogs.dir\/4\/files\/sites\/204\/2024\/11\/DigiBiogasHubs-report-Central-ostrobothnia-part1.pdf\">TP2 Biokaasun tuotanto- ja k\u00e4ytt\u00f6potentiaalin selvitys sek\u00e4 biokaasun tuotannon ja k\u00e4yt\u00f6n p\u00e4\u00e4st\u00f6laskenta \u2013 Keski-Pohjanmaan maakunta<\/a><\/p>\n<p><a href=\"https:\/\/sites.uwasa.fi\/digibiogashubs\/wp-content\/blogs.dir\/4\/files\/sites\/204\/2025\/01\/DBH_CBGn-tuotannon-ja-kayton-seka-biokaasun-tuotannon-sivuvirtojen-hyotykayton-teknistaloudellinen-analyysi_K-P.pdf\" target=\"_blank\" rel=\"noopener\">TP2 CBG:n tuotannon ja k\u00e4yt\u00f6n sek\u00e4 biokaasun tuotannon sivuvirtojen hy\u00f6tyk\u00e4yt\u00f6n teknistaloudellinen analyysi &#8211; Keski-Pohjanmaan maakunta<\/a><\/p>\n","protected":false},"excerpt":{"rendered":"<p>Teollisuuspuistoon perustuva hub Keski-Pohjanmaan biokaasuhubin merkitt\u00e4vimm\u00e4t biokaasun k\u00e4ytt\u00f6potentiaalit liittyv\u00e4t teollisuus-, energiantuotanto- ja liikennek\u00e4ytt\u00f6\u00f6n. Kokkolan suurteollisuusalueella (KIP) suunniteltu LNG-verkko mahdollistaa biokaasun hy\u00f6dynt\u00e4misen merkitt\u00e4ville teollisuusasiakkaille, kuten Hycamite, Yara ja Sibanye-Stillwater Keliber. Alueella on my\u00f6s kiinnostusta raskaan maantieliikenteen tankkausasemien kehitt\u00e4miseen. Kannuksessa suunnitteilla oleva suuri biokaasulaitos ja siihen mahdollisesti liittyv\u00e4 LBG-tuotanto avaavat uusia mahdollisuuksia liikennek\u00e4yt\u00f6lle ja metanolin tuotannolle. My\u00f6s [&hellip;]<\/p>\n","protected":false},"author":532,"featured_media":0,"parent":0,"menu_order":0,"comment_status":"closed","ping_status":"closed","template":"","meta":{"_acf_changed":false,"footnotes":""},"class_list":["post-444","page","type-page","status-publish","hentry"],"acf":[],"lang":"fi","translations":{"fi":444,"en":429},"pll_sync_post":[],"_links":{"self":[{"href":"https:\/\/sites.uwasa.fi\/digibiogashubs\/wp-json\/wp\/v2\/pages\/444"}],"collection":[{"href":"https:\/\/sites.uwasa.fi\/digibiogashubs\/wp-json\/wp\/v2\/pages"}],"about":[{"href":"https:\/\/sites.uwasa.fi\/digibiogashubs\/wp-json\/wp\/v2\/types\/page"}],"author":[{"embeddable":true,"href":"https:\/\/sites.uwasa.fi\/digibiogashubs\/wp-json\/wp\/v2\/users\/532"}],"replies":[{"embeddable":true,"href":"https:\/\/sites.uwasa.fi\/digibiogashubs\/wp-json\/wp\/v2\/comments?post=444"}],"version-history":[{"count":7,"href":"https:\/\/sites.uwasa.fi\/digibiogashubs\/wp-json\/wp\/v2\/pages\/444\/revisions"}],"predecessor-version":[{"id":583,"href":"https:\/\/sites.uwasa.fi\/digibiogashubs\/wp-json\/wp\/v2\/pages\/444\/revisions\/583"}],"wp:attachment":[{"href":"https:\/\/sites.uwasa.fi\/digibiogashubs\/wp-json\/wp\/v2\/media?parent=444"}],"curies":[{"name":"wp","href":"https:\/\/api.w.org\/{rel}","templated":true}]}}