{"id":442,"date":"2025-01-15T12:36:58","date_gmt":"2025-01-15T10:36:58","guid":{"rendered":"https:\/\/sites.uwasa.fi\/digibiogashubs\/?page_id=442"},"modified":"2025-03-06T14:44:20","modified_gmt":"2025-03-06T12:44:20","slug":"pohjanmaa-hub","status":"publish","type":"page","link":"https:\/\/sites.uwasa.fi\/digibiogashubs\/fi\/pohjanmaa-hub\/","title":{"rendered":"POHJANMAA HUB"},"content":{"rendered":"<p><img loading=\"lazy\" decoding=\"async\" class=\"size-full wp-image-389 alignleft\" src=\"https:\/\/sites.uwasa.fi\/digibiogashubs\/wp-content\/blogs.dir\/4\/files\/sites\/204\/2024\/11\/dbh-line2.png\" alt=\"Green line\" width=\"2048\" height=\"8\" srcset=\"https:\/\/sites.uwasa.fi\/digibiogashubs\/wp-content\/blogs.dir\/4\/files\/sites\/204\/2024\/11\/dbh-line2.png 2048w, https:\/\/sites.uwasa.fi\/digibiogashubs\/wp-content\/blogs.dir\/4\/files\/sites\/204\/2024\/11\/dbh-line2-300x1.png 300w, https:\/\/sites.uwasa.fi\/digibiogashubs\/wp-content\/blogs.dir\/4\/files\/sites\/204\/2024\/11\/dbh-line2-1024x4.png 1024w, https:\/\/sites.uwasa.fi\/digibiogashubs\/wp-content\/blogs.dir\/4\/files\/sites\/204\/2024\/11\/dbh-line2-768x3.png 768w, https:\/\/sites.uwasa.fi\/digibiogashubs\/wp-content\/blogs.dir\/4\/files\/sites\/204\/2024\/11\/dbh-line2-1536x6.png 1536w, https:\/\/sites.uwasa.fi\/digibiogashubs\/wp-content\/blogs.dir\/4\/files\/sites\/204\/2024\/11\/dbh-line2-1680x8.png 1680w, https:\/\/sites.uwasa.fi\/digibiogashubs\/wp-content\/blogs.dir\/4\/files\/sites\/204\/2024\/11\/dbh-line2-1920x8.png 1920w\" sizes=\"(max-width: 2048px) 100vw, 2048px\" \/><\/p>\n<figure id=\"attachment_439\" aria-describedby=\"caption-attachment-439\" style=\"width: 447px\" class=\"wp-caption alignright\"><img loading=\"lazy\" decoding=\"async\" class=\"wp-image-439\" src=\"https:\/\/sites.uwasa.fi\/digibiogashubs\/wp-content\/blogs.dir\/4\/files\/sites\/204\/2024\/11\/ostrohub-1.png\" alt=\"Map of Ostrobothnia\" width=\"447\" height=\"400\" srcset=\"https:\/\/sites.uwasa.fi\/digibiogashubs\/wp-content\/blogs.dir\/4\/files\/sites\/204\/2024\/11\/ostrohub-1.png 833w, https:\/\/sites.uwasa.fi\/digibiogashubs\/wp-content\/blogs.dir\/4\/files\/sites\/204\/2024\/11\/ostrohub-1-300x268.png 300w, https:\/\/sites.uwasa.fi\/digibiogashubs\/wp-content\/blogs.dir\/4\/files\/sites\/204\/2024\/11\/ostrohub-1-768x687.png 768w\" sizes=\"(max-width: 447px) 100vw, 447px\" \/><figcaption id=\"caption-attachment-439\" class=\"wp-caption-text\"><em>\u00a0 \u00a0 \u00a0 \u00a0 \u00a0 \u00a0 \u00a0 \u00a0 Edited, original photo Studio Andrei<\/em><\/figcaption><\/figure>\n<h3><\/h3>\n<h3><strong>LBG, teollisuuden sek\u00e4 satama ja meriliikenteen kehitt\u00e4mist\u00e4 tukeva hub<\/strong><\/h3>\n<p>Pohjanmaan biokaasuhubissa merkitt\u00e4vin biokaasun k\u00e4ytt\u00f6potentiaali liittyy l\u00e4himerenkulkuun ja teollisuusk\u00e4ytt\u00f6\u00f6n. Kaasuk\u00e4ytt\u00f6isen autolautta Aurora Botnian k\u00e4ytt\u00f6\u00f6notto Vaasa Uumaja reitill\u00e4 avasi mittavat mahdollisuudet nesteytetylle biometaanille (LBG). My\u00f6s W\u00e4rtsil\u00e4 on ilmaissut kiinnostuksensa LBG:n k\u00e4ytt\u00f6\u00f6n omassa testaus ja koetoiminnassaan. Lis\u00e4ksi j\u00e4te energialaitos Westenergy on ollut kiinnostunut biokaasun k\u00e4yt\u00f6st\u00e4 voimalan apupolttoaineena. Nesteytetty biometaani on kest\u00e4v\u00e4 energiavaihtoehto my\u00f6s raskaaseen maantieliikenteeseen.<\/p>\n<p>LBG:n k\u00e4ytt\u00f6\u00f6notto mainituilla segmenteill\u00e4 vaatii tuntuvaa biokaasu tuotannon lis\u00e4\u00e4mist\u00e4 ja panostuksia nesteytysinfrastruktuuriin. Biokaasun tuotannon kasvattamiseksi tarvitaan uusia toimijoita, innovointia liiketoimintamalleihin ja uusia mahdollisia arvoketjuja, esimerkkein\u00e4 ravinnekierr\u00e4tyksen tehostaminen sek\u00e4 yhteisty\u00f6 vety klusterin kanssa. Biokaasun k\u00e4ytt\u00e4jien lis\u00e4ksi avainasemassa olevia toimijoita Pohjanmaalla ovat nykyiset biokaasun tuottajat Jepuan biokaasu ja Stormossen sek\u00e4 mahdolliset uudet tulevat biokaasun tuottajat. Muita avaintoimijoita ovat sy\u00f6tteiden tuottajat, teknologia toimittajat, logistiikkayhti\u00f6t ja kaasun jakeluyhti\u00f6t.<\/p>\n<p>&nbsp;<\/p>\n<h4><strong>Hubiin liittyv\u00e4t julkaisut<\/strong><\/h4>\n<p><a href=\"https:\/\/sites.uwasa.fi\/digibiogashubs\/wp-content\/blogs.dir\/4\/files\/sites\/204\/2025\/03\/TP2-Biokaasun-tuotanto-ja-kayttopotentiaali_revised-05032025.pdf\" target=\"_blank\" rel=\"noopener\">TP2 Biokaasun tuotanto- ja k\u00e4ytt\u00f6potentiaalin selvitys sek\u00e4 biokaasun tuotannon ja k\u00e4yt\u00f6n p\u00e4\u00e4st\u00f6laskenta &#8211; Pohjanmaan maakunta<\/a><\/p>\n<p><a href=\"https:\/\/sites.uwasa.fi\/digibiogashubs\/wp-content\/blogs.dir\/4\/files\/sites\/204\/2025\/01\/LBGn-tuotannon-ja-kayton-seka-biokaasun-tuotannon-sivuvirtojen-hyotykayton-teknis-taloudellinen-analyysi_Pohjanmaa.pdf\" target=\"_blank\" rel=\"noopener\">TP2 LBG:n tuotannon ja k\u00e4yt\u00f6n sek\u00e4 biokaasun tuotannon sivuvirtojen hy\u00f6tyk\u00e4yt\u00f6n teknistaloudellinen analyysi &#8211; Pohjanmaan maakunta<\/a><\/p>\n","protected":false},"excerpt":{"rendered":"<p>LBG, teollisuuden sek\u00e4 satama ja meriliikenteen kehitt\u00e4mist\u00e4 tukeva hub Pohjanmaan biokaasuhubissa merkitt\u00e4vin biokaasun k\u00e4ytt\u00f6potentiaali liittyy l\u00e4himerenkulkuun ja teollisuusk\u00e4ytt\u00f6\u00f6n. Kaasuk\u00e4ytt\u00f6isen autolautta Aurora Botnian k\u00e4ytt\u00f6\u00f6notto Vaasa Uumaja reitill\u00e4 avasi mittavat mahdollisuudet nesteytetylle biometaanille (LBG). My\u00f6s W\u00e4rtsil\u00e4 on ilmaissut kiinnostuksensa LBG:n k\u00e4ytt\u00f6\u00f6n omassa testaus ja koetoiminnassaan. Lis\u00e4ksi j\u00e4te energialaitos Westenergy on ollut kiinnostunut biokaasun k\u00e4yt\u00f6st\u00e4 voimalan apupolttoaineena. Nesteytetty [&hellip;]<\/p>\n","protected":false},"author":532,"featured_media":0,"parent":0,"menu_order":0,"comment_status":"closed","ping_status":"closed","template":"","meta":{"_acf_changed":false,"footnotes":""},"class_list":["post-442","page","type-page","status-publish","hentry"],"acf":[],"lang":"fi","translations":{"fi":442,"en":366},"pll_sync_post":[],"_links":{"self":[{"href":"https:\/\/sites.uwasa.fi\/digibiogashubs\/wp-json\/wp\/v2\/pages\/442"}],"collection":[{"href":"https:\/\/sites.uwasa.fi\/digibiogashubs\/wp-json\/wp\/v2\/pages"}],"about":[{"href":"https:\/\/sites.uwasa.fi\/digibiogashubs\/wp-json\/wp\/v2\/types\/page"}],"author":[{"embeddable":true,"href":"https:\/\/sites.uwasa.fi\/digibiogashubs\/wp-json\/wp\/v2\/users\/532"}],"replies":[{"embeddable":true,"href":"https:\/\/sites.uwasa.fi\/digibiogashubs\/wp-json\/wp\/v2\/comments?post=442"}],"version-history":[{"count":10,"href":"https:\/\/sites.uwasa.fi\/digibiogashubs\/wp-json\/wp\/v2\/pages\/442\/revisions"}],"predecessor-version":[{"id":601,"href":"https:\/\/sites.uwasa.fi\/digibiogashubs\/wp-json\/wp\/v2\/pages\/442\/revisions\/601"}],"wp:attachment":[{"href":"https:\/\/sites.uwasa.fi\/digibiogashubs\/wp-json\/wp\/v2\/media?parent=442"}],"curies":[{"name":"wp","href":"https:\/\/api.w.org\/{rel}","templated":true}]}}