{"id":380,"date":"2025-01-15T12:38:03","date_gmt":"2025-01-15T10:38:03","guid":{"rendered":"https:\/\/sites.uwasa.fi\/digibiogashubs\/?page_id=380"},"modified":"2025-10-03T11:26:22","modified_gmt":"2025-10-03T08:26:22","slug":"south-ostrobothnia-hub","status":"publish","type":"page","link":"https:\/\/sites.uwasa.fi\/digibiogashubs\/south-ostrobothnia-hub\/","title":{"rendered":"SOUTH OSTROBOTHNIA HUB"},"content":{"rendered":"<p><img loading=\"lazy\" decoding=\"async\" class=\"size-full wp-image-389 alignleft\" src=\"https:\/\/sites.uwasa.fi\/digibiogashubs\/wp-content\/blogs.dir\/4\/files\/sites\/204\/2024\/11\/dbh-line2.png\" alt=\"Green line\" width=\"2048\" height=\"8\" srcset=\"https:\/\/sites.uwasa.fi\/digibiogashubs\/wp-content\/blogs.dir\/4\/files\/sites\/204\/2024\/11\/dbh-line2.png 2048w, https:\/\/sites.uwasa.fi\/digibiogashubs\/wp-content\/blogs.dir\/4\/files\/sites\/204\/2024\/11\/dbh-line2-300x1.png 300w, https:\/\/sites.uwasa.fi\/digibiogashubs\/wp-content\/blogs.dir\/4\/files\/sites\/204\/2024\/11\/dbh-line2-1024x4.png 1024w, https:\/\/sites.uwasa.fi\/digibiogashubs\/wp-content\/blogs.dir\/4\/files\/sites\/204\/2024\/11\/dbh-line2-768x3.png 768w, https:\/\/sites.uwasa.fi\/digibiogashubs\/wp-content\/blogs.dir\/4\/files\/sites\/204\/2024\/11\/dbh-line2-1536x6.png 1536w, https:\/\/sites.uwasa.fi\/digibiogashubs\/wp-content\/blogs.dir\/4\/files\/sites\/204\/2024\/11\/dbh-line2-1680x8.png 1680w, https:\/\/sites.uwasa.fi\/digibiogashubs\/wp-content\/blogs.dir\/4\/files\/sites\/204\/2024\/11\/dbh-line2-1920x8.png 1920w\" sizes=\"(max-width: 2048px) 100vw, 2048px\" \/><\/p>\n<figure id=\"attachment_528\" aria-describedby=\"caption-attachment-528\" style=\"width: 450px\" class=\"wp-caption alignright\"><img loading=\"lazy\" decoding=\"async\" class=\"wp-image-528\" src=\"https:\/\/sites.uwasa.fi\/digibiogashubs\/wp-content\/blogs.dir\/4\/files\/sites\/204\/2025\/01\/dbh-southostrobothnia.png\" alt=\"Map of South Ostrobothnia\" width=\"450\" height=\"450\" srcset=\"https:\/\/sites.uwasa.fi\/digibiogashubs\/wp-content\/blogs.dir\/4\/files\/sites\/204\/2025\/01\/dbh-southostrobothnia.png 1778w, https:\/\/sites.uwasa.fi\/digibiogashubs\/wp-content\/blogs.dir\/4\/files\/sites\/204\/2025\/01\/dbh-southostrobothnia-300x300.png 300w, https:\/\/sites.uwasa.fi\/digibiogashubs\/wp-content\/blogs.dir\/4\/files\/sites\/204\/2025\/01\/dbh-southostrobothnia-1024x1024.png 1024w, https:\/\/sites.uwasa.fi\/digibiogashubs\/wp-content\/blogs.dir\/4\/files\/sites\/204\/2025\/01\/dbh-southostrobothnia-150x150.png 150w, https:\/\/sites.uwasa.fi\/digibiogashubs\/wp-content\/blogs.dir\/4\/files\/sites\/204\/2025\/01\/dbh-southostrobothnia-768x768.png 768w, https:\/\/sites.uwasa.fi\/digibiogashubs\/wp-content\/blogs.dir\/4\/files\/sites\/204\/2025\/01\/dbh-southostrobothnia-1536x1536.png 1536w\" sizes=\"(max-width: 450px) 100vw, 450px\" \/><figcaption id=\"caption-attachment-528\" class=\"wp-caption-text\">On the map, the circles represent the most potential areas for biogas plants in South Ostrobothnia, based on the amount of manure produced by farms (Laasasenaho et al. manuscript, 2024). Plants\/plants under construction are marked in orange, light green icons symbolize existing plants. Icons are indicative.<\/figcaption><\/figure>\n<h3><\/h3>\n<h3><strong>CBG and LBG, Food system-based hub<\/strong><\/h3>\n<p>In the South Ostrobothnia biogas hub, the most significant biogas potential is related to primary production and the food chain, such as large farms and the food industry. Nurmon Bioenergia\u2019s biogas plant will bring a large-scale liquefied biogas (LBG) production facility to the region. A regional biogas ecosystem is also planned for Kurikka, based on large cattle and pig farms. The Lakeuden Etappi biogas plant in Ilmajoki will produce biogas and land improvement sludge from biowaste and sewage sludge. In addition, there are individual farms in South Ostrobothnia with biogas production for own use, for example in Vimpeli, Karijoki and Kurikka. Agricultural enterprises in the region therefore play an important role in the sale and production of biogas, as they generate the largest amount of biomass suitable for production.<\/p>\n<p>In addition to cattle and pig farms in the region, heavy transport companies are key players, as the main potential users of biogas are heavy transport. Other potential users of biogas are the industrial plants in the region, with the food industry leading the way, following the example of Nurmon Bioenergia. There is also potential for the production of thermal energy in district heating.<\/p>\n<p>&nbsp;<\/p>\n<p><strong>The main arterial roads in the region in terms of biogas potential are:<\/strong><\/p>\n<ul>\n<li>highway 16, which runs through the region from Ylistaro to Lapua and further to Alaj\u00e4rvi<\/li>\n<li>highway 19, which runs from Jalasj\u00e4rvi in Kurikka through Sein\u00e4joki, Lapua, and Kauhava<\/li>\n<li>highway 18, which leads from \u00c4ht\u00e4ri through Alavus and Sein\u00e4joki toward Isokyr\u00f6<\/li>\n<li>highway 3, which runs from Jalasj\u00e4rvi in Kurikka toward Vaasa<\/li>\n<li>main road 66, which runs from Alavus to Lapua<\/li>\n<li>main road 67, which runs from Ilmajoki to Sein\u00e4joki<\/li>\n<\/ul>\n<p>&nbsp;<\/p>\n<p><strong>Regional cooperation enables the growth of the biogas business<\/strong><\/p>\n<p>The large-scale utilization of biogas requires a sufficiently large feedstock potential, including slurry, dry manure, and various fermentable by-products from crop farming, such as straw, different types of grass, and potato stalks, located within a reasonable distance from a potential plant.<\/p>\n<p>Increasing biogas production requires collaboration between local businesses and potential biogas producers. Companies also need a willingness to invest in and commit to biogas, for example, in truck transport. Additionally, the recycling of digestate\u2014the second end-product of biogas plants\u2014back to fields as a fertilizer for food production must be addressed. Digestate is an excellent fertilizer for crop cultivation, partly due to its soluble nitrogen content.<\/p>\n<p>For new plant investments, challenges include securing financing and ensuring functional ownership arrangements. In the region, there is potential to produce biogas from joint farm-based biogas plants (CBG\/LBG). It is not economically viable for every farm to invest in its own plant; therefore, shared facilities between a few medium- and large-scale farms could serve as an incentive for investment in the biogas business. Due to structural changes, it is becoming profitable for more farms to produce biogas and sell it to local operators. However, selling upgraded gas from agricultural enterprises is highly capital-intensive, and the revenue from the sold gas is relatively small.<\/p>\n<p>&nbsp;<\/p>\n<h4><strong>Reports linked to this hub<\/strong><\/h4>\n<p><a href=\"https:\/\/sites.uwasa.fi\/digibiogashubs\/wp-content\/blogs.dir\/4\/files\/sites\/204\/2025\/10\/Biokaasun-tuotanto-ja-kayttopotentiaalin-selvitys-seka-biokaasun-tuotannon-ja-kayton-paastojen-ja-maatalouden-ravinnetalouden-arviointia.pdf\" target=\"_blank\" rel=\"noopener\">WP2 Analysis of biogas production and use potential, and emission calculation of biogas production and use &#8211; South Ostrobothnia region<\/a> (Executive summary available in English, full text in Finnish) <em>(Report updated in October 2025)<\/em><\/p>\n<p><a href=\"https:\/\/sites.uwasa.fi\/digibiogashubs\/wp-content\/blogs.dir\/4\/files\/sites\/204\/2025\/01\/DBH_Biokaasun-ja-CBGn-tuotannon-teknis-taloudellinen-raportti_E-P.pdf\" target=\"_blank\" rel=\"noopener\">WP2 Techno-economic analysis of biogas and CBG production &#8211; farm scale and medium scale co-digester modelling &#8211; South Ostrobothnia region<\/a> (Executive summary available in English, full text in Finnish)<\/p>\n","protected":false},"excerpt":{"rendered":"<p>CBG and LBG, Food system-based hub In the South Ostrobothnia biogas hub, the most significant biogas potential is related to primary production and the food chain, such as large farms and the food industry. Nurmon Bioenergia\u2019s biogas plant will bring a large-scale liquefied biogas (LBG) production facility to the region. A regional biogas ecosystem is [&hellip;]<\/p>\n","protected":false},"author":532,"featured_media":0,"parent":0,"menu_order":0,"comment_status":"closed","ping_status":"closed","template":"","meta":{"_acf_changed":false,"footnotes":""},"class_list":["post-380","page","type-page","status-publish","hentry"],"acf":[],"lang":"en","translations":{"en":380,"fi":431},"pll_sync_post":[],"_links":{"self":[{"href":"https:\/\/sites.uwasa.fi\/digibiogashubs\/wp-json\/wp\/v2\/pages\/380"}],"collection":[{"href":"https:\/\/sites.uwasa.fi\/digibiogashubs\/wp-json\/wp\/v2\/pages"}],"about":[{"href":"https:\/\/sites.uwasa.fi\/digibiogashubs\/wp-json\/wp\/v2\/types\/page"}],"author":[{"embeddable":true,"href":"https:\/\/sites.uwasa.fi\/digibiogashubs\/wp-json\/wp\/v2\/users\/532"}],"replies":[{"embeddable":true,"href":"https:\/\/sites.uwasa.fi\/digibiogashubs\/wp-json\/wp\/v2\/comments?post=380"}],"version-history":[{"count":30,"href":"https:\/\/sites.uwasa.fi\/digibiogashubs\/wp-json\/wp\/v2\/pages\/380\/revisions"}],"predecessor-version":[{"id":653,"href":"https:\/\/sites.uwasa.fi\/digibiogashubs\/wp-json\/wp\/v2\/pages\/380\/revisions\/653"}],"wp:attachment":[{"href":"https:\/\/sites.uwasa.fi\/digibiogashubs\/wp-json\/wp\/v2\/media?parent=380"}],"curies":[{"name":"wp","href":"https:\/\/api.w.org\/{rel}","templated":true}]}}