{"id":366,"date":"2025-01-15T12:41:24","date_gmt":"2025-01-15T10:41:24","guid":{"rendered":"https:\/\/sites.uwasa.fi\/digibiogashubs\/?page_id=366"},"modified":"2025-03-06T14:45:10","modified_gmt":"2025-03-06T12:45:10","slug":"ostrobothnia-hub","status":"publish","type":"page","link":"https:\/\/sites.uwasa.fi\/digibiogashubs\/ostrobothnia-hub\/","title":{"rendered":"OSTROBOTHNIA HUB"},"content":{"rendered":"<p><img loading=\"lazy\" decoding=\"async\" class=\"size-full wp-image-389 alignleft\" src=\"https:\/\/sites.uwasa.fi\/digibiogashubs\/wp-content\/blogs.dir\/4\/files\/sites\/204\/2024\/11\/dbh-line2.png\" alt=\"Green line\" width=\"2048\" height=\"8\" srcset=\"https:\/\/sites.uwasa.fi\/digibiogashubs\/wp-content\/blogs.dir\/4\/files\/sites\/204\/2024\/11\/dbh-line2.png 2048w, https:\/\/sites.uwasa.fi\/digibiogashubs\/wp-content\/blogs.dir\/4\/files\/sites\/204\/2024\/11\/dbh-line2-300x1.png 300w, https:\/\/sites.uwasa.fi\/digibiogashubs\/wp-content\/blogs.dir\/4\/files\/sites\/204\/2024\/11\/dbh-line2-1024x4.png 1024w, https:\/\/sites.uwasa.fi\/digibiogashubs\/wp-content\/blogs.dir\/4\/files\/sites\/204\/2024\/11\/dbh-line2-768x3.png 768w, https:\/\/sites.uwasa.fi\/digibiogashubs\/wp-content\/blogs.dir\/4\/files\/sites\/204\/2024\/11\/dbh-line2-1536x6.png 1536w, https:\/\/sites.uwasa.fi\/digibiogashubs\/wp-content\/blogs.dir\/4\/files\/sites\/204\/2024\/11\/dbh-line2-1680x8.png 1680w, https:\/\/sites.uwasa.fi\/digibiogashubs\/wp-content\/blogs.dir\/4\/files\/sites\/204\/2024\/11\/dbh-line2-1920x8.png 1920w\" sizes=\"(max-width: 2048px) 100vw, 2048px\" \/><\/p>\n<figure id=\"attachment_439\" aria-describedby=\"caption-attachment-439\" style=\"width: 447px\" class=\"wp-caption alignright\"><img loading=\"lazy\" decoding=\"async\" class=\"wp-image-439\" src=\"https:\/\/sites.uwasa.fi\/digibiogashubs\/wp-content\/blogs.dir\/4\/files\/sites\/204\/2024\/11\/ostrohub-1.png\" alt=\"Map of Ostrobothnia\" width=\"447\" height=\"400\" srcset=\"https:\/\/sites.uwasa.fi\/digibiogashubs\/wp-content\/blogs.dir\/4\/files\/sites\/204\/2024\/11\/ostrohub-1.png 833w, https:\/\/sites.uwasa.fi\/digibiogashubs\/wp-content\/blogs.dir\/4\/files\/sites\/204\/2024\/11\/ostrohub-1-300x268.png 300w, https:\/\/sites.uwasa.fi\/digibiogashubs\/wp-content\/blogs.dir\/4\/files\/sites\/204\/2024\/11\/ostrohub-1-768x687.png 768w\" sizes=\"(max-width: 447px) 100vw, 447px\" \/><figcaption id=\"caption-attachment-439\" class=\"wp-caption-text\"><em>\u00a0 \u00a0 \u00a0 \u00a0 \u00a0 \u00a0 \u00a0 \u00a0 Muokattu, alkuper\u00e4inen kuva Studio Andrei<\/em><\/figcaption><\/figure>\n<h3><\/h3>\n<h3><strong>LBG, a hub supporting the development of industry, port, and maritime transport<\/strong><\/h3>\n<p>In Ostrobothnia&#8217;s biogas hub, the most significant biogas use potential relates to short sea shipping and industrial use. The deployment of the gas powered ferry Aurora Botnia on the Vaasa Ume\u00e5 route opened up enormous opportunities for liquefied biomethane (LBG). W\u00e4rtsil\u00e4 has also expressed interest in using LBG in its testing and piloting activities. The waste to energy plant Westenergy has also been interested in using biogas as auxiliary fuel for the power plant. Liquefied biomethane is a sustainable energy alternative even for heavy road traffic.<\/p>\n<p>Introducing LBG in the mentioned segments requires a significant increase in biogas production and investments in the liquefaction infrastructure. To increase biogas production in the area, new actors, innovations in business models, and new possible value chains are needed, such as advanced nutrient recycling and cooperation with the hydrogen cluster. In addition to biogas users, key actors in Ostrobothnia biogashub are the current biogas producers Jeppo Biogas and Stormossen , and potential new biogas producers in the future. Other key players are feedstock producers, technology suppliers, logistics, and gas distribution companies.<\/p>\n<p>&nbsp;<\/p>\n<h4><strong>Reports linked to this hub<\/strong><\/h4>\n<p><a href=\"https:\/\/sites.uwasa.fi\/digibiogashubs\/wp-content\/blogs.dir\/4\/files\/sites\/204\/2025\/03\/TP2-Biokaasun-tuotanto-ja-kayttopotentiaali_revised-05032025.pdf\" target=\"_blank\" rel=\"noopener\">WP2 Analysis of biogas production and use potential, and emission calculation of biogas production and use &#8211; Ostrobothnia region<\/a> (Executive summary available in English, full text in Finnish)<\/p>\n<p><a href=\"https:\/\/sites.uwasa.fi\/digibiogashubs\/wp-content\/blogs.dir\/4\/files\/sites\/204\/2025\/01\/LBGn-tuotannon-ja-kayton-seka-biokaasun-tuotannon-sivuvirtojen-hyotykayton-teknis-taloudellinen-analyysi_Pohjanmaa.pdf\" target=\"_blank\" rel=\"noopener\">WP2 Techno-economic analysis of the production and use of LBG and the utilisation of biogas by-products &#8211; Ostrobothnia region<\/a>\u00a0(Executive summary available in English, full text in Finnish)<\/p>\n","protected":false},"excerpt":{"rendered":"<p>LBG, a hub supporting the development of industry, port, and maritime transport In Ostrobothnia&#8217;s biogas hub, the most significant biogas use potential relates to short sea shipping and industrial use. The deployment of the gas powered ferry Aurora Botnia on the Vaasa Ume\u00e5 route opened up enormous opportunities for liquefied biomethane (LBG). W\u00e4rtsil\u00e4 has also [&hellip;]<\/p>\n","protected":false},"author":532,"featured_media":0,"parent":0,"menu_order":0,"comment_status":"closed","ping_status":"closed","template":"","meta":{"_acf_changed":false,"footnotes":""},"class_list":["post-366","page","type-page","status-publish","hentry"],"acf":[],"lang":"en","translations":{"en":366,"fi":442},"pll_sync_post":[],"_links":{"self":[{"href":"https:\/\/sites.uwasa.fi\/digibiogashubs\/wp-json\/wp\/v2\/pages\/366"}],"collection":[{"href":"https:\/\/sites.uwasa.fi\/digibiogashubs\/wp-json\/wp\/v2\/pages"}],"about":[{"href":"https:\/\/sites.uwasa.fi\/digibiogashubs\/wp-json\/wp\/v2\/types\/page"}],"author":[{"embeddable":true,"href":"https:\/\/sites.uwasa.fi\/digibiogashubs\/wp-json\/wp\/v2\/users\/532"}],"replies":[{"embeddable":true,"href":"https:\/\/sites.uwasa.fi\/digibiogashubs\/wp-json\/wp\/v2\/comments?post=366"}],"version-history":[{"count":20,"href":"https:\/\/sites.uwasa.fi\/digibiogashubs\/wp-json\/wp\/v2\/pages\/366\/revisions"}],"predecessor-version":[{"id":604,"href":"https:\/\/sites.uwasa.fi\/digibiogashubs\/wp-json\/wp\/v2\/pages\/366\/revisions\/604"}],"wp:attachment":[{"href":"https:\/\/sites.uwasa.fi\/digibiogashubs\/wp-json\/wp\/v2\/media?parent=366"}],"curies":[{"name":"wp","href":"https:\/\/api.w.org\/{rel}","templated":true}]}}