{"id":309,"date":"2024-04-10T12:43:37","date_gmt":"2024-04-10T09:43:37","guid":{"rendered":"https:\/\/sites.uwasa.fi\/digibiogashubs\/?page_id=309"},"modified":"2025-11-28T12:24:15","modified_gmt":"2025-11-28T10:24:15","slug":"tp6","status":"publish","type":"page","link":"https:\/\/sites.uwasa.fi\/digibiogashubs\/fi\/tp6\/","title":{"rendered":"TY\u00d6PAKETTI 6"},"content":{"rendered":"<p><img loading=\"lazy\" decoding=\"async\" class=\"alignleft size-full wp-image-389\" src=\"https:\/\/sites.uwasa.fi\/digibiogashubs\/wp-content\/blogs.dir\/4\/files\/sites\/204\/2024\/11\/dbh-line2.png\" alt=\"Green line\" width=\"2048\" height=\"8\" srcset=\"https:\/\/sites.uwasa.fi\/digibiogashubs\/wp-content\/blogs.dir\/4\/files\/sites\/204\/2024\/11\/dbh-line2.png 2048w, https:\/\/sites.uwasa.fi\/digibiogashubs\/wp-content\/blogs.dir\/4\/files\/sites\/204\/2024\/11\/dbh-line2-300x1.png 300w, https:\/\/sites.uwasa.fi\/digibiogashubs\/wp-content\/blogs.dir\/4\/files\/sites\/204\/2024\/11\/dbh-line2-1024x4.png 1024w, https:\/\/sites.uwasa.fi\/digibiogashubs\/wp-content\/blogs.dir\/4\/files\/sites\/204\/2024\/11\/dbh-line2-768x3.png 768w, https:\/\/sites.uwasa.fi\/digibiogashubs\/wp-content\/blogs.dir\/4\/files\/sites\/204\/2024\/11\/dbh-line2-1536x6.png 1536w, https:\/\/sites.uwasa.fi\/digibiogashubs\/wp-content\/blogs.dir\/4\/files\/sites\/204\/2024\/11\/dbh-line2-1680x8.png 1680w, https:\/\/sites.uwasa.fi\/digibiogashubs\/wp-content\/blogs.dir\/4\/files\/sites\/204\/2024\/11\/dbh-line2-1920x8.png 1920w\" sizes=\"(max-width: 2048px) 100vw, 2048px\" \/><\/p>\n<h3><strong>TP6 Hankeviestint\u00e4, disseminaatio ja eksploitaatio<\/strong><\/h3>\n<p>TP6 on Vaasan yliopiston johtama ty\u00f6paketti, joka keskittyy hankeviestint\u00e4\u00e4n sek\u00e4 disseminaatioon eli tulosten levitt\u00e4miseen ja jalkauttamiseen. Sen tavoitteena on tuoda hankkeessa tehty ty\u00f6 ja sen merkitys n\u00e4kyv\u00e4ksi. Ty\u00f6paketti k\u00e4ynnistyi heti hankkeen alussa ja se alkoi disseminaatiosuunnitelman laatimisella, jossa m\u00e4\u00e4riteltiin muun muassa hankkeen kohderyhm\u00e4t, viestint\u00e4keinot ja -kanavat. Ensimm\u00e4isen projektivuoden aikana on lis\u00e4ksi muun muassa suunniteltu hankkeen visuaalinen ilme, luotu hankkeelle nettisivut ja perustettu LinkedIn-tili, jota p\u00e4ivitet\u00e4\u00e4n aktiivisesti. Hankkeen lopussa ty\u00f6paketti on vastuussa verkossa avoimesti julkaistavan ja sidosryhmille jaettavan yhteisraportin laatimisesta, joka tiivist\u00e4\u00e4 hankkeen keskeiset tulokset.<\/p>\n<h4><img loading=\"lazy\" decoding=\"async\" class=\"alignleft size-full wp-image-389\" src=\"https:\/\/sites.uwasa.fi\/digibiogashubs\/wp-content\/blogs.dir\/4\/files\/sites\/204\/2024\/11\/dbh-line2.png\" alt=\"Green line\" width=\"2048\" height=\"8\" srcset=\"https:\/\/sites.uwasa.fi\/digibiogashubs\/wp-content\/blogs.dir\/4\/files\/sites\/204\/2024\/11\/dbh-line2.png 2048w, https:\/\/sites.uwasa.fi\/digibiogashubs\/wp-content\/blogs.dir\/4\/files\/sites\/204\/2024\/11\/dbh-line2-300x1.png 300w, https:\/\/sites.uwasa.fi\/digibiogashubs\/wp-content\/blogs.dir\/4\/files\/sites\/204\/2024\/11\/dbh-line2-1024x4.png 1024w, https:\/\/sites.uwasa.fi\/digibiogashubs\/wp-content\/blogs.dir\/4\/files\/sites\/204\/2024\/11\/dbh-line2-768x3.png 768w, https:\/\/sites.uwasa.fi\/digibiogashubs\/wp-content\/blogs.dir\/4\/files\/sites\/204\/2024\/11\/dbh-line2-1536x6.png 1536w, https:\/\/sites.uwasa.fi\/digibiogashubs\/wp-content\/blogs.dir\/4\/files\/sites\/204\/2024\/11\/dbh-line2-1680x8.png 1680w, https:\/\/sites.uwasa.fi\/digibiogashubs\/wp-content\/blogs.dir\/4\/files\/sites\/204\/2024\/11\/dbh-line2-1920x8.png 1920w\" sizes=\"(max-width: 2048px) 100vw, 2048px\" \/><\/h4>\n<h4><strong>Ty\u00f6paketin 6 julkaisut<\/strong><\/h4>\n<p><a href=\"https:\/\/doi.org\/10.5281\/zenodo.17736775\" target=\"_blank\" rel=\"noopener\">TP6 Biokaasun digiloikka: DigiBiogasHubs-hankkeen keskeiset tulokset<\/a><\/p>\n","protected":false},"excerpt":{"rendered":"<p>TP6 Hankeviestint\u00e4, disseminaatio ja eksploitaatio TP6 on Vaasan yliopiston johtama ty\u00f6paketti, joka keskittyy hankeviestint\u00e4\u00e4n sek\u00e4 disseminaatioon eli tulosten levitt\u00e4miseen ja jalkauttamiseen. Sen tavoitteena on tuoda hankkeessa tehty ty\u00f6 ja sen merkitys n\u00e4kyv\u00e4ksi. Ty\u00f6paketti k\u00e4ynnistyi heti hankkeen alussa ja se alkoi disseminaatiosuunnitelman laatimisella, jossa m\u00e4\u00e4riteltiin muun muassa hankkeen kohderyhm\u00e4t, viestint\u00e4keinot ja -kanavat. Ensimm\u00e4isen projektivuoden aikana on [&hellip;]<\/p>\n","protected":false},"author":532,"featured_media":0,"parent":0,"menu_order":0,"comment_status":"closed","ping_status":"closed","template":"","meta":{"_acf_changed":false,"footnotes":""},"class_list":["post-309","page","type-page","status-publish","hentry"],"acf":[],"lang":"fi","translations":{"fi":309,"en":111},"pll_sync_post":[],"_links":{"self":[{"href":"https:\/\/sites.uwasa.fi\/digibiogashubs\/wp-json\/wp\/v2\/pages\/309"}],"collection":[{"href":"https:\/\/sites.uwasa.fi\/digibiogashubs\/wp-json\/wp\/v2\/pages"}],"about":[{"href":"https:\/\/sites.uwasa.fi\/digibiogashubs\/wp-json\/wp\/v2\/types\/page"}],"author":[{"embeddable":true,"href":"https:\/\/sites.uwasa.fi\/digibiogashubs\/wp-json\/wp\/v2\/users\/532"}],"replies":[{"embeddable":true,"href":"https:\/\/sites.uwasa.fi\/digibiogashubs\/wp-json\/wp\/v2\/comments?post=309"}],"version-history":[{"count":10,"href":"https:\/\/sites.uwasa.fi\/digibiogashubs\/wp-json\/wp\/v2\/pages\/309\/revisions"}],"predecessor-version":[{"id":674,"href":"https:\/\/sites.uwasa.fi\/digibiogashubs\/wp-json\/wp\/v2\/pages\/309\/revisions\/674"}],"wp:attachment":[{"href":"https:\/\/sites.uwasa.fi\/digibiogashubs\/wp-json\/wp\/v2\/media?parent=309"}],"curies":[{"name":"wp","href":"https:\/\/api.w.org\/{rel}","templated":true}]}}