{"id":27,"date":"2024-03-01T14:28:34","date_gmt":"2024-03-01T12:28:34","guid":{"rendered":"https:\/\/sites.uwasa.fi\/digibiogashubs\/?page_id=27"},"modified":"2026-03-05T16:27:30","modified_gmt":"2026-03-05T14:27:30","slug":"publications","status":"publish","type":"page","link":"https:\/\/sites.uwasa.fi\/digibiogashubs\/publications\/","title":{"rendered":"NEWS AND PUBLICATIONS"},"content":{"rendered":"<p><img loading=\"lazy\" decoding=\"async\" class=\"alignleft size-full wp-image-389\" src=\"https:\/\/sites.uwasa.fi\/digibiogashubs\/wp-content\/blogs.dir\/4\/files\/sites\/204\/2024\/11\/dbh-line2.png\" alt=\"Green line\" width=\"2048\" height=\"8\" srcset=\"https:\/\/sites.uwasa.fi\/digibiogashubs\/wp-content\/blogs.dir\/4\/files\/sites\/204\/2024\/11\/dbh-line2.png 2048w, https:\/\/sites.uwasa.fi\/digibiogashubs\/wp-content\/blogs.dir\/4\/files\/sites\/204\/2024\/11\/dbh-line2-300x1.png 300w, https:\/\/sites.uwasa.fi\/digibiogashubs\/wp-content\/blogs.dir\/4\/files\/sites\/204\/2024\/11\/dbh-line2-1024x4.png 1024w, https:\/\/sites.uwasa.fi\/digibiogashubs\/wp-content\/blogs.dir\/4\/files\/sites\/204\/2024\/11\/dbh-line2-768x3.png 768w, https:\/\/sites.uwasa.fi\/digibiogashubs\/wp-content\/blogs.dir\/4\/files\/sites\/204\/2024\/11\/dbh-line2-1536x6.png 1536w, https:\/\/sites.uwasa.fi\/digibiogashubs\/wp-content\/blogs.dir\/4\/files\/sites\/204\/2024\/11\/dbh-line2-1680x8.png 1680w, https:\/\/sites.uwasa.fi\/digibiogashubs\/wp-content\/blogs.dir\/4\/files\/sites\/204\/2024\/11\/dbh-line2-1920x8.png 1920w\" sizes=\"(max-width: 2048px) 100vw, 2048px\" \/><\/p>\n<h4>NEWS<\/h4>\n<p><em>News, articles, blog texts and other media appearances related to the project are listed here from newest to oldest.<\/em><\/p>\n<p><strong>Podcast-episode:<\/strong> <a href=\"https:\/\/www.uwasa.fi\/fi\/uutishuone\/uutiset\/biokaasu-avain-vihreaan-siirtymaan\" target=\"_blank\" rel=\"noopener\"><span class=\"field field--name-title field--type-string field--label-hidden\">Biokaasu: avain vihre\u00e4\u00e4n siirtym\u00e4\u00e4n?<\/span><\/a> (Only available in Finnish)<\/p>\n<p><strong>Third press release:<\/strong> <a href=\"https:\/\/www.uwasa.fi\/en\/newshub\/news\/new-digital-platform-and-process-model-advance-biogas-sector-regions-ostrobothnia\" target=\"_blank\" rel=\"noopener\">New digital platform and process model advance biogas sector in the regions of Ostrobothnia<\/a><\/p>\n<p><strong>Yle (11.7.2025): <\/strong><a href=\"https:\/\/yle.fi\/a\/74-20170691\" target=\"_blank\" rel=\"noopener\">Biokaasu vauhdittaa vihre\u00e4\u00e4 siirtym\u00e4\u00e4 pohjalaismaakunnissa \u2013 uusi digitaalinen alusta yhdist\u00e4\u00e4 alan toimijat<\/a> (Text only in Finnish)<\/p>\n<p><strong>Second press release: <\/strong><a href=\"https:\/\/www.uwasa.fi\/en\/newshub\/news\/biogas-accelerates-green-transition-ostrobothnian-regions-new-digital-platform\" target=\"_blank\" rel=\"noopener\"><span class=\"field field--name-title field--type-string field--label-hidden\">Biogas accelerates the green transition in the Ostrobothnian regions \u2013 a new digital platform connects operators<\/span><\/a><\/p>\n<p><strong>Biokierto &amp; Biokaasu -lehti: <\/strong><a href=\"https:\/\/indd.adobe.com\/view\/85270467-2980-451b-a562-b2008b6d46db\" target=\"_blank\" rel=\"noopener\">Biometaani tarjoaa kasvumahdollisuuksia lakeuksilla<\/a> (Text only in Finnish)<\/p>\n<p><strong>Bioenergialehti: <\/strong><a href=\"https:\/\/bioenergialehti.fi\/2025\/02\/26\/biokaasun-tuotanto-voidaan-moninkertaistaa-pohjalaismaakunnissa\/\" target=\"_blank\" rel=\"noopener\">Biokaasun tuotanto voidaan moninkertaistaa Pohjalaismaakunnissa<\/a> (Text only in Finnish)<\/p>\n<p><strong>SEAMK-lehti:<\/strong>\u00a0<a href=\"https:\/\/lehti.seamk.fi\/verkkolehti\/peltobiomassojen-piileva-potentiaali-esiin-digitaalisen-alustan-avulla\/\" target=\"_blank\" rel=\"noopener\">Peltobiomassojen piilev\u00e4 potentiaali esiin digitaalisen alustan avulla<\/a>\u00a0(Text only in Finnish)<\/p>\n<p><strong>Yle (4.3.2024):<\/strong> <a href=\"https:\/\/yle.fi\/a\/74-20076055\" target=\"_blank\" rel=\"noopener\">Digitaalinen verkkoalusta tuo biokaasutoimijat yhteen Pohjanmaan maakunnissa<\/a> (Text only in Finnish)<\/p>\n<p><strong>First press release:<\/strong> <a href=\"https:\/\/www.uwasa.fi\/en\/newshub\/news\/digital-platform-brings-together-biogas-operators-ostrobothnian-regions\" target=\"_blank\" rel=\"noopener\"><span class=\"field field--name-title field--type-string field--label-hidden\">Digital platform brings together biogas operators in the Ostrobothnian regions<\/span><\/a><\/p>\n<p><img loading=\"lazy\" decoding=\"async\" class=\"alignleft size-full wp-image-389\" src=\"https:\/\/sites.uwasa.fi\/digibiogashubs\/wp-content\/blogs.dir\/4\/files\/sites\/204\/2024\/11\/dbh-line2.png\" alt=\"Green line\" width=\"2048\" height=\"8\" srcset=\"https:\/\/sites.uwasa.fi\/digibiogashubs\/wp-content\/blogs.dir\/4\/files\/sites\/204\/2024\/11\/dbh-line2.png 2048w, https:\/\/sites.uwasa.fi\/digibiogashubs\/wp-content\/blogs.dir\/4\/files\/sites\/204\/2024\/11\/dbh-line2-300x1.png 300w, https:\/\/sites.uwasa.fi\/digibiogashubs\/wp-content\/blogs.dir\/4\/files\/sites\/204\/2024\/11\/dbh-line2-1024x4.png 1024w, https:\/\/sites.uwasa.fi\/digibiogashubs\/wp-content\/blogs.dir\/4\/files\/sites\/204\/2024\/11\/dbh-line2-768x3.png 768w, https:\/\/sites.uwasa.fi\/digibiogashubs\/wp-content\/blogs.dir\/4\/files\/sites\/204\/2024\/11\/dbh-line2-1536x6.png 1536w, https:\/\/sites.uwasa.fi\/digibiogashubs\/wp-content\/blogs.dir\/4\/files\/sites\/204\/2024\/11\/dbh-line2-1680x8.png 1680w, https:\/\/sites.uwasa.fi\/digibiogashubs\/wp-content\/blogs.dir\/4\/files\/sites\/204\/2024\/11\/dbh-line2-1920x8.png 1920w\" sizes=\"(max-width: 2048px) 100vw, 2048px\" \/><\/p>\n<h4>PUBLICATIONS<\/h4>\n<p><em>Publications related to the project are listed here.<\/em><\/p>\n<p><a href=\"https:\/\/sites.uwasa.fi\/digibiogashubs\/wp-content\/blogs.dir\/4\/files\/sites\/204\/2025\/03\/DBH-REPORT-WP1-030325.pdf\" target=\"_blank\" rel=\"noopener\">WP1 Development of the platform ecosystem&#8217;s cooperation model and description of platform services<\/a><\/p>\n<p><a href=\"https:\/\/sites.uwasa.fi\/digibiogashubs\/wp-content\/blogs.dir\/4\/files\/sites\/204\/2025\/03\/TP2-Biokaasun-tuotanto-ja-kayttopotentiaali_revised-05032025.pdf\" target=\"_blank\" rel=\"noopener\">WP2 Analysis of biogas production and use potential, and emission calculation of biogas production and use &#8211; Ostrobothnia region<\/a> (Executive summary available in English, full text in Finnish)<\/p>\n<p><a href=\"https:\/\/sites.uwasa.fi\/digibiogashubs\/wp-content\/blogs.dir\/4\/files\/sites\/204\/2025\/01\/LBGn-tuotannon-ja-kayton-seka-biokaasun-tuotannon-sivuvirtojen-hyotykayton-teknis-taloudellinen-analyysi_Pohjanmaa.pdf\" target=\"_blank\" rel=\"noopener\">WP2 Techno-economic analysis of the production and use of LBG and the utilisation of biogas by-products &#8211; Ostrobothnia region<\/a>\u00a0(Executive summary available in English, full text in Finnish)<\/p>\n<p><a href=\"https:\/\/sites.uwasa.fi\/digibiogashubs\/wp-content\/blogs.dir\/4\/files\/sites\/204\/2024\/11\/DigiBiogasHubs-report-Central-ostrobothnia-part1.pdf\">WP2 Analysis of biogas production and use potential, and emission calculation of biogas production and use &#8211; Central Ostrobothnia region<\/a>\u00a0(Executive summary available in English, full text in Finnish)<\/p>\n<p><a href=\"https:\/\/sites.uwasa.fi\/digibiogashubs\/wp-content\/blogs.dir\/4\/files\/sites\/204\/2025\/01\/DBH_CBGn-tuotannon-ja-kayton-seka-biokaasun-tuotannon-sivuvirtojen-hyotykayton-teknistaloudellinen-analyysi_K-P.pdf\" target=\"_blank\" rel=\"noopener\">WP2 Techno-economic analysis of the production and use of CBG and the utilisation of biogas by-products &#8211; Central Ostrobothnia region<\/a> (Executive summary available in English, full text in Finnish)<\/p>\n<p><a href=\"https:\/\/sites.uwasa.fi\/digibiogashubs\/wp-content\/blogs.dir\/4\/files\/sites\/204\/2025\/10\/Biokaasun-tuotanto-ja-kayttopotentiaalin-selvitys-seka-biokaasun-tuotannon-ja-kayton-paastojen-ja-maatalouden-ravinnetalouden-arviointia.pdf\" target=\"_blank\" rel=\"noopener\">WP2 Analysis of biogas production and use potential, and emission calculation of biogas production and use &#8211; South Ostrobothnia region<\/a> (Executive summary available in English, full text in Finnish) <em>(Report updated in October 2025)<\/em><\/p>\n<p><a href=\"https:\/\/sites.uwasa.fi\/digibiogashubs\/wp-content\/blogs.dir\/4\/files\/sites\/204\/2025\/01\/DBH_Biokaasun-ja-CBGn-tuotannon-teknis-taloudellinen-raportti_E-P.pdf\" target=\"_blank\" rel=\"noopener\">WP2 Techno-economic analysis of biogas and CBG production &#8211; farm scale and medium scale co-digester modelling &#8211; South Ostrobothnia region<\/a> (Executive summary available in English, full text in Finnish)<\/p>\n<p><a href=\"https:\/\/www.theseus.fi\/handle\/10024\/896222\" target=\"_blank\" rel=\"noopener\">WP2 Synergies of biogas clusters: Key results of hub-specific analyses and added value for regional actors from cross-border cooperation<\/a> (Executive summary available in English, full text in Finnish)<\/p>\n<p><a href=\"https:\/\/www.theseus.fi\/handle\/10024\/899340\" target=\"_blank\" rel=\"noopener\">WP2 Process model for developing biogas hubs<\/a> (Text available in Finnish)<\/p>\n<p><a href=\"https:\/\/sites.uwasa.fi\/digibiogashubs\/wp-content\/blogs.dir\/4\/files\/sites\/204\/2025\/11\/Suunnitelma-digitaalisen-yhteistyoalustan-konseptista-.pdf\" target=\"_blank\" rel=\"noopener\">WP3 Plan for the concept of a digital collaboration platform<\/a> (Text available in Finnish)<\/p>\n<p><a href=\"https:\/\/sites.uwasa.fi\/digibiogashubs\/wp-content\/blogs.dir\/4\/files\/sites\/204\/2025\/11\/\u200bDigitaalisen-yhteistyoalustan-kehitys-ja-pilotointi.pdf\" target=\"_blank\" rel=\"noopener\">WP4 Development and piloting of a digital collaboration platform<\/a> (Text available in Finnish)<\/p>\n<p><a href=\"https:\/\/centriauniversityofappliedsciences.github.io\/DigiBioGasHub\/docs\/\" target=\"_blank\" rel=\"noopener\">WP4 DigiBiogasHubs platform documentation<\/a><\/p>\n<p><a href=\"https:\/\/github.com\/CentriaUniversityOfAppliedSciences\/DigiBioGasHub\" target=\"_blank\" rel=\"noopener\">WP4 DigiBiogasHubs platform source code<\/a><\/p>\n<p><a href=\"https:\/\/sites.uwasa.fi\/digibiogashubs\/wp-content\/blogs.dir\/4\/files\/sites\/204\/2025\/02\/DigiBiogasHubs-hankkeen-toiminnan-oikeudellinen-kehikko.pdf\" target=\"_blank\" rel=\"noopener\">WP5 Legal framework for the DigiBiogasHubs-project<\/a> (Text available in Finnish)<\/p>\n<p><a href=\"https:\/\/sites.uwasa.fi\/digibiogashubs\/wp-content\/blogs.dir\/4\/files\/sites\/204\/2025\/08\/DBH-politiikkakatsaus_WP5.pdf\" target=\"_blank\" rel=\"noopener\">WP5 Policy review<\/a> (Text available in Finnish)<\/p>\n<p><a href=\"https:\/\/doi.org\/10.5281\/zenodo.17736775\" target=\"_blank\" rel=\"noopener\">WP6 The digital leap in biogas: Key results of the DigiBiogasHubs project<\/a> (Text available in Finnish)<\/p>\n","protected":false},"excerpt":{"rendered":"<p>NEWS News, articles, blog texts and other media appearances related to the project are listed here from newest to oldest. Podcast-episode: Biokaasu: avain vihre\u00e4\u00e4n siirtym\u00e4\u00e4n? (Only available in Finnish) Third press release: New digital platform and process model advance biogas sector in the regions of Ostrobothnia Yle (11.7.2025): Biokaasu vauhdittaa vihre\u00e4\u00e4 siirtym\u00e4\u00e4 pohjalaismaakunnissa \u2013 uusi [&hellip;]<\/p>\n","protected":false},"author":532,"featured_media":0,"parent":0,"menu_order":0,"comment_status":"closed","ping_status":"closed","template":"","meta":{"_acf_changed":false,"footnotes":""},"class_list":["post-27","page","type-page","status-publish","hentry"],"acf":[],"lang":"en","translations":{"en":27,"fi":234},"pll_sync_post":[],"_links":{"self":[{"href":"https:\/\/sites.uwasa.fi\/digibiogashubs\/wp-json\/wp\/v2\/pages\/27"}],"collection":[{"href":"https:\/\/sites.uwasa.fi\/digibiogashubs\/wp-json\/wp\/v2\/pages"}],"about":[{"href":"https:\/\/sites.uwasa.fi\/digibiogashubs\/wp-json\/wp\/v2\/types\/page"}],"author":[{"embeddable":true,"href":"https:\/\/sites.uwasa.fi\/digibiogashubs\/wp-json\/wp\/v2\/users\/532"}],"replies":[{"embeddable":true,"href":"https:\/\/sites.uwasa.fi\/digibiogashubs\/wp-json\/wp\/v2\/comments?post=27"}],"version-history":[{"count":37,"href":"https:\/\/sites.uwasa.fi\/digibiogashubs\/wp-json\/wp\/v2\/pages\/27\/revisions"}],"predecessor-version":[{"id":683,"href":"https:\/\/sites.uwasa.fi\/digibiogashubs\/wp-json\/wp\/v2\/pages\/27\/revisions\/683"}],"wp:attachment":[{"href":"https:\/\/sites.uwasa.fi\/digibiogashubs\/wp-json\/wp\/v2\/media?parent=27"}],"curies":[{"name":"wp","href":"https:\/\/api.w.org\/{rel}","templated":true}]}}