{"id":246,"date":"2024-04-09T16:03:02","date_gmt":"2024-04-09T13:03:02","guid":{"rendered":"https:\/\/sites.uwasa.fi\/digibiogashubs\/?page_id=246"},"modified":"2025-08-18T11:57:24","modified_gmt":"2025-08-18T08:57:24","slug":"tp5","status":"publish","type":"page","link":"https:\/\/sites.uwasa.fi\/digibiogashubs\/fi\/tp5\/","title":{"rendered":"TY\u00d6PAKETTI 5"},"content":{"rendered":"<p><img loading=\"lazy\" decoding=\"async\" class=\"alignleft size-full wp-image-389\" src=\"https:\/\/sites.uwasa.fi\/digibiogashubs\/wp-content\/blogs.dir\/4\/files\/sites\/204\/2024\/11\/dbh-line2.png\" alt=\"Green line\" width=\"2048\" height=\"8\" srcset=\"https:\/\/sites.uwasa.fi\/digibiogashubs\/wp-content\/blogs.dir\/4\/files\/sites\/204\/2024\/11\/dbh-line2.png 2048w, https:\/\/sites.uwasa.fi\/digibiogashubs\/wp-content\/blogs.dir\/4\/files\/sites\/204\/2024\/11\/dbh-line2-300x1.png 300w, https:\/\/sites.uwasa.fi\/digibiogashubs\/wp-content\/blogs.dir\/4\/files\/sites\/204\/2024\/11\/dbh-line2-1024x4.png 1024w, https:\/\/sites.uwasa.fi\/digibiogashubs\/wp-content\/blogs.dir\/4\/files\/sites\/204\/2024\/11\/dbh-line2-768x3.png 768w, https:\/\/sites.uwasa.fi\/digibiogashubs\/wp-content\/blogs.dir\/4\/files\/sites\/204\/2024\/11\/dbh-line2-1536x6.png 1536w, https:\/\/sites.uwasa.fi\/digibiogashubs\/wp-content\/blogs.dir\/4\/files\/sites\/204\/2024\/11\/dbh-line2-1680x8.png 1680w, https:\/\/sites.uwasa.fi\/digibiogashubs\/wp-content\/blogs.dir\/4\/files\/sites\/204\/2024\/11\/dbh-line2-1920x8.png 1920w\" sizes=\"(max-width: 2048px) 100vw, 2048px\" \/><\/p>\n<h3><strong>TP5 Biokaasuliiketoiminnan oikeudelliset reunaehdot ja haasteet<\/strong><\/h3>\n<p>DigiBiogasHubs-hankkeen ty\u00f6paketissa 5 luodaan juridinen pohja biokaasun tuotannon ja jakelun skaalautumiselle digitaalisen alustan n\u00e4k\u00f6kulmasta, ottaen huomioon EU:n ilmastotavoitteet. Ty\u00f6paketti alkoi elokuussa 2024 ja jatkuu maaliskuuhun 2025 asti. Kehityst\u00e4 on edist\u00e4nyt itsen\u00e4inen ja syv\u00e4llinen tutkimusty\u00f6. Ty\u00f6paketista vastaa Vaasan yliopisto.<\/p>\n<p>Ty\u00f6paketin tavoitteena on selvitt\u00e4\u00e4 muun muassa, kuinka alusta voi edist\u00e4\u00e4 biokaasun tuotannon optimointia hy\u00f6dynt\u00e4m\u00e4ll\u00e4 tehokasta datank\u00e4sittely\u00e4. Digitaalinen alusta vahvistaa paikallisten sidosryhmien yhteyksi\u00e4 mahdollistaen verkostovaikutukset ja tarjoten taloudellisia etuja. Keskeist\u00e4 on varmistaa, ett\u00e4 julkisten ett\u00e4 yksityisten toimijoiden tasapuolinen osallistuminen on mahdollista ja toimitaan markkinaehtoisesti, kilpailua rajoittamatta sek\u00e4 valtiontukis\u00e4\u00e4nt\u00f6jen mukaan. Hankkeessa analysoidaan tarkasti lains\u00e4\u00e4d\u00e4nn\u00f6llisi\u00e4 ja s\u00e4\u00e4ntelyyn liittyvi\u00e4 vaatimuksia, jotta alusta huomioi sek\u00e4 EU:n ett\u00e4 kansalliset s\u00e4\u00e4d\u00f6kset.<\/p>\n<p>T\u00e4m\u00e4 ty\u00f6 liittyy olennaisesti kest\u00e4v\u00e4n energiatuotannon ja kiertotalouden tavoitteisiin, ja se on t\u00e4rke\u00e4 osa ymp\u00e4rist\u00f6tavoitteiden edist\u00e4mist\u00e4 teknisten ja taloudellisten ratkaisujen rinnalla.<\/p>\n<h4><img loading=\"lazy\" decoding=\"async\" class=\"alignleft size-full wp-image-389\" src=\"https:\/\/sites.uwasa.fi\/digibiogashubs\/wp-content\/blogs.dir\/4\/files\/sites\/204\/2024\/11\/dbh-line2.png\" alt=\"Green line\" width=\"2048\" height=\"8\" srcset=\"https:\/\/sites.uwasa.fi\/digibiogashubs\/wp-content\/blogs.dir\/4\/files\/sites\/204\/2024\/11\/dbh-line2.png 2048w, https:\/\/sites.uwasa.fi\/digibiogashubs\/wp-content\/blogs.dir\/4\/files\/sites\/204\/2024\/11\/dbh-line2-300x1.png 300w, https:\/\/sites.uwasa.fi\/digibiogashubs\/wp-content\/blogs.dir\/4\/files\/sites\/204\/2024\/11\/dbh-line2-1024x4.png 1024w, https:\/\/sites.uwasa.fi\/digibiogashubs\/wp-content\/blogs.dir\/4\/files\/sites\/204\/2024\/11\/dbh-line2-768x3.png 768w, https:\/\/sites.uwasa.fi\/digibiogashubs\/wp-content\/blogs.dir\/4\/files\/sites\/204\/2024\/11\/dbh-line2-1536x6.png 1536w, https:\/\/sites.uwasa.fi\/digibiogashubs\/wp-content\/blogs.dir\/4\/files\/sites\/204\/2024\/11\/dbh-line2-1680x8.png 1680w, https:\/\/sites.uwasa.fi\/digibiogashubs\/wp-content\/blogs.dir\/4\/files\/sites\/204\/2024\/11\/dbh-line2-1920x8.png 1920w\" sizes=\"(max-width: 2048px) 100vw, 2048px\" \/><\/h4>\n<h4><strong>Ty\u00f6paketin 5 julkaisut<\/strong><\/h4>\n<p><a href=\"https:\/\/sites.uwasa.fi\/digibiogashubs\/wp-content\/blogs.dir\/4\/files\/sites\/204\/2025\/02\/DigiBiogasHubs-hankkeen-toiminnan-oikeudellinen-kehikko.pdf\" target=\"_blank\" rel=\"noopener\">TP5 DigiBiogasHubs-hankkeen toiminnan oikeudellinen kehikko<\/a><\/p>\n<p><a href=\"https:\/\/sites.uwasa.fi\/digibiogashubs\/wp-content\/blogs.dir\/4\/files\/sites\/204\/2025\/08\/DBH-politiikkakatsaus_WP5.pdf\" target=\"_blank\" rel=\"noopener\">TP5 Politiikkakatsaus<\/a><\/p>\n","protected":false},"excerpt":{"rendered":"<p>TP5 Biokaasuliiketoiminnan oikeudelliset reunaehdot ja haasteet DigiBiogasHubs-hankkeen ty\u00f6paketissa 5 luodaan juridinen pohja biokaasun tuotannon ja jakelun skaalautumiselle digitaalisen alustan n\u00e4k\u00f6kulmasta, ottaen huomioon EU:n ilmastotavoitteet. Ty\u00f6paketti alkoi elokuussa 2024 ja jatkuu maaliskuuhun 2025 asti. Kehityst\u00e4 on edist\u00e4nyt itsen\u00e4inen ja syv\u00e4llinen tutkimusty\u00f6. Ty\u00f6paketista vastaa Vaasan yliopisto. Ty\u00f6paketin tavoitteena on selvitt\u00e4\u00e4 muun muassa, kuinka alusta voi edist\u00e4\u00e4 biokaasun [&hellip;]<\/p>\n","protected":false},"author":532,"featured_media":0,"parent":0,"menu_order":0,"comment_status":"closed","ping_status":"closed","template":"","meta":{"_acf_changed":false,"footnotes":""},"class_list":["post-246","page","type-page","status-publish","hentry"],"acf":[],"lang":"fi","translations":{"fi":246,"en":109},"pll_sync_post":[],"_links":{"self":[{"href":"https:\/\/sites.uwasa.fi\/digibiogashubs\/wp-json\/wp\/v2\/pages\/246"}],"collection":[{"href":"https:\/\/sites.uwasa.fi\/digibiogashubs\/wp-json\/wp\/v2\/pages"}],"about":[{"href":"https:\/\/sites.uwasa.fi\/digibiogashubs\/wp-json\/wp\/v2\/types\/page"}],"author":[{"embeddable":true,"href":"https:\/\/sites.uwasa.fi\/digibiogashubs\/wp-json\/wp\/v2\/users\/532"}],"replies":[{"embeddable":true,"href":"https:\/\/sites.uwasa.fi\/digibiogashubs\/wp-json\/wp\/v2\/comments?post=246"}],"version-history":[{"count":9,"href":"https:\/\/sites.uwasa.fi\/digibiogashubs\/wp-json\/wp\/v2\/pages\/246\/revisions"}],"predecessor-version":[{"id":641,"href":"https:\/\/sites.uwasa.fi\/digibiogashubs\/wp-json\/wp\/v2\/pages\/246\/revisions\/641"}],"wp:attachment":[{"href":"https:\/\/sites.uwasa.fi\/digibiogashubs\/wp-json\/wp\/v2\/media?parent=246"}],"curies":[{"name":"wp","href":"https:\/\/api.w.org\/{rel}","templated":true}]}}