{"id":242,"date":"2024-04-09T16:02:35","date_gmt":"2024-04-09T13:02:35","guid":{"rendered":"https:\/\/sites.uwasa.fi\/digibiogashubs\/?page_id=242"},"modified":"2026-03-05T16:28:56","modified_gmt":"2026-03-05T14:28:56","slug":"tp3-tp4","status":"publish","type":"page","link":"https:\/\/sites.uwasa.fi\/digibiogashubs\/fi\/tp3-tp4\/","title":{"rendered":"TY\u00d6PAKETTI 3 &amp; TY\u00d6PAKETTI 4"},"content":{"rendered":"<p><img loading=\"lazy\" decoding=\"async\" class=\"alignleft size-full wp-image-389\" src=\"https:\/\/sites.uwasa.fi\/digibiogashubs\/wp-content\/blogs.dir\/4\/files\/sites\/204\/2024\/11\/dbh-line2.png\" alt=\"Green line\" width=\"2048\" height=\"8\" srcset=\"https:\/\/sites.uwasa.fi\/digibiogashubs\/wp-content\/blogs.dir\/4\/files\/sites\/204\/2024\/11\/dbh-line2.png 2048w, https:\/\/sites.uwasa.fi\/digibiogashubs\/wp-content\/blogs.dir\/4\/files\/sites\/204\/2024\/11\/dbh-line2-300x1.png 300w, https:\/\/sites.uwasa.fi\/digibiogashubs\/wp-content\/blogs.dir\/4\/files\/sites\/204\/2024\/11\/dbh-line2-1024x4.png 1024w, https:\/\/sites.uwasa.fi\/digibiogashubs\/wp-content\/blogs.dir\/4\/files\/sites\/204\/2024\/11\/dbh-line2-768x3.png 768w, https:\/\/sites.uwasa.fi\/digibiogashubs\/wp-content\/blogs.dir\/4\/files\/sites\/204\/2024\/11\/dbh-line2-1536x6.png 1536w, https:\/\/sites.uwasa.fi\/digibiogashubs\/wp-content\/blogs.dir\/4\/files\/sites\/204\/2024\/11\/dbh-line2-1680x8.png 1680w, https:\/\/sites.uwasa.fi\/digibiogashubs\/wp-content\/blogs.dir\/4\/files\/sites\/204\/2024\/11\/dbh-line2-1920x8.png 1920w\" sizes=\"(max-width: 2048px) 100vw, 2048px\" \/><\/p>\n<h3><strong>TP3\u00a0Digitaalisen alustan konseptin kehitt\u00e4minen &amp; TP4 Digitaalisen alustan ja valittujen palveluiden pilotointi<\/strong><\/h3>\n<p>Ty\u00f6paketti 3 ja Ty\u00f6paketti 4 edustavat DigiBiogasHubs-projektin teknisi\u00e4 osia. Ty\u00f6paketti 3 keskittyy digitaalisen alustan konseptin kehitt\u00e4miseen, mik\u00e4 mahdollistaa saumattoman vuorovaikutuksen biokaasuhubien sis\u00e4ll\u00e4 ja niiden v\u00e4lill\u00e4, kun taas Ty\u00f6paketti 4 sis\u00e4lt\u00e4\u00e4 alustan konkreettisen kehitysty\u00f6n ja k\u00e4ytt\u00f6\u00f6noton. Molempia ty\u00f6paketteja johtaa Centria-ammattikorkeakoulu.<\/p>\n<p>Ty\u00f6paketti 3 alkoi virallisesti huhtikuussa 2024, ja sen ensimm\u00e4inen teht\u00e4v\u00e4 oli m\u00e4\u00e4ritt\u00e4\u00e4 DigiBiogasHubs-alustan keskeiset vaatimukset useista n\u00e4k\u00f6kulmista. T\u00e4m\u00e4 prosessi sis\u00e4lsi kattavan katsauksen olemassa oleviin alustoihin niiden toimintojen ja k\u00e4ytt\u00e4j\u00e4kokemusten arvioimiseksi. Sidosryhmilt\u00e4 ker\u00e4ttiin tietoa haastattelujen ja ty\u00f6pajojen avulla k\u00e4ytt\u00e4j\u00e4vaatimusten ja ydintoimintojen m\u00e4\u00e4rittelemiseksi, jotta alusta vastaisi moninaisiin tarpeisiin. T\u00e4ll\u00e4 hetkell\u00e4 ty\u00f6 jatkuu avoimen rajapinnan (Open API) vaatimusten m\u00e4\u00e4rittelyll\u00e4 ja dokumentoinnin valmistelulla. Seuraavat vaiheet sis\u00e4lt\u00e4v\u00e4t palvelumallien luomisen ja yksityiskohtaisen dokumentoinnin, jotka muodostavat alustan suunnittelun perustan.<\/p>\n<p>Ty\u00f6paketti 4 k\u00e4ynnistyi suunnitellusti joulukuussa 2024 ja keskittyy muuttamaan Ty\u00f6paketti 3:n konseptity\u00f6n toimivaksi alustaksi. Ohjelmistokehityksen alkuvaiheet ovat k\u00e4ynniss\u00e4, ja tavoitteena on luoda konseptialusta DigiBiogasHubs-projektille. Kun alusta on riitt\u00e4v\u00e4n kehittynyt, sit\u00e4 pilotoidaan keskittyen TP1\u2013TP3:ssa tunnistettuihin toiminnallisiin tarpeisiin. T\u00e4m\u00e4 sis\u00e4lt\u00e4\u00e4 tutkimusty\u00f6n ominaisuuksia ja valittuja palveluita, jotka on r\u00e4\u00e4t\u00e4l\u00f6ity sidosryhmien tarpeisiin, varmistaen, ett\u00e4 pilotti tarjoaa arvokkaita n\u00e4kemyksi\u00e4 samalla, kun se vastaa k\u00e4yt\u00e4nn\u00f6n vaatimuksiin.<\/p>\n<h4><img loading=\"lazy\" decoding=\"async\" class=\"alignleft size-full wp-image-389\" src=\"https:\/\/sites.uwasa.fi\/digibiogashubs\/wp-content\/blogs.dir\/4\/files\/sites\/204\/2024\/11\/dbh-line2.png\" alt=\"Green line\" width=\"2048\" height=\"8\" srcset=\"https:\/\/sites.uwasa.fi\/digibiogashubs\/wp-content\/blogs.dir\/4\/files\/sites\/204\/2024\/11\/dbh-line2.png 2048w, https:\/\/sites.uwasa.fi\/digibiogashubs\/wp-content\/blogs.dir\/4\/files\/sites\/204\/2024\/11\/dbh-line2-300x1.png 300w, https:\/\/sites.uwasa.fi\/digibiogashubs\/wp-content\/blogs.dir\/4\/files\/sites\/204\/2024\/11\/dbh-line2-1024x4.png 1024w, https:\/\/sites.uwasa.fi\/digibiogashubs\/wp-content\/blogs.dir\/4\/files\/sites\/204\/2024\/11\/dbh-line2-768x3.png 768w, https:\/\/sites.uwasa.fi\/digibiogashubs\/wp-content\/blogs.dir\/4\/files\/sites\/204\/2024\/11\/dbh-line2-1536x6.png 1536w, https:\/\/sites.uwasa.fi\/digibiogashubs\/wp-content\/blogs.dir\/4\/files\/sites\/204\/2024\/11\/dbh-line2-1680x8.png 1680w, https:\/\/sites.uwasa.fi\/digibiogashubs\/wp-content\/blogs.dir\/4\/files\/sites\/204\/2024\/11\/dbh-line2-1920x8.png 1920w\" sizes=\"(max-width: 2048px) 100vw, 2048px\" \/><\/h4>\n<h4><strong>Ty\u00f6pakettien 3 ja 4 julkaisut<\/strong><\/h4>\n<p><a href=\"https:\/\/sites.uwasa.fi\/digibiogashubs\/wp-content\/blogs.dir\/4\/files\/sites\/204\/2025\/11\/Suunnitelma-digitaalisen-yhteistyoalustan-konseptista-.pdf\" target=\"_blank\" rel=\"noopener\">TP3 Suunnitelma digitaalisen yhteisty\u00f6alustan konseptista<\/a><\/p>\n<p><a href=\"https:\/\/sites.uwasa.fi\/digibiogashubs\/wp-content\/blogs.dir\/4\/files\/sites\/204\/2025\/11\/\u200bDigitaalisen-yhteistyoalustan-kehitys-ja-pilotointi.pdf\" target=\"_blank\" rel=\"noopener\">TP4 Digitaalisen yhteisty\u00f6alustan kehitys ja pilotointi<\/a><\/p>\n<p><a href=\"https:\/\/centriauniversityofappliedsciences.github.io\/DigiBioGasHub\/docs\/\" target=\"_blank\" rel=\"noopener\">TP4 DigiBiogasHubs-alustan dokumentaatio<\/a> (Teksti saatavilla englanniksi)<\/p>\n<p><a href=\"https:\/\/github.com\/CentriaUniversityOfAppliedSciences\/DigiBioGasHub\" target=\"_blank\" rel=\"noopener\">TP4 DigiBiogasHubs-alustan l\u00e4hdekoodi<\/a><\/p>\n","protected":false},"excerpt":{"rendered":"<p>TP3\u00a0Digitaalisen alustan konseptin kehitt\u00e4minen &amp; TP4 Digitaalisen alustan ja valittujen palveluiden pilotointi Ty\u00f6paketti 3 ja Ty\u00f6paketti 4 edustavat DigiBiogasHubs-projektin teknisi\u00e4 osia. Ty\u00f6paketti 3 keskittyy digitaalisen alustan konseptin kehitt\u00e4miseen, mik\u00e4 mahdollistaa saumattoman vuorovaikutuksen biokaasuhubien sis\u00e4ll\u00e4 ja niiden v\u00e4lill\u00e4, kun taas Ty\u00f6paketti 4 sis\u00e4lt\u00e4\u00e4 alustan konkreettisen kehitysty\u00f6n ja k\u00e4ytt\u00f6\u00f6noton. Molempia ty\u00f6paketteja johtaa Centria-ammattikorkeakoulu. Ty\u00f6paketti 3 alkoi virallisesti [&hellip;]<\/p>\n","protected":false},"author":532,"featured_media":0,"parent":0,"menu_order":0,"comment_status":"closed","ping_status":"closed","template":"","meta":{"_acf_changed":false,"footnotes":""},"class_list":["post-242","page","type-page","status-publish","hentry"],"acf":[],"lang":"fi","translations":{"fi":242,"en":81},"pll_sync_post":[],"_links":{"self":[{"href":"https:\/\/sites.uwasa.fi\/digibiogashubs\/wp-json\/wp\/v2\/pages\/242"}],"collection":[{"href":"https:\/\/sites.uwasa.fi\/digibiogashubs\/wp-json\/wp\/v2\/pages"}],"about":[{"href":"https:\/\/sites.uwasa.fi\/digibiogashubs\/wp-json\/wp\/v2\/types\/page"}],"author":[{"embeddable":true,"href":"https:\/\/sites.uwasa.fi\/digibiogashubs\/wp-json\/wp\/v2\/users\/532"}],"replies":[{"embeddable":true,"href":"https:\/\/sites.uwasa.fi\/digibiogashubs\/wp-json\/wp\/v2\/comments?post=242"}],"version-history":[{"count":13,"href":"https:\/\/sites.uwasa.fi\/digibiogashubs\/wp-json\/wp\/v2\/pages\/242\/revisions"}],"predecessor-version":[{"id":687,"href":"https:\/\/sites.uwasa.fi\/digibiogashubs\/wp-json\/wp\/v2\/pages\/242\/revisions\/687"}],"wp:attachment":[{"href":"https:\/\/sites.uwasa.fi\/digibiogashubs\/wp-json\/wp\/v2\/media?parent=242"}],"curies":[{"name":"wp","href":"https:\/\/api.w.org\/{rel}","templated":true}]}}