{"id":240,"date":"2024-04-09T16:02:21","date_gmt":"2024-04-09T13:02:21","guid":{"rendered":"https:\/\/sites.uwasa.fi\/digibiogashubs\/?page_id=240"},"modified":"2025-10-30T09:55:57","modified_gmt":"2025-10-30T07:55:57","slug":"tp2","status":"publish","type":"page","link":"https:\/\/sites.uwasa.fi\/digibiogashubs\/fi\/tp2\/","title":{"rendered":"TY\u00d6PAKETTI 2"},"content":{"rendered":"<p><img loading=\"lazy\" decoding=\"async\" class=\"alignleft size-full wp-image-389\" src=\"https:\/\/sites.uwasa.fi\/digibiogashubs\/wp-content\/blogs.dir\/4\/files\/sites\/204\/2024\/11\/dbh-line2.png\" alt=\"Green line\" width=\"2048\" height=\"8\" srcset=\"https:\/\/sites.uwasa.fi\/digibiogashubs\/wp-content\/blogs.dir\/4\/files\/sites\/204\/2024\/11\/dbh-line2.png 2048w, https:\/\/sites.uwasa.fi\/digibiogashubs\/wp-content\/blogs.dir\/4\/files\/sites\/204\/2024\/11\/dbh-line2-300x1.png 300w, https:\/\/sites.uwasa.fi\/digibiogashubs\/wp-content\/blogs.dir\/4\/files\/sites\/204\/2024\/11\/dbh-line2-1024x4.png 1024w, https:\/\/sites.uwasa.fi\/digibiogashubs\/wp-content\/blogs.dir\/4\/files\/sites\/204\/2024\/11\/dbh-line2-768x3.png 768w, https:\/\/sites.uwasa.fi\/digibiogashubs\/wp-content\/blogs.dir\/4\/files\/sites\/204\/2024\/11\/dbh-line2-1536x6.png 1536w, https:\/\/sites.uwasa.fi\/digibiogashubs\/wp-content\/blogs.dir\/4\/files\/sites\/204\/2024\/11\/dbh-line2-1680x8.png 1680w, https:\/\/sites.uwasa.fi\/digibiogashubs\/wp-content\/blogs.dir\/4\/files\/sites\/204\/2024\/11\/dbh-line2-1920x8.png 1920w\" sizes=\"(max-width: 2048px) 100vw, 2048px\" \/><\/p>\n<h3><strong>TP2 Biokaasuhubien mallinnus, kuvaus ja analyysi<\/strong><\/h3>\n<p>Ty\u00f6paketti 2 edist\u00e4\u00e4 eri alueilla sijaitsevien biokaasuhubien eli klustereiden kehittymist\u00e4 ja vuorovaikutusta sek\u00e4 biokaasumarkkinoiden kehittymist\u00e4 tarjoamalla yksityiskohtaista ja kattavaa tietoa kunkin maakunnan biokaasun tuotantopotentiaalista. T\u00e4m\u00e4 mahdollistaa sek\u00e4 alueellisten biokaasuhubien ett\u00e4 niiden v\u00e4lisen vuorovaikutuksen tarkastelun. Ty\u00f6paketissa valmisteltavat raportit tarjoavat keskeist\u00e4 tietoa biokaasun tuotannon edist\u00e4miseksi ja tukevat hajautetun ruokaketjun sy\u00f6tepotentiaalin hy\u00f6dynt\u00e4mist\u00e4 energiaksi tarjoamalla julkista tietoa biokaasusektorin nykyisille ja tuleville toimijoille. Ty\u00f6paketti k\u00e4ynnistyi toukokuussa 2024 ja sit\u00e4 johtaa Sein\u00e4joen ammattikorkeakoulu SEAMK.<\/p>\n<p>Ty\u00f6paketin keski\u00f6ss\u00e4 on kolmen erilaisen biokaasuhubin kuvaaminen ja analysointi, niiden synergiavaikutusten tarkasteleminen ja prosessimallin kehitt\u00e4minen biokaasuhubien rakentamiseen. Biokaasuhubit ovat alueellisia kuvauksia biokaasun tuotannon keskittymist\u00e4 ja potentiaalisista alueista, avaintoimijoista ja siit\u00e4, mit\u00e4 biokaasun tuotannon kasvattamiseksi vaaditaan. Hankkeen alussa hubit on m\u00e4\u00e4ritelty maantieteellisesti ja niiden keskeiset toimijat identifioitu. Ne rakentuvat seuraavien ydinten ymp\u00e4rille:<\/p>\n<ul>\n<li>Pohjanmaa: LBG, teollisuuden sek\u00e4 satama- ja meriliikenteen kehitt\u00e4mist\u00e4 tukeva hub<\/li>\n<li>Keski-Pohjanmaa: Teollisuuspuistoon perustuva hub<\/li>\n<li>Etel\u00e4-Pohjanmaa: Ruokaj\u00e4rjestelm\u00e4\u00e4n perustuva hub<\/li>\n<\/ul>\n<p>Biokaasuhubien tuotanto- ja k\u00e4ytt\u00f6potentiaalin sek\u00e4 ymp\u00e4rist\u00f6vaikutusten selvitt\u00e4miseksi tunnistettiin ja valittiin sopivat tietokannat ja analyysimenetelm\u00e4t. N\u00e4it\u00e4 ovat Luonnonvarakeskuksen <a href=\"https:\/\/biomassa-atlas.luke.fi\/\">Biomassa-atlas<\/a> ja <a href=\"https:\/\/biokaasulaskuri.luke.fi\/?lang=fi\">biokaasulaskuri<\/a>. Ymp\u00e4rist\u00f6vaikutusten arviointi painottuu kasvihuonekaasujen laskentaan perustuen EU:n RED II -direktiiviin. Teknistaloudellisissa laskelmissa tarkastellaan muun muassa CBG:n ja LBG:n tuotanto-, investointi- ja k\u00e4ytt\u00f6kustannuksia sek\u00e4 raaka-aineiden hankinnan, energian, ty\u00f6voiman, huollon ja yll\u00e4pidon kustannuksia sek\u00e4 hankinta- ja hallintokustannuksia. Raportit maakuntakohtaisesta biokaasupotentiaalista, p\u00e4\u00e4st\u00f6laskelmista ja teknistaloudellisista analyyseist\u00e4 valmistuvat alkuvuodesta 2025.<\/p>\n<p>Vuoden 2025 alussa k\u00e4ynnistet\u00e4\u00e4n my\u00f6s hubien synergia-analyysi, jossa yhdistet\u00e4\u00e4n hubikohtaisten analyysien keskeiset tulokset ja selvitet\u00e4\u00e4n maakuntarajat ylitt\u00e4v\u00e4n yhteisty\u00f6n tuottama lis\u00e4arvo sek\u00e4 synergia eri alueiden toimijoille. Ty\u00f6paketin viimeisess\u00e4 vaiheessa kehitet\u00e4\u00e4n ja kuvataan biokaasuhubien kehitt\u00e4misen prosessimalli. T\u00e4m\u00e4 malli luo konkreettiset askelmerkit sille, mit\u00e4 alueellisen biokaasukeskittym\u00e4n rakentaminen edellytt\u00e4\u00e4.<\/p>\n<h4><img loading=\"lazy\" decoding=\"async\" class=\"alignleft size-full wp-image-389\" src=\"https:\/\/sites.uwasa.fi\/digibiogashubs\/wp-content\/blogs.dir\/4\/files\/sites\/204\/2024\/11\/dbh-line2.png\" alt=\"Green line\" width=\"2048\" height=\"8\" srcset=\"https:\/\/sites.uwasa.fi\/digibiogashubs\/wp-content\/blogs.dir\/4\/files\/sites\/204\/2024\/11\/dbh-line2.png 2048w, https:\/\/sites.uwasa.fi\/digibiogashubs\/wp-content\/blogs.dir\/4\/files\/sites\/204\/2024\/11\/dbh-line2-300x1.png 300w, https:\/\/sites.uwasa.fi\/digibiogashubs\/wp-content\/blogs.dir\/4\/files\/sites\/204\/2024\/11\/dbh-line2-1024x4.png 1024w, https:\/\/sites.uwasa.fi\/digibiogashubs\/wp-content\/blogs.dir\/4\/files\/sites\/204\/2024\/11\/dbh-line2-768x3.png 768w, https:\/\/sites.uwasa.fi\/digibiogashubs\/wp-content\/blogs.dir\/4\/files\/sites\/204\/2024\/11\/dbh-line2-1536x6.png 1536w, https:\/\/sites.uwasa.fi\/digibiogashubs\/wp-content\/blogs.dir\/4\/files\/sites\/204\/2024\/11\/dbh-line2-1680x8.png 1680w, https:\/\/sites.uwasa.fi\/digibiogashubs\/wp-content\/blogs.dir\/4\/files\/sites\/204\/2024\/11\/dbh-line2-1920x8.png 1920w\" sizes=\"(max-width: 2048px) 100vw, 2048px\" \/><\/h4>\n<h4><strong>Ty\u00f6paketin 2 julkaisut<\/strong><\/h4>\n<p><a href=\"https:\/\/sites.uwasa.fi\/digibiogashubs\/wp-content\/blogs.dir\/4\/files\/sites\/204\/2025\/03\/TP2-Biokaasun-tuotanto-ja-kayttopotentiaali_revised-05032025.pdf\" target=\"_blank\" rel=\"noopener\">TP2 Biokaasun tuotanto- ja k\u00e4ytt\u00f6potentiaalin selvitys sek\u00e4 biokaasun tuotannon ja k\u00e4yt\u00f6n p\u00e4\u00e4st\u00f6laskenta &#8211; Pohjanmaan maakunta<\/a><\/p>\n<p><a href=\"https:\/\/sites.uwasa.fi\/digibiogashubs\/wp-content\/blogs.dir\/4\/files\/sites\/204\/2025\/01\/LBGn-tuotannon-ja-kayton-seka-biokaasun-tuotannon-sivuvirtojen-hyotykayton-teknis-taloudellinen-analyysi_Pohjanmaa.pdf\" target=\"_blank\" rel=\"noopener\">TP2 LBG:n tuotannon ja k\u00e4yt\u00f6n sek\u00e4 biokaasun tuotannon sivuvirtojen hy\u00f6tyk\u00e4yt\u00f6n teknistaloudellinen analyysi &#8211; Pohjanmaan maakunta<\/a><\/p>\n<p><a href=\"https:\/\/sites.uwasa.fi\/digibiogashubs\/wp-content\/blogs.dir\/4\/files\/sites\/204\/2024\/11\/DigiBiogasHubs-report-Central-ostrobothnia-part1.pdf\">TP2 Biokaasun tuotanto- ja k\u00e4ytt\u00f6potentiaalin selvitys sek\u00e4 biokaasun tuotannon ja k\u00e4yt\u00f6n p\u00e4\u00e4st\u00f6laskenta \u2013 Keski-Pohjanmaan maakunta<\/a><\/p>\n<p><a href=\"https:\/\/sites.uwasa.fi\/digibiogashubs\/wp-content\/blogs.dir\/4\/files\/sites\/204\/2025\/01\/DBH_CBGn-tuotannon-ja-kayton-seka-biokaasun-tuotannon-sivuvirtojen-hyotykayton-teknistaloudellinen-analyysi_K-P.pdf\" target=\"_blank\" rel=\"noopener\">TP2 CBG:n tuotannon ja k\u00e4yt\u00f6n sek\u00e4 biokaasun tuotannon sivuvirtojen hy\u00f6tyk\u00e4yt\u00f6n teknistaloudellinen analyysi &#8211; Keski-Pohjanmaan maakunta<\/a><\/p>\n<p><a href=\"https:\/\/sites.uwasa.fi\/digibiogashubs\/wp-content\/blogs.dir\/4\/files\/sites\/204\/2025\/10\/Biokaasun-tuotanto-ja-kayttopotentiaalin-selvitys-seka-biokaasun-tuotannon-ja-kayton-paastojen-ja-maatalouden-ravinnetalouden-arviointia.pdf\" target=\"_blank\" rel=\"noopener\">TP2 Biokaasun tuotanto- ja k\u00e4ytt\u00f6potentiaalin selvitys sek\u00e4 biokaasun tuotannon ja k\u00e4yt\u00f6n p\u00e4\u00e4st\u00f6laskenta \u2013 Etel\u00e4-Pohjanmaan maakunta<\/a> (<em>Raportti p\u00e4ivitetty lokakuussa 2025)<\/em><\/p>\n<p><a href=\"https:\/\/sites.uwasa.fi\/digibiogashubs\/wp-content\/blogs.dir\/4\/files\/sites\/204\/2025\/01\/DBH_Biokaasun-ja-CBGn-tuotannon-teknis-taloudellinen-raportti_E-P.pdf\" target=\"_blank\" rel=\"noopener\">TP2 Biokaasun ja CBG:n tuotannon teknistaloudellinen analyysi \u2013 maatilamittakaavan sek\u00e4 keskisuuren yhteism\u00e4d\u00e4tt\u00e4m\u00f6n mallinnus &#8211; Etel\u00e4-Pohjanmaan maakunta<\/a><\/p>\n<p><a href=\"https:\/\/www.theseus.fi\/handle\/10024\/896222\" target=\"_blank\" rel=\"noopener\">TP2 Biokaasukeskittymien synergiat: Hub-kohtaisten analyysien keskeiset tulokset ja maakuntarajat ylitt\u00e4v\u00e4n yhteisty\u00f6n tuoma lis\u00e4arvo alueiden toimijoille<\/a><\/p>\n<p><a href=\"https:\/\/www.theseus.fi\/handle\/10024\/899340\" target=\"_blank\" rel=\"noopener\">TP2 Biokaasukeskittymien kehitt\u00e4misen prosessimalli<\/a><\/p>\n","protected":false},"excerpt":{"rendered":"<p>TP2 Biokaasuhubien mallinnus, kuvaus ja analyysi Ty\u00f6paketti 2 edist\u00e4\u00e4 eri alueilla sijaitsevien biokaasuhubien eli klustereiden kehittymist\u00e4 ja vuorovaikutusta sek\u00e4 biokaasumarkkinoiden kehittymist\u00e4 tarjoamalla yksityiskohtaista ja kattavaa tietoa kunkin maakunnan biokaasun tuotantopotentiaalista. T\u00e4m\u00e4 mahdollistaa sek\u00e4 alueellisten biokaasuhubien ett\u00e4 niiden v\u00e4lisen vuorovaikutuksen tarkastelun. Ty\u00f6paketissa valmisteltavat raportit tarjoavat keskeist\u00e4 tietoa biokaasun tuotannon edist\u00e4miseksi ja tukevat hajautetun ruokaketjun sy\u00f6tepotentiaalin hy\u00f6dynt\u00e4mist\u00e4 [&hellip;]<\/p>\n","protected":false},"author":532,"featured_media":0,"parent":0,"menu_order":0,"comment_status":"closed","ping_status":"closed","template":"","meta":{"_acf_changed":false,"footnotes":""},"class_list":["post-240","page","type-page","status-publish","hentry"],"acf":[],"lang":"fi","translations":{"fi":240,"en":106},"pll_sync_post":[],"_links":{"self":[{"href":"https:\/\/sites.uwasa.fi\/digibiogashubs\/wp-json\/wp\/v2\/pages\/240"}],"collection":[{"href":"https:\/\/sites.uwasa.fi\/digibiogashubs\/wp-json\/wp\/v2\/pages"}],"about":[{"href":"https:\/\/sites.uwasa.fi\/digibiogashubs\/wp-json\/wp\/v2\/types\/page"}],"author":[{"embeddable":true,"href":"https:\/\/sites.uwasa.fi\/digibiogashubs\/wp-json\/wp\/v2\/users\/532"}],"replies":[{"embeddable":true,"href":"https:\/\/sites.uwasa.fi\/digibiogashubs\/wp-json\/wp\/v2\/comments?post=240"}],"version-history":[{"count":23,"href":"https:\/\/sites.uwasa.fi\/digibiogashubs\/wp-json\/wp\/v2\/pages\/240\/revisions"}],"predecessor-version":[{"id":655,"href":"https:\/\/sites.uwasa.fi\/digibiogashubs\/wp-json\/wp\/v2\/pages\/240\/revisions\/655"}],"wp:attachment":[{"href":"https:\/\/sites.uwasa.fi\/digibiogashubs\/wp-json\/wp\/v2\/media?parent=240"}],"curies":[{"name":"wp","href":"https:\/\/api.w.org\/{rel}","templated":true}]}}