{"id":238,"date":"2024-04-09T16:02:09","date_gmt":"2024-04-09T13:02:09","guid":{"rendered":"https:\/\/sites.uwasa.fi\/digibiogashubs\/?page_id=238"},"modified":"2025-11-28T12:14:22","modified_gmt":"2025-11-28T10:14:22","slug":"tp1","status":"publish","type":"page","link":"https:\/\/sites.uwasa.fi\/digibiogashubs\/fi\/tp1\/","title":{"rendered":"TY\u00d6PAKETTI 1"},"content":{"rendered":"<header class=\"entry-header\">\n<p class=\"page-title\"><img loading=\"lazy\" decoding=\"async\" class=\"alignleft size-full wp-image-389\" src=\"https:\/\/sites.uwasa.fi\/digibiogashubs\/wp-content\/blogs.dir\/4\/files\/sites\/204\/2024\/11\/dbh-line2.png\" alt=\"Green line\" width=\"2048\" height=\"8\" srcset=\"https:\/\/sites.uwasa.fi\/digibiogashubs\/wp-content\/blogs.dir\/4\/files\/sites\/204\/2024\/11\/dbh-line2.png 2048w, https:\/\/sites.uwasa.fi\/digibiogashubs\/wp-content\/blogs.dir\/4\/files\/sites\/204\/2024\/11\/dbh-line2-300x1.png 300w, https:\/\/sites.uwasa.fi\/digibiogashubs\/wp-content\/blogs.dir\/4\/files\/sites\/204\/2024\/11\/dbh-line2-1024x4.png 1024w, https:\/\/sites.uwasa.fi\/digibiogashubs\/wp-content\/blogs.dir\/4\/files\/sites\/204\/2024\/11\/dbh-line2-768x3.png 768w, https:\/\/sites.uwasa.fi\/digibiogashubs\/wp-content\/blogs.dir\/4\/files\/sites\/204\/2024\/11\/dbh-line2-1536x6.png 1536w, https:\/\/sites.uwasa.fi\/digibiogashubs\/wp-content\/blogs.dir\/4\/files\/sites\/204\/2024\/11\/dbh-line2-1680x8.png 1680w, https:\/\/sites.uwasa.fi\/digibiogashubs\/wp-content\/blogs.dir\/4\/files\/sites\/204\/2024\/11\/dbh-line2-1920x8.png 1920w\" sizes=\"(max-width: 2048px) 100vw, 2048px\" \/><\/p>\n<\/header>\n<h3><strong>TP1 Alustaekosysteemin yhteisty\u00f6mallin ja orkestrointitavan kehitt\u00e4minen sek\u00e4 alustapalveluiden kuvaaminen<\/strong><\/h3>\n<p>Ty\u00f6paketissa 1 hahmotellaan ja ohjataan biokaasuteollisuuden yhteisty\u00f6alustan ekosysteemin teknist\u00e4 kehitt\u00e4mist\u00e4. Tavoitteena on suunnitella digitaalinen alusta, joka m\u00e4\u00e4rittelee yhteisty\u00f6- ja vuorovaikutusmallin parantaakseen keskeisten sidosryhmien \u2013 kuten biomassan omistajien, biokaasun tuottajien, jakelijoiden, k\u00e4ytt\u00e4jien ja teknisten ratkaisujen tarjoajien \u2013 v\u00e4list\u00e4 yhteisty\u00f6t\u00e4 biokaasun arvoketjussa. Vaasan yliopiston johtama Ty\u00f6paketti 1 kehitt\u00e4\u00e4 toiminta- ja vuorovaikutusmallin digitaalisen yhteydenpidon kautta kartoittamalla sidosryhmien tarpeita ja tunnistamalla arvoa tuottavia palveluita. T\u00e4m\u00e4 edistysaskel luo digitaalisen alustan yhteisty\u00f6lle ja innovaatioille, mahdollistaen biokaasumarkkinoiden alueellisen kehityksen sek\u00e4 tukemalla skaalautuvia ja joustavia liiketoimintamalleja erityisesti hankkeessa mukana olevilla kolmella alueella: Pohjanmaa, Keski-Pohjanmaa ja Etel\u00e4-Pohjanmaa.<\/p>\n<p>Ty\u00f6 alkoi joulukuussa 2023 teht\u00e4v\u00e4ll\u00e4 1.1, joka k\u00e4sitti kirjallisuuskatsauksen alustatalouden ekosysteemeihin ja palveluihin sek\u00e4 olemassa olevien digitaalisten alustojen vertailun. T\u00e4m\u00e4 teht\u00e4v\u00e4 on onnistuneesti saatu p\u00e4\u00e4t\u00f6kseen. T\u00e4m\u00e4n j\u00e4lkeen teht\u00e4v\u00e4 1.2 keskittyi sidosryhmien tarpeiden kartoittamiseen. S\u00e4\u00e4nn\u00f6llisen viestinn\u00e4n, kuten haastattelujen ja ty\u00f6pajojen, kautta kolmella alueella projektitiimi teki yhteisty\u00f6t\u00e4 keskeisten sidosryhmien kanssa ker\u00e4t\u00e4kseen arvokkaita n\u00e4kemyksi\u00e4 biokaasuteollisuuden haasteista. N\u00e4m\u00e4 vuorovaikutukset ovat tarjonneet syv\u00e4llisen ymm\u00e4rryksen sidosryhmien tarpeista ja odotuksista, varmistaen, ett\u00e4 alusta vastaa n\u00e4ihin vaatimuksiin ja pysyy alalla merkityksellisen\u00e4.<\/p>\n<p>T\u00e4ll\u00e4 hetkell\u00e4 projektitiimi ty\u00f6skentelee kahdella kriittisell\u00e4 osa-alueella: tunnistamassa alustalle v\u00e4ltt\u00e4m\u00e4tt\u00f6mi\u00e4 palveluita ja toimintoja sek\u00e4 edist\u00e4en teht\u00e4v\u00e4\u00e4 1.3, jonka tavoitteena on kehitt\u00e4\u00e4 yhteisty\u00f6malli. T\u00e4m\u00e4 malli m\u00e4\u00e4rittelee alustan toiminta- ja vuorovaikutusmallin, sis\u00e4lt\u00e4\u00e4 keskeiset toiminnallisuudet ja selke\u00e4sti rajaa alustan palvelut. Suunnitelmaan sis\u00e4ltyy alustan hallintamallin m\u00e4\u00e4rittely, mukaan lukien se, mik\u00e4 taho tai konsortio vastaa sen yll\u00e4pidosta, sek\u00e4 toimintaperiaatteiden ja s\u00e4\u00e4nt\u00f6jen selkeytt\u00e4minen sidosryhmien osallistumisen ja tiedonvaihdon osalta. Tavoitteena on m\u00e4\u00e4ritt\u00e4\u00e4, kuinka alusta voi edist\u00e4\u00e4 yhteisty\u00f6t\u00e4, lis\u00e4t\u00e4 arvoa ja parantaa viestint\u00e4\u00e4 kolmen alueen biokaasuhubien v\u00e4lill\u00e4.<\/p>\n<p>Sidosryhmien palaute jatkaa merkitt\u00e4v\u00e4\u00e4 roolia alustan kehityksen muovaamisessa. Tavoitteena on muuntaa heid\u00e4n haasteensa mahdollisuuksiksi tarjoamalla asiaankuuluvia palveluita alustan kautta, varmistaen, ett\u00e4 ne vastaavat heid\u00e4n tarpeitaan ja tukevat hankkeen kokonaisvaltaisia tavoitteita. Painopisteen\u00e4 on rakentaa alusta siten, ett\u00e4 se varmistaa hankkeen pitk\u00e4aikaisen menestyksen pit\u00e4m\u00e4ll\u00e4 sen merkityksellisen\u00e4 reaalimaailman toimintojen ja haasteiden kannalta. T\u00e4m\u00e4 l\u00e4hestymistapa auttaa alustaa toimimaan kest\u00e4v\u00e4n\u00e4 ty\u00f6kaluna jatkuvaan yhteisty\u00f6h\u00f6n ja biokaasualan kehitt\u00e4miseen.<\/p>\n<h4><img loading=\"lazy\" decoding=\"async\" class=\"alignleft size-full wp-image-389\" src=\"https:\/\/sites.uwasa.fi\/digibiogashubs\/wp-content\/blogs.dir\/4\/files\/sites\/204\/2024\/11\/dbh-line2.png\" alt=\"Green line\" width=\"2048\" height=\"8\" srcset=\"https:\/\/sites.uwasa.fi\/digibiogashubs\/wp-content\/blogs.dir\/4\/files\/sites\/204\/2024\/11\/dbh-line2.png 2048w, https:\/\/sites.uwasa.fi\/digibiogashubs\/wp-content\/blogs.dir\/4\/files\/sites\/204\/2024\/11\/dbh-line2-300x1.png 300w, https:\/\/sites.uwasa.fi\/digibiogashubs\/wp-content\/blogs.dir\/4\/files\/sites\/204\/2024\/11\/dbh-line2-1024x4.png 1024w, https:\/\/sites.uwasa.fi\/digibiogashubs\/wp-content\/blogs.dir\/4\/files\/sites\/204\/2024\/11\/dbh-line2-768x3.png 768w, https:\/\/sites.uwasa.fi\/digibiogashubs\/wp-content\/blogs.dir\/4\/files\/sites\/204\/2024\/11\/dbh-line2-1536x6.png 1536w, https:\/\/sites.uwasa.fi\/digibiogashubs\/wp-content\/blogs.dir\/4\/files\/sites\/204\/2024\/11\/dbh-line2-1680x8.png 1680w, https:\/\/sites.uwasa.fi\/digibiogashubs\/wp-content\/blogs.dir\/4\/files\/sites\/204\/2024\/11\/dbh-line2-1920x8.png 1920w\" sizes=\"(max-width: 2048px) 100vw, 2048px\" \/><\/h4>\n<h4><strong>Ty\u00f6paketin 1 julkaisut<\/strong><\/h4>\n<p><a href=\"https:\/\/sites.uwasa.fi\/digibiogashubs\/wp-content\/blogs.dir\/4\/files\/sites\/204\/2025\/03\/DBH-REPORT-WP1-030325.pdf\" target=\"_blank\" rel=\"noopener\">TP1 Alustan ekosysteemin yhteisty\u00f6mallin kehitt\u00e4minen ja alustapalvelujen kuvaus<\/a> (Teksti saatavilla englanniksi)<\/p>\n","protected":false},"excerpt":{"rendered":"<p>TP1 Alustaekosysteemin yhteisty\u00f6mallin ja orkestrointitavan kehitt\u00e4minen sek\u00e4 alustapalveluiden kuvaaminen Ty\u00f6paketissa 1 hahmotellaan ja ohjataan biokaasuteollisuuden yhteisty\u00f6alustan ekosysteemin teknist\u00e4 kehitt\u00e4mist\u00e4. Tavoitteena on suunnitella digitaalinen alusta, joka m\u00e4\u00e4rittelee yhteisty\u00f6- ja vuorovaikutusmallin parantaakseen keskeisten sidosryhmien \u2013 kuten biomassan omistajien, biokaasun tuottajien, jakelijoiden, k\u00e4ytt\u00e4jien ja teknisten ratkaisujen tarjoajien \u2013 v\u00e4list\u00e4 yhteisty\u00f6t\u00e4 biokaasun arvoketjussa. Vaasan yliopiston johtama Ty\u00f6paketti 1 kehitt\u00e4\u00e4 [&hellip;]<\/p>\n","protected":false},"author":532,"featured_media":0,"parent":0,"menu_order":0,"comment_status":"closed","ping_status":"closed","template":"","meta":{"_acf_changed":false,"footnotes":""},"class_list":["post-238","page","type-page","status-publish","hentry"],"acf":[],"lang":"fi","translations":{"fi":238,"en":67},"pll_sync_post":[],"_links":{"self":[{"href":"https:\/\/sites.uwasa.fi\/digibiogashubs\/wp-json\/wp\/v2\/pages\/238"}],"collection":[{"href":"https:\/\/sites.uwasa.fi\/digibiogashubs\/wp-json\/wp\/v2\/pages"}],"about":[{"href":"https:\/\/sites.uwasa.fi\/digibiogashubs\/wp-json\/wp\/v2\/types\/page"}],"author":[{"embeddable":true,"href":"https:\/\/sites.uwasa.fi\/digibiogashubs\/wp-json\/wp\/v2\/users\/532"}],"replies":[{"embeddable":true,"href":"https:\/\/sites.uwasa.fi\/digibiogashubs\/wp-json\/wp\/v2\/comments?post=238"}],"version-history":[{"count":10,"href":"https:\/\/sites.uwasa.fi\/digibiogashubs\/wp-json\/wp\/v2\/pages\/238\/revisions"}],"predecessor-version":[{"id":296,"href":"https:\/\/sites.uwasa.fi\/digibiogashubs\/wp-json\/wp\/v2\/pages\/238\/revisions\/296"}],"wp:attachment":[{"href":"https:\/\/sites.uwasa.fi\/digibiogashubs\/wp-json\/wp\/v2\/media?parent=238"}],"curies":[{"name":"wp","href":"https:\/\/api.w.org\/{rel}","templated":true}]}}