{"id":234,"date":"2024-04-09T16:01:32","date_gmt":"2024-04-09T13:01:32","guid":{"rendered":"https:\/\/sites.uwasa.fi\/digibiogashubs\/?page_id=234"},"modified":"2026-03-05T16:28:44","modified_gmt":"2026-03-05T14:28:44","slug":"julkaisut","status":"publish","type":"page","link":"https:\/\/sites.uwasa.fi\/digibiogashubs\/fi\/julkaisut\/","title":{"rendered":"UUTISET JA JULKAISUT"},"content":{"rendered":"<p><img loading=\"lazy\" decoding=\"async\" class=\"aligncenter size-full wp-image-389\" src=\"https:\/\/sites.uwasa.fi\/digibiogashubs\/wp-content\/blogs.dir\/4\/files\/sites\/204\/2024\/11\/dbh-line2.png\" alt=\"Green line\" width=\"2048\" height=\"8\" srcset=\"https:\/\/sites.uwasa.fi\/digibiogashubs\/wp-content\/blogs.dir\/4\/files\/sites\/204\/2024\/11\/dbh-line2.png 2048w, https:\/\/sites.uwasa.fi\/digibiogashubs\/wp-content\/blogs.dir\/4\/files\/sites\/204\/2024\/11\/dbh-line2-300x1.png 300w, https:\/\/sites.uwasa.fi\/digibiogashubs\/wp-content\/blogs.dir\/4\/files\/sites\/204\/2024\/11\/dbh-line2-1024x4.png 1024w, https:\/\/sites.uwasa.fi\/digibiogashubs\/wp-content\/blogs.dir\/4\/files\/sites\/204\/2024\/11\/dbh-line2-768x3.png 768w, https:\/\/sites.uwasa.fi\/digibiogashubs\/wp-content\/blogs.dir\/4\/files\/sites\/204\/2024\/11\/dbh-line2-1536x6.png 1536w, https:\/\/sites.uwasa.fi\/digibiogashubs\/wp-content\/blogs.dir\/4\/files\/sites\/204\/2024\/11\/dbh-line2-1680x8.png 1680w, https:\/\/sites.uwasa.fi\/digibiogashubs\/wp-content\/blogs.dir\/4\/files\/sites\/204\/2024\/11\/dbh-line2-1920x8.png 1920w\" sizes=\"(max-width: 2048px) 100vw, 2048px\" \/><\/p>\n<h4><strong>UUTISET<\/strong><\/h4>\n<p><em>Uutiset, artikkelit, blogitekstit ja muut projektiin liittyv\u00e4t mediatiedotteet luetellaan t\u00e4ss\u00e4 uusimmasta vanhimpaan.<\/em><\/p>\n<p><strong>Podcast-jakso:<\/strong> <a href=\"https:\/\/www.uwasa.fi\/fi\/uutishuone\/uutiset\/biokaasu-avain-vihreaan-siirtymaan\" target=\"_blank\" rel=\"noopener\"><span class=\"field field--name-title field--type-string field--label-hidden\">Biokaasu: avain vihre\u00e4\u00e4n siirtym\u00e4\u00e4n?<\/span><\/a><\/p>\n<p><strong>Kolmas lehdist\u00f6tiedote:<\/strong> <a href=\"https:\/\/www.uwasa.fi\/fi\/uutishuone\/uutiset\/uusi-digitaalinen-alusta-ja-prosessimalli-vauhdittavat-biokaasualan-kehitysta-pohjanmaan-maakunnissa\" target=\"_blank\" rel=\"noopener\">Uusi digitaalinen alusta ja prosessimalli vauhdittavat biokaasualan kehityst\u00e4 Pohjanmaan maakunnissa<\/a><\/p>\n<p><strong>Yle (11.7.2025):<\/strong> <a href=\"https:\/\/yle.fi\/a\/74-20170691\" target=\"_blank\" rel=\"noopener\">Biokaasu vauhdittaa vihre\u00e4\u00e4 siirtym\u00e4\u00e4 pohjalaismaakunnissa \u2013 uusi digitaalinen alusta yhdist\u00e4\u00e4 alan toimijat<\/a><\/p>\n<p><strong>Toinen lehdist\u00f6tiedote: <\/strong><a href=\"https:\/\/www.uwasa.fi\/fi\/uutishuone\/uutiset\/biokaasu-vauhdittaa-vihreaa-siirtymaa-pohjanmaan-maakunnissa-uusi-digitaalinen\" target=\"_blank\" rel=\"noopener\"><span class=\"field field--name-title field--type-string field--label-hidden\">Biokaasu vauhdittaa vihre\u00e4\u00e4 siirtym\u00e4\u00e4 Pohjanmaan maakunnissa \u2013 uusi digitaalinen alusta yhdist\u00e4\u00e4 toimijat<\/span><\/a><\/p>\n<p><strong>Biokierto &amp; Biokaasu -lehti:<\/strong> <a href=\"https:\/\/indd.adobe.com\/view\/85270467-2980-451b-a562-b2008b6d46db\" target=\"_blank\" rel=\"noopener\">Biometaani tarjoaa kasvumahdollisuuksia lakeuksilla<\/a><\/p>\n<p><strong>Bioenergialehti: <\/strong><a href=\"https:\/\/bioenergialehti.fi\/2025\/02\/26\/biokaasun-tuotanto-voidaan-moninkertaistaa-pohjalaismaakunnissa\/\" target=\"_blank\" rel=\"noopener\">Biokaasun tuotanto voidaan moninkertaistaa Pohjalaismaakunnissa<\/a><\/p>\n<p><strong>SEAMK-lehti:<\/strong>\u00a0<a href=\"https:\/\/lehti.seamk.fi\/verkkolehti\/peltobiomassojen-piileva-potentiaali-esiin-digitaalisen-alustan-avulla\/\" target=\"_blank\" rel=\"noopener\">Peltobiomassojen piilev\u00e4 potentiaali esiin digitaalisen alustan avulla<\/a><\/p>\n<p><strong>Yle (4.3.2024):<\/strong>\u00a0<a href=\"https:\/\/yle.fi\/a\/74-20076055\" target=\"_blank\" rel=\"noopener\">Digitaalinen verkkoalusta tuo biokaasutoimijat yhteen Pohjanmaan maakunnissa<\/a><\/p>\n<p><strong>Ensimm\u00e4inen lehdist\u00f6tiedote:<\/strong> <a href=\"https:\/\/www.uwasa.fi\/fi\/uutishuone\/uutiset\/digitaalinen-verkkoalusta-tuo-biokaasutoimijat-yhteen-pohjanmaan-maakunnissa\" target=\"_blank\" rel=\"noopener\"><span class=\"field field--name-title field--type-string field--label-hidden\">Digitaalinen verkkoalusta tuo biokaasutoimijat yhteen Pohjanmaan maakunnissa<\/span><\/a><\/p>\n<p><img loading=\"lazy\" decoding=\"async\" class=\"aligncenter size-full wp-image-389\" src=\"https:\/\/sites.uwasa.fi\/digibiogashubs\/wp-content\/blogs.dir\/4\/files\/sites\/204\/2024\/11\/dbh-line2.png\" alt=\"Green line\" width=\"2048\" height=\"8\" srcset=\"https:\/\/sites.uwasa.fi\/digibiogashubs\/wp-content\/blogs.dir\/4\/files\/sites\/204\/2024\/11\/dbh-line2.png 2048w, https:\/\/sites.uwasa.fi\/digibiogashubs\/wp-content\/blogs.dir\/4\/files\/sites\/204\/2024\/11\/dbh-line2-300x1.png 300w, https:\/\/sites.uwasa.fi\/digibiogashubs\/wp-content\/blogs.dir\/4\/files\/sites\/204\/2024\/11\/dbh-line2-1024x4.png 1024w, https:\/\/sites.uwasa.fi\/digibiogashubs\/wp-content\/blogs.dir\/4\/files\/sites\/204\/2024\/11\/dbh-line2-768x3.png 768w, https:\/\/sites.uwasa.fi\/digibiogashubs\/wp-content\/blogs.dir\/4\/files\/sites\/204\/2024\/11\/dbh-line2-1536x6.png 1536w, https:\/\/sites.uwasa.fi\/digibiogashubs\/wp-content\/blogs.dir\/4\/files\/sites\/204\/2024\/11\/dbh-line2-1680x8.png 1680w, https:\/\/sites.uwasa.fi\/digibiogashubs\/wp-content\/blogs.dir\/4\/files\/sites\/204\/2024\/11\/dbh-line2-1920x8.png 1920w\" sizes=\"(max-width: 2048px) 100vw, 2048px\" \/><\/p>\n<h4><strong>JULKAISUT<\/strong><\/h4>\n<p><em>Projektiin liittyv\u00e4t julkaisut luetellaan t\u00e4ss\u00e4.<\/em><\/p>\n<p><a href=\"https:\/\/sites.uwasa.fi\/digibiogashubs\/wp-content\/blogs.dir\/4\/files\/sites\/204\/2025\/03\/DBH-REPORT-WP1-030325.pdf\" target=\"_blank\" rel=\"noopener\">TP1 Alustan ekosysteemin yhteisty\u00f6mallin kehitt\u00e4minen ja alustapalvelujen kuvaus<\/a> (Teksti saatavilla englanniksi)<\/p>\n<p><a href=\"https:\/\/sites.uwasa.fi\/digibiogashubs\/wp-content\/blogs.dir\/4\/files\/sites\/204\/2025\/03\/TP2-Biokaasun-tuotanto-ja-kayttopotentiaali_revised-05032025.pdf\" target=\"_blank\" rel=\"noopener\">TP2 Biokaasun tuotanto- ja k\u00e4ytt\u00f6potentiaalin selvitys sek\u00e4 biokaasun tuotannon ja k\u00e4yt\u00f6n p\u00e4\u00e4st\u00f6laskenta &#8211; Pohjanmaan maakunta<\/a><\/p>\n<p><a href=\"https:\/\/sites.uwasa.fi\/digibiogashubs\/wp-content\/blogs.dir\/4\/files\/sites\/204\/2025\/01\/LBGn-tuotannon-ja-kayton-seka-biokaasun-tuotannon-sivuvirtojen-hyotykayton-teknis-taloudellinen-analyysi_Pohjanmaa.pdf\" target=\"_blank\" rel=\"noopener\">TP2 LBG:n tuotannon ja k\u00e4yt\u00f6n sek\u00e4 biokaasun tuotannon sivuvirtojen hy\u00f6tyk\u00e4yt\u00f6n teknistaloudellinen analyysi &#8211; Pohjanmaan maakunta<\/a><\/p>\n<p><a href=\"https:\/\/sites.uwasa.fi\/digibiogashubs\/wp-content\/blogs.dir\/4\/files\/sites\/204\/2024\/11\/DigiBiogasHubs-report-Central-ostrobothnia-part1.pdf\" target=\"_blank\" rel=\"noopener\">TP2 Biokaasun tuotanto- ja k\u00e4ytt\u00f6potentiaalin selvitys sek\u00e4 biokaasun tuotannon ja k\u00e4yt\u00f6n p\u00e4\u00e4st\u00f6laskenta &#8211; Keski-Pohjanmaan maakunta<\/a><\/p>\n<p><a href=\"https:\/\/sites.uwasa.fi\/digibiogashubs\/wp-content\/blogs.dir\/4\/files\/sites\/204\/2025\/01\/DBH_CBGn-tuotannon-ja-kayton-seka-biokaasun-tuotannon-sivuvirtojen-hyotykayton-teknistaloudellinen-analyysi_K-P.pdf\" target=\"_blank\" rel=\"noopener\">TP2 CBG:n tuotannon ja k\u00e4yt\u00f6n sek\u00e4 biokaasun tuotannon sivuvirtojen hy\u00f6tyk\u00e4yt\u00f6n teknistaloudellinen analyysi &#8211; Keski-Pohjanmaan maakunta<\/a><\/p>\n<p><a href=\"https:\/\/sites.uwasa.fi\/digibiogashubs\/wp-content\/blogs.dir\/4\/files\/sites\/204\/2025\/10\/Biokaasun-tuotanto-ja-kayttopotentiaalin-selvitys-seka-biokaasun-tuotannon-ja-kayton-paastojen-ja-maatalouden-ravinnetalouden-arviointia.pdf\" target=\"_blank\" rel=\"noopener\">TP2 Biokaasun tuotanto- ja k\u00e4ytt\u00f6potentiaalin selvitys sek\u00e4 biokaasun tuotannon ja k\u00e4yt\u00f6n p\u00e4\u00e4st\u00f6laskenta \u2013 Etel\u00e4-Pohjanmaan maakunta<\/a> (<em>Raportti p\u00e4ivitetty lokakuussa 2025)<\/em><\/p>\n<p><a href=\"https:\/\/sites.uwasa.fi\/digibiogashubs\/wp-content\/blogs.dir\/4\/files\/sites\/204\/2025\/01\/DBH_Biokaasun-ja-CBGn-tuotannon-teknis-taloudellinen-raportti_E-P.pdf\" target=\"_blank\" rel=\"noopener\">TP2 Biokaasun ja CBG:n tuotannon teknistaloudellinen analyysi \u2013 maatilamittakaavan sek\u00e4 keskisuuren yhteism\u00e4d\u00e4tt\u00e4m\u00f6n mallinnus &#8211; Etel\u00e4-Pohjanmaan maakunta<\/a><\/p>\n<p><a href=\"https:\/\/www.theseus.fi\/handle\/10024\/896222\" target=\"_blank\" rel=\"noopener\">TP2 Biokaasukeskittymien synergiat: Hub-kohtaisten analyysien keskeiset tulokset ja maakuntarajat ylitt\u00e4v\u00e4n yhteisty\u00f6n tuoma lis\u00e4arvo alueiden toimijoille<\/a><\/p>\n<p><a href=\"https:\/\/www.theseus.fi\/handle\/10024\/899340\" target=\"_blank\" rel=\"noopener\">TP2 Biokaasukeskittymien kehitt\u00e4misen prosessimalli<\/a><\/p>\n<p><a href=\"https:\/\/sites.uwasa.fi\/digibiogashubs\/wp-content\/blogs.dir\/4\/files\/sites\/204\/2025\/11\/Suunnitelma-digitaalisen-yhteistyoalustan-konseptista-.pdf\" target=\"_blank\" rel=\"noopener\">TP3 Suunnitelma digitaalisen yhteisty\u00f6alustan konseptista<\/a><\/p>\n<p><a href=\"https:\/\/sites.uwasa.fi\/digibiogashubs\/wp-content\/blogs.dir\/4\/files\/sites\/204\/2025\/11\/\u200bDigitaalisen-yhteistyoalustan-kehitys-ja-pilotointi.pdf\" target=\"_blank\" rel=\"noopener\">TP4 Digitaalisen yhteisty\u00f6alustan kehitys ja pilotointi<\/a><\/p>\n<p><a href=\"https:\/\/centriauniversityofappliedsciences.github.io\/DigiBioGasHub\/docs\/\" target=\"_blank\" rel=\"noopener\">TP4 DigiBiogasHubs-alustan dokumentaatio<\/a> (Teksti saatavilla englanniksi)<\/p>\n<p><a href=\"https:\/\/github.com\/CentriaUniversityOfAppliedSciences\/DigiBioGasHub\" target=\"_blank\" rel=\"noopener\">TP4 DigiBiogasHubs-alustan l\u00e4hdekoodi<\/a><\/p>\n<p><a href=\"https:\/\/sites.uwasa.fi\/digibiogashubs\/wp-content\/blogs.dir\/4\/files\/sites\/204\/2025\/02\/DigiBiogasHubs-hankkeen-toiminnan-oikeudellinen-kehikko.pdf\" target=\"_blank\" rel=\"noopener\">TP5 DigiBiogasHubs-hankkeen toiminnan oikeudellinen kehikko<\/a><\/p>\n<p><a href=\"https:\/\/sites.uwasa.fi\/digibiogashubs\/wp-content\/blogs.dir\/4\/files\/sites\/204\/2025\/08\/DBH-politiikkakatsaus_WP5.pdf\" target=\"_blank\" rel=\"noopener\">TP5 Politiikkakatsaus<\/a><\/p>\n<p><a href=\"https:\/\/doi.org\/10.5281\/zenodo.17736775\" target=\"_blank\" rel=\"noopener\">TP6 Biokaasun digiloikka: DigiBiogasHubs-hankkeen keskeiset tulokset<\/a><\/p>\n","protected":false},"excerpt":{"rendered":"<p>UUTISET Uutiset, artikkelit, blogitekstit ja muut projektiin liittyv\u00e4t mediatiedotteet luetellaan t\u00e4ss\u00e4 uusimmasta vanhimpaan. Podcast-jakso: Biokaasu: avain vihre\u00e4\u00e4n siirtym\u00e4\u00e4n? Kolmas lehdist\u00f6tiedote: Uusi digitaalinen alusta ja prosessimalli vauhdittavat biokaasualan kehityst\u00e4 Pohjanmaan maakunnissa Yle (11.7.2025): Biokaasu vauhdittaa vihre\u00e4\u00e4 siirtym\u00e4\u00e4 pohjalaismaakunnissa \u2013 uusi digitaalinen alusta yhdist\u00e4\u00e4 alan toimijat Toinen lehdist\u00f6tiedote: Biokaasu vauhdittaa vihre\u00e4\u00e4 siirtym\u00e4\u00e4 Pohjanmaan maakunnissa \u2013 uusi digitaalinen [&hellip;]<\/p>\n","protected":false},"author":532,"featured_media":0,"parent":0,"menu_order":0,"comment_status":"closed","ping_status":"closed","template":"","meta":{"_acf_changed":false,"footnotes":""},"class_list":["post-234","page","type-page","status-publish","hentry"],"acf":[],"lang":"fi","translations":{"fi":234,"en":27},"pll_sync_post":[],"_links":{"self":[{"href":"https:\/\/sites.uwasa.fi\/digibiogashubs\/wp-json\/wp\/v2\/pages\/234"}],"collection":[{"href":"https:\/\/sites.uwasa.fi\/digibiogashubs\/wp-json\/wp\/v2\/pages"}],"about":[{"href":"https:\/\/sites.uwasa.fi\/digibiogashubs\/wp-json\/wp\/v2\/types\/page"}],"author":[{"embeddable":true,"href":"https:\/\/sites.uwasa.fi\/digibiogashubs\/wp-json\/wp\/v2\/users\/532"}],"replies":[{"embeddable":true,"href":"https:\/\/sites.uwasa.fi\/digibiogashubs\/wp-json\/wp\/v2\/comments?post=234"}],"version-history":[{"count":39,"href":"https:\/\/sites.uwasa.fi\/digibiogashubs\/wp-json\/wp\/v2\/pages\/234\/revisions"}],"predecessor-version":[{"id":686,"href":"https:\/\/sites.uwasa.fi\/digibiogashubs\/wp-json\/wp\/v2\/pages\/234\/revisions\/686"}],"wp:attachment":[{"href":"https:\/\/sites.uwasa.fi\/digibiogashubs\/wp-json\/wp\/v2\/media?parent=234"}],"curies":[{"name":"wp","href":"https:\/\/api.w.org\/{rel}","templated":true}]}}