{"id":230,"date":"2024-04-09T16:00:49","date_gmt":"2024-04-09T13:00:49","guid":{"rendered":"https:\/\/sites.uwasa.fi\/digibiogashubs\/?page_id=230"},"modified":"2025-11-28T12:34:19","modified_gmt":"2025-11-28T10:34:19","slug":"yhteystiedot","status":"publish","type":"page","link":"https:\/\/sites.uwasa.fi\/digibiogashubs\/fi\/yhteystiedot\/","title":{"rendered":"YHTEYSTIEDOT"},"content":{"rendered":"<p><img loading=\"lazy\" decoding=\"async\" class=\"aligncenter size-full wp-image-389\" src=\"https:\/\/sites.uwasa.fi\/digibiogashubs\/wp-content\/blogs.dir\/4\/files\/sites\/204\/2024\/11\/dbh-line2.png\" alt=\"Green line\" width=\"2048\" height=\"8\" srcset=\"https:\/\/sites.uwasa.fi\/digibiogashubs\/wp-content\/blogs.dir\/4\/files\/sites\/204\/2024\/11\/dbh-line2.png 2048w, https:\/\/sites.uwasa.fi\/digibiogashubs\/wp-content\/blogs.dir\/4\/files\/sites\/204\/2024\/11\/dbh-line2-300x1.png 300w, https:\/\/sites.uwasa.fi\/digibiogashubs\/wp-content\/blogs.dir\/4\/files\/sites\/204\/2024\/11\/dbh-line2-1024x4.png 1024w, https:\/\/sites.uwasa.fi\/digibiogashubs\/wp-content\/blogs.dir\/4\/files\/sites\/204\/2024\/11\/dbh-line2-768x3.png 768w, https:\/\/sites.uwasa.fi\/digibiogashubs\/wp-content\/blogs.dir\/4\/files\/sites\/204\/2024\/11\/dbh-line2-1536x6.png 1536w, https:\/\/sites.uwasa.fi\/digibiogashubs\/wp-content\/blogs.dir\/4\/files\/sites\/204\/2024\/11\/dbh-line2-1680x8.png 1680w, https:\/\/sites.uwasa.fi\/digibiogashubs\/wp-content\/blogs.dir\/4\/files\/sites\/204\/2024\/11\/dbh-line2-1920x8.png 1920w\" sizes=\"(max-width: 2048px) 100vw, 2048px\" \/><\/p>\n<p>&nbsp;<\/p>\n<p>&nbsp;<\/p>\n<h3 style=\"text-align: center\">Jos sinulla on kysytt\u00e4v\u00e4\u00e4 hankkeesta, ota meihin yhteytt\u00e4!<\/h3>\n","protected":false},"excerpt":{"rendered":"<p>&nbsp; &nbsp; Jos sinulla on kysytt\u00e4v\u00e4\u00e4 hankkeesta, ota meihin yhteytt\u00e4!<\/p>\n","protected":false},"author":532,"featured_media":0,"parent":0,"menu_order":0,"comment_status":"closed","ping_status":"closed","template":"","meta":{"_acf_changed":false,"footnotes":""},"class_list":["post-230","page","type-page","status-publish","hentry"],"acf":[],"lang":"fi","translations":{"fi":230,"en":25},"pll_sync_post":[],"_links":{"self":[{"href":"https:\/\/sites.uwasa.fi\/digibiogashubs\/wp-json\/wp\/v2\/pages\/230"}],"collection":[{"href":"https:\/\/sites.uwasa.fi\/digibiogashubs\/wp-json\/wp\/v2\/pages"}],"about":[{"href":"https:\/\/sites.uwasa.fi\/digibiogashubs\/wp-json\/wp\/v2\/types\/page"}],"author":[{"embeddable":true,"href":"https:\/\/sites.uwasa.fi\/digibiogashubs\/wp-json\/wp\/v2\/users\/532"}],"replies":[{"embeddable":true,"href":"https:\/\/sites.uwasa.fi\/digibiogashubs\/wp-json\/wp\/v2\/comments?post=230"}],"version-history":[{"count":10,"href":"https:\/\/sites.uwasa.fi\/digibiogashubs\/wp-json\/wp\/v2\/pages\/230\/revisions"}],"predecessor-version":[{"id":681,"href":"https:\/\/sites.uwasa.fi\/digibiogashubs\/wp-json\/wp\/v2\/pages\/230\/revisions\/681"}],"wp:attachment":[{"href":"https:\/\/sites.uwasa.fi\/digibiogashubs\/wp-json\/wp\/v2\/media?parent=230"}],"curies":[{"name":"wp","href":"https:\/\/api.w.org\/{rel}","templated":true}]}}