{"id":381,"date":"2025-03-05T10:25:47","date_gmt":"2025-03-05T08:25:47","guid":{"rendered":"https:\/\/sites.uwasa.fi\/dekaanipaivat\/?page_id=381"},"modified":"2025-03-05T11:05:37","modified_gmt":"2025-03-05T09:05:37","slug":"esitykset","status":"publish","type":"page","link":"https:\/\/sites.uwasa.fi\/dekaanipaivat\/esitykset\/","title":{"rendered":"Esitykset"},"content":{"rendered":"<p>Dekaanip\u00e4ivien esitykset ovat ladattavissa t\u00e4st\u00e4. Kiitos viel\u00e4 kerran kaikille osallistujille!<\/p>\n<p><a href=\"https:\/\/sites.uwasa.fi\/dekaanipaivat\/wp-content\/blogs.dir\/4\/files\/sites\/217\/2025\/03\/OKM-Vihko.pdf\">OKM Vihko<\/a><\/p>\n<p><a href=\"https:\/\/sites.uwasa.fi\/dekaanipaivat\/wp-content\/blogs.dir\/4\/files\/sites\/217\/2025\/03\/Hyva-hallinto-Kosonen.pdf\">Hyv\u00e4 hallinto Kosonen<\/a><\/p>\n<p><a href=\"https:\/\/sites.uwasa.fi\/dekaanipaivat\/wp-content\/blogs.dir\/4\/files\/sites\/217\/2025\/03\/Hyvinvointi-Makela.pdf\">Hyvinvointi M\u00e4kel\u00e4<\/a><\/p>\n<p><a href=\"https:\/\/sites.uwasa.fi\/dekaanipaivat\/wp-content\/blogs.dir\/4\/files\/sites\/217\/2025\/03\/Akateeminen-vapaus-Mantyla.pdf\">Akateeminen vapaus M\u00e4ntyl\u00e4<\/a><\/p>\n<p><a href=\"https:\/\/sites.uwasa.fi\/dekaanipaivat\/wp-content\/blogs.dir\/4\/files\/sites\/217\/2025\/03\/Tietovarannot-Valisalo.pdf\">Tietovarannot V\u00e4lisalo<\/a><\/p>\n<p><a href=\"https:\/\/sites.uwasa.fi\/dekaanipaivat\/wp-content\/blogs.dir\/4\/files\/sites\/217\/2025\/03\/Sarave-Lahteenmaki.pdf\">Sarave L\u00e4hteenm\u00e4ki<\/a><\/p>\n<p><a href=\"https:\/\/sites.uwasa.fi\/dekaanipaivat\/wp-content\/blogs.dir\/4\/files\/sites\/217\/2025\/03\/Opintoasioita-Varmajoki.pdf\">Opintoasioita Varmajoki<\/a><\/p>\n<p>&nbsp;<\/p>\n","protected":false},"excerpt":{"rendered":"<p>Dekaanip\u00e4ivien esitykset ovat ladattavissa t\u00e4st\u00e4. Kiitos viel\u00e4 kerran kaikille osallistujille! OKM Vihko Hyv\u00e4 hallinto Kosonen Hyvinvointi M\u00e4kel\u00e4 Akateeminen vapaus M\u00e4ntyl\u00e4 Tietovarannot V\u00e4lisalo Sarave L\u00e4hteenm\u00e4ki Opintoasioita Varmajoki &nbsp;<\/p>\n","protected":false},"author":327,"featured_media":0,"parent":0,"menu_order":0,"comment_status":"closed","ping_status":"closed","template":"","meta":{"_acf_changed":false,"footnotes":""},"class_list":["post-381","page","type-page","status-publish","hentry"],"acf":[],"_links":{"self":[{"href":"https:\/\/sites.uwasa.fi\/dekaanipaivat\/wp-json\/wp\/v2\/pages\/381"}],"collection":[{"href":"https:\/\/sites.uwasa.fi\/dekaanipaivat\/wp-json\/wp\/v2\/pages"}],"about":[{"href":"https:\/\/sites.uwasa.fi\/dekaanipaivat\/wp-json\/wp\/v2\/types\/page"}],"author":[{"embeddable":true,"href":"https:\/\/sites.uwasa.fi\/dekaanipaivat\/wp-json\/wp\/v2\/users\/327"}],"replies":[{"embeddable":true,"href":"https:\/\/sites.uwasa.fi\/dekaanipaivat\/wp-json\/wp\/v2\/comments?post=381"}],"version-history":[{"count":1,"href":"https:\/\/sites.uwasa.fi\/dekaanipaivat\/wp-json\/wp\/v2\/pages\/381\/revisions"}],"predecessor-version":[{"id":389,"href":"https:\/\/sites.uwasa.fi\/dekaanipaivat\/wp-json\/wp\/v2\/pages\/381\/revisions\/389"}],"wp:attachment":[{"href":"https:\/\/sites.uwasa.fi\/dekaanipaivat\/wp-json\/wp\/v2\/media?parent=381"}],"curies":[{"name":"wp","href":"https:\/\/api.w.org\/{rel}","templated":true}]}}