{"id":30,"date":"2023-11-24T17:24:15","date_gmt":"2023-11-24T15:24:15","guid":{"rendered":"https:\/\/sites.uwasa.fi\/dekaanipaivat\/?page_id=30"},"modified":"2025-02-06T15:46:22","modified_gmt":"2025-02-06T13:46:22","slug":"ohjelma","status":"publish","type":"page","link":"https:\/\/sites.uwasa.fi\/dekaanipaivat\/ohjelma\/","title":{"rendered":"Ohjelma"},"content":{"rendered":"<p><strong>Infopiste aukeaa klo 10.00 ja sen v\u00e4litt\u00f6m\u00e4ss\u00e4 yhteydess\u00e4 on tila matkatavaroiden s\u00e4ilytyst\u00e4 varten.<\/strong><\/p>\n<table style=\"width: 778px;border-style: none\" border=\"0\" width=\"778\" cellspacing=\"0\" cellpadding=\"0\">\n<tbody>\n<tr style=\"height: 24px\">\n<td style=\"width: 778px;height: 24px\" colspan=\"2\" width=\"623\"><strong>Tiistai 11.2.2025<\/strong><\/td>\n<\/tr>\n<tr style=\"height: 24px\">\n<td style=\"width: 114px;height: 24px\" width=\"113\">11.00\u201312.15<\/td>\n<td style=\"width: 664px;height: 24px\" width=\"510\">Ilmoittautuminen, kahvit, pient\u00e4 suolaista ja hedelmi\u00e4 (Oppimisymp\u00e4rist\u00f6n aula D119)<\/td>\n<\/tr>\n<tr style=\"height: 24px\">\n<td style=\"width: 114px;height: 24px\" width=\"113\">12.15\u201312.20<\/td>\n<td style=\"width: 664px;height: 24px\" width=\"510\">Tervetuloa ja k\u00e4yt\u00e4nn\u00f6n ohjeita osallistujille<span data-contrast=\"auto\"> (p\u00e4\u00e4sali D124)<\/span><\/td>\n<\/tr>\n<tr style=\"height: 24px\">\n<td style=\"width: 114px;height: 24px\" width=\"113\">12.20\u201312.40<\/td>\n<td style=\"width: 664px;height: 24px\" width=\"510\">Dekaanip\u00e4ivien avaussanat, Rehtori Minna Martikainen (D124)<\/td>\n<\/tr>\n<tr style=\"height: 48px\">\n<td style=\"width: 114px;height: 48px\">12.40\u201313.10<\/td>\n<td style=\"width: 664px;height: 48px\">Yhteisty\u00f6n haasteita ja mahdollisuuksia (sidosryhm\u00e4yhteisty\u00f6 yms.), Vararehtori Mika Grundstr\u00f6m\u00a0 (D124)<\/td>\n<\/tr>\n<tr style=\"height: 24px\">\n<td style=\"width: 114px;height: 24px\">13.10\u201313.40<\/td>\n<td style=\"width: 664px;height: 24px\">Akateeminen vapaus ty\u00f6hyvinvointikysymyksen\u00e4, Professori Niina M\u00e4ntyl\u00e4<\/td>\n<\/tr>\n<tr style=\"height: 24px\">\n<td style=\"width: 114px;height: 24px\" width=\"113\">13.40\u201313.50<\/td>\n<td style=\"width: 664px;height: 24px\" width=\"510\">Kieliaineiden yhteisty\u00f6suunnitelmat ja SARAVE-verkosto, Dekaani Mika L\u00e4hteenm\u00e4ki<\/td>\n<\/tr>\n<tr style=\"height: 24px\">\n<td style=\"width: 114px;height: 24px\">13.50\u201314.20<\/td>\n<td style=\"width: 664px;height: 24px\">Kahvitauko (Oppimisymp\u00e4rist\u00f6n aula D119)<\/td>\n<\/tr>\n<tr style=\"height: 24px\">\n<td style=\"width: 114px;height: 24px\" width=\"113\">14.20\u201315.20<\/td>\n<td style=\"width: 664px;height: 24px\" width=\"510\">OKM:n uutisia,\u00a0 <span class=\"TextRun SCXW59608131 BCX8\" lang=\"FI-FI\" xml:lang=\"FI-FI\" data-contrast=\"auto\"><span class=\"NormalTextRun SCXW59608131 BCX8\">Opetusneuvos Saara Vihko<\/span><\/span> (D124)<\/td>\n<\/tr>\n<tr style=\"height: 32px\">\n<td style=\"width: 114px;height: 32px\" width=\"113\"><\/td>\n<td style=\"width: 664px;height: 32px\" width=\"510\">&#8211; Professori Harri Jalosen kommenttipuheenvuoro<\/td>\n<\/tr>\n<tr style=\"height: 24px\">\n<td style=\"width: 114px;height: 24px\" width=\"113\">15.20\u201316.15<\/td>\n<td style=\"width: 664px;height: 24px\" width=\"510\">Ryhm\u00e4keskustelut:<\/td>\n<\/tr>\n<tr style=\"height: 104px\">\n<td style=\"width: 114px;height: 104px\" width=\"113\"><\/td>\n<td style=\"width: 664px;height: 104px\" width=\"510\">\n<ul>\n<li>Teema A: Opintohallinnon ajankohtaisia teemoja (D102)<\/li>\n<li>Teema B: Sidosryhm\u00e4yhteisty\u00f6 (D124)<\/li>\n<li>Teema C: Tilakysymykset ja ty\u00f6hyvinvointi (D103)<\/li>\n<\/ul>\n<\/td>\n<\/tr>\n<tr style=\"height: 24px\">\n<td style=\"width: 114px;height: 24px\" width=\"113\">16.15\u201316.30<\/td>\n<td style=\"width: 664px;height: 24px\" width=\"510\">Ryhm\u00e4keskusteluiden purku ja p\u00e4iv\u00e4n p\u00e4\u00e4t\u00f6s<\/td>\n<\/tr>\n<tr style=\"height: 24px\">\n<td style=\"width: 114px;height: 24px\" width=\"113\"><\/td>\n<td style=\"width: 664px;height: 24px\" width=\"510\"><\/td>\n<\/tr>\n<tr style=\"height: 24px\">\n<td style=\"width: 114px;height: 24px\" width=\"113\">18.00\u201322.00<\/td>\n<td style=\"width: 664px;height: 24px\" width=\"510\">Illallinen (<strong>Bussikuljetus keskustasta Sokos Hotel Royalin edest\u00e4 klo 17.45<\/strong>, <a href=\"https:\/\/www.google.com\/maps\/place\/\/data=!4m2!3m1!1s0x467d6014a26aac93:0x9ed11848ed632e5d?sa=X&amp;ved=1t:8290&amp;ictx=111\">Villa Sandviken<\/a>, Hietalahdenpuisto, 65100 Vaasa)<\/td>\n<\/tr>\n<tr style=\"height: 150px\">\n<td style=\"width: 114px;height: 150px\" width=\"113\"><\/td>\n<td style=\"width: 664px;height: 150px\" width=\"510\">\n<ul>\n<li>tervetuliaissanat ja alkumalja<\/li>\n<li>ruokailu<\/li>\n<li>illallispuhe Eurooppa ja omistajaohjausministeri, Vaasan kaupunginvaltuutettu Joakim Strand<\/li>\n<li>musiikkia: Wasa Sinfonietta ensemble<\/li>\n<li>vapaata seurustelua<\/li>\n<\/ul>\n<\/td>\n<\/tr>\n<tr style=\"height: 24px\">\n<td style=\"width: 114px;height: 24px\" width=\"113\"><\/td>\n<td style=\"width: 664px;height: 24px\" width=\"510\"><\/td>\n<\/tr>\n<tr style=\"height: 24px\">\n<td style=\"width: 778px;height: 24px\" colspan=\"2\" width=\"623\"><strong>Keskiviikko 12.2.<\/strong><\/td>\n<\/tr>\n<tr style=\"height: 48px\">\n<td style=\"width: 114px;height: 48px\" width=\"113\">9.00\u201310.00<\/td>\n<td style=\"width: 664px;height: 48px\" width=\"510\">Hyv\u00e4 hallinto muuttuvassa yliopisto-organisaatiossa, Oikeudellinen asiantuntija Jonna Kosonen, UEF (D124)<\/td>\n<\/tr>\n<tr style=\"height: 24px\">\n<td style=\"width: 114px;height: 24px\" width=\"113\">10.15\u201311.15<\/td>\n<td style=\"width: 664px;height: 24px\" width=\"510\">Yliopistolaisten ty\u00f6hyvinvointi, Professori Liisa M\u00e4kel\u00e4<\/td>\n<\/tr>\n<tr style=\"height: 24px\">\n<td style=\"width: 114px;height: 24px\" width=\"113\">11.15\u201312.15<\/td>\n<td style=\"width: 664px;height: 24px\" width=\"510\">Lounas (Ravintola Mathilda)<\/td>\n<\/tr>\n<tr style=\"height: 48px\">\n<td style=\"width: 114px;height: 57px\" width=\"113\">12.15\u201313.15<\/td>\n<td style=\"width: 664px;height: 57px\" width=\"510\">Kansallisarkiston puheenvuoro, Tutkimusp\u00e4\u00e4llikk\u00f6 Tanja V\u00e4lisalo: Kansalliset tietoaineistot tutkimusk\u00e4ytt\u00f6\u00f6n teko\u00e4lyn aikana<\/td>\n<\/tr>\n<tr style=\"height: 24px\">\n<td style=\"width: 114px;height: 24px\" width=\"113\">13.15\u201314.00<\/td>\n<td style=\"width: 664px;height: 24px\" width=\"510\">Keskustelua, loppusanat &amp; tervetuloa dekaanip\u00e4iville 2026, (D124)<\/td>\n<\/tr>\n<tr style=\"height: 24px\">\n<td style=\"width: 114px;height: 24px\" width=\"113\"><\/td>\n<td style=\"width: 664px;height: 24px\" width=\"510\"><\/td>\n<\/tr>\n<tr style=\"height: 24px\">\n<td style=\"width: 114px;height: 24px\" width=\"113\"><\/td>\n<td style=\"width: 664px;height: 24px\" width=\"510\">L\u00e4ht\u00f6kahvit (Oppimisymp\u00e4rist\u00f6n aula D119)<\/td>\n<\/tr>\n<tr style=\"height: 24px\">\n<td style=\"width: 114px;height: 24px\" width=\"113\"><\/td>\n<td style=\"width: 664px;height: 24px\" width=\"510\"><\/td>\n<\/tr>\n<\/tbody>\n<\/table>\n<p>&nbsp;<\/p>\n","protected":false},"excerpt":{"rendered":"<p>Infopiste aukeaa klo 10.00 ja sen v\u00e4litt\u00f6m\u00e4ss\u00e4 yhteydess\u00e4 on tila matkatavaroiden s\u00e4ilytyst\u00e4 varten. Tiistai 11.2.2025 11.00\u201312.15 Ilmoittautuminen, kahvit, pient\u00e4 suolaista ja hedelmi\u00e4 (Oppimisymp\u00e4rist\u00f6n aula D119) 12.15\u201312.20 Tervetuloa ja k\u00e4yt\u00e4nn\u00f6n ohjeita osallistujille (p\u00e4\u00e4sali D124) 12.20\u201312.40 Dekaanip\u00e4ivien avaussanat, Rehtori Minna Martikainen (D124) 12.40\u201313.10 Yhteisty\u00f6n haasteita ja mahdollisuuksia (sidosryhm\u00e4yhteisty\u00f6 yms.), Vararehtori Mika Grundstr\u00f6m\u00a0 (D124) 13.10\u201313.40 Akateeminen vapaus ty\u00f6hyvinvointikysymyksen\u00e4, [&hellip;]<\/p>\n","protected":false},"author":30,"featured_media":0,"parent":0,"menu_order":0,"comment_status":"closed","ping_status":"closed","template":"","meta":{"_acf_changed":false,"footnotes":""},"class_list":["post-30","page","type-page","status-publish","hentry"],"acf":[],"_links":{"self":[{"href":"https:\/\/sites.uwasa.fi\/dekaanipaivat\/wp-json\/wp\/v2\/pages\/30"}],"collection":[{"href":"https:\/\/sites.uwasa.fi\/dekaanipaivat\/wp-json\/wp\/v2\/pages"}],"about":[{"href":"https:\/\/sites.uwasa.fi\/dekaanipaivat\/wp-json\/wp\/v2\/types\/page"}],"author":[{"embeddable":true,"href":"https:\/\/sites.uwasa.fi\/dekaanipaivat\/wp-json\/wp\/v2\/users\/30"}],"replies":[{"embeddable":true,"href":"https:\/\/sites.uwasa.fi\/dekaanipaivat\/wp-json\/wp\/v2\/comments?post=30"}],"version-history":[{"count":40,"href":"https:\/\/sites.uwasa.fi\/dekaanipaivat\/wp-json\/wp\/v2\/pages\/30\/revisions"}],"predecessor-version":[{"id":380,"href":"https:\/\/sites.uwasa.fi\/dekaanipaivat\/wp-json\/wp\/v2\/pages\/30\/revisions\/380"}],"wp:attachment":[{"href":"https:\/\/sites.uwasa.fi\/dekaanipaivat\/wp-json\/wp\/v2\/media?parent=30"}],"curies":[{"name":"wp","href":"https:\/\/api.w.org\/{rel}","templated":true}]}}