{"id":28,"date":"2023-11-24T17:24:01","date_gmt":"2023-11-24T15:24:01","guid":{"rendered":"https:\/\/sites.uwasa.fi\/dekaanipaivat\/?page_id=28"},"modified":"2024-04-23T14:18:17","modified_gmt":"2024-04-23T11:18:17","slug":"yhteystiedot","status":"publish","type":"page","link":"https:\/\/sites.uwasa.fi\/dekaanipaivat\/yhteystiedot\/","title":{"rendered":"Yhteystiedot"},"content":{"rendered":"<p><span data-contrast=\"auto\">Jos sinulla on jotain kysytt\u00e4v\u00e4\u00e4, laita viesti\u00e4 j\u00e4rjestelytoimikunnalle osoitteeseen <\/span><a href=\"mailto:dekaanipaivat@uwasa.fi\"><span data-contrast=\"none\">dekaanipaivat@uwasa.fi<\/span><\/a><span data-ccp-props=\"{&quot;134233117&quot;:true,&quot;134233118&quot;:true,&quot;201341983&quot;:0,&quot;335559739&quot;:160,&quot;335559740&quot;:240}\">\u00a0<\/span><\/p>\n<p><span data-ccp-props=\"{&quot;201341983&quot;:0,&quot;335559739&quot;:160,&quot;335559740&quot;:259}\">\u00a0<\/span><\/p>\n","protected":false},"excerpt":{"rendered":"<p>Jos sinulla on jotain kysytt\u00e4v\u00e4\u00e4, laita viesti\u00e4 j\u00e4rjestelytoimikunnalle osoitteeseen dekaanipaivat@uwasa.fi\u00a0 \u00a0<\/p>\n","protected":false},"author":30,"featured_media":0,"parent":0,"menu_order":0,"comment_status":"closed","ping_status":"closed","template":"","meta":{"_acf_changed":false,"footnotes":""},"class_list":["post-28","page","type-page","status-publish","hentry"],"acf":[],"_links":{"self":[{"href":"https:\/\/sites.uwasa.fi\/dekaanipaivat\/wp-json\/wp\/v2\/pages\/28"}],"collection":[{"href":"https:\/\/sites.uwasa.fi\/dekaanipaivat\/wp-json\/wp\/v2\/pages"}],"about":[{"href":"https:\/\/sites.uwasa.fi\/dekaanipaivat\/wp-json\/wp\/v2\/types\/page"}],"author":[{"embeddable":true,"href":"https:\/\/sites.uwasa.fi\/dekaanipaivat\/wp-json\/wp\/v2\/users\/30"}],"replies":[{"embeddable":true,"href":"https:\/\/sites.uwasa.fi\/dekaanipaivat\/wp-json\/wp\/v2\/comments?post=28"}],"version-history":[{"count":4,"href":"https:\/\/sites.uwasa.fi\/dekaanipaivat\/wp-json\/wp\/v2\/pages\/28\/revisions"}],"predecessor-version":[{"id":335,"href":"https:\/\/sites.uwasa.fi\/dekaanipaivat\/wp-json\/wp\/v2\/pages\/28\/revisions\/335"}],"wp:attachment":[{"href":"https:\/\/sites.uwasa.fi\/dekaanipaivat\/wp-json\/wp\/v2\/media?parent=28"}],"curies":[{"name":"wp","href":"https:\/\/api.w.org\/{rel}","templated":true}]}}