{"id":24,"date":"2023-11-24T17:20:53","date_gmt":"2023-11-24T15:20:53","guid":{"rendered":"https:\/\/sites.uwasa.fi\/dekaanipaivat\/?page_id=24"},"modified":"2025-02-05T09:18:08","modified_gmt":"2025-02-05T07:18:08","slug":"ilmoittautuminen","status":"publish","type":"page","link":"https:\/\/sites.uwasa.fi\/dekaanipaivat\/ilmoittautuminen\/","title":{"rendered":"Ilmoittautuminen"},"content":{"rendered":"<h4>Ilmoittautuminen dekaanip\u00e4iville on p\u00e4\u00e4ttynyt.<\/p>\n<p>Mik\u00e4li viel\u00e4 haluat mukaan, ole yhteydess\u00e4 j\u00e4rjestelytoimikuntaan:<\/p>\n<p><a href=\"mailto:dekaanipaivat@uwasa.fi\" target=\"_blank\" rel=\"noopener\">dekaanipaivat@uwasa.fi<\/a><\/h4>\n","protected":false},"excerpt":{"rendered":"<p>Ilmoittautuminen dekaanip\u00e4iville on p\u00e4\u00e4ttynyt. Mik\u00e4li viel\u00e4 haluat mukaan, ole yhteydess\u00e4 j\u00e4rjestelytoimikuntaan: dekaanipaivat@uwasa.fi<\/p>\n","protected":false},"author":30,"featured_media":0,"parent":0,"menu_order":0,"comment_status":"closed","ping_status":"closed","template":"","meta":{"_acf_changed":false,"footnotes":""},"class_list":["post-24","page","type-page","status-publish","hentry"],"acf":[],"_links":{"self":[{"href":"https:\/\/sites.uwasa.fi\/dekaanipaivat\/wp-json\/wp\/v2\/pages\/24"}],"collection":[{"href":"https:\/\/sites.uwasa.fi\/dekaanipaivat\/wp-json\/wp\/v2\/pages"}],"about":[{"href":"https:\/\/sites.uwasa.fi\/dekaanipaivat\/wp-json\/wp\/v2\/types\/page"}],"author":[{"embeddable":true,"href":"https:\/\/sites.uwasa.fi\/dekaanipaivat\/wp-json\/wp\/v2\/users\/30"}],"replies":[{"embeddable":true,"href":"https:\/\/sites.uwasa.fi\/dekaanipaivat\/wp-json\/wp\/v2\/comments?post=24"}],"version-history":[{"count":48,"href":"https:\/\/sites.uwasa.fi\/dekaanipaivat\/wp-json\/wp\/v2\/pages\/24\/revisions"}],"predecessor-version":[{"id":370,"href":"https:\/\/sites.uwasa.fi\/dekaanipaivat\/wp-json\/wp\/v2\/pages\/24\/revisions\/370"}],"wp:attachment":[{"href":"https:\/\/sites.uwasa.fi\/dekaanipaivat\/wp-json\/wp\/v2\/media?parent=24"}],"curies":[{"name":"wp","href":"https:\/\/api.w.org\/{rel}","templated":true}]}}