{"id":142,"date":"2023-12-20T11:19:20","date_gmt":"2023-12-20T09:19:20","guid":{"rendered":"https:\/\/sites.uwasa.fi\/dekaanipaivat\/?page_id=142"},"modified":"2025-02-05T15:48:44","modified_gmt":"2025-02-05T13:48:44","slug":"ohjeita","status":"publish","type":"page","link":"https:\/\/sites.uwasa.fi\/dekaanipaivat\/ohjeita\/","title":{"rendered":"Ohjeita"},"content":{"rendered":"<h2>Paikka:<\/h2>\n<p>Dekaanip\u00e4iv\u00e4t j\u00e4rjestet\u00e4\u00e4n Vaasan yliopiston kampuksen Tervahovi -rakennuksen juuri remontoiduissa tiloissa merenpuoleisessa p\u00e4\u00e4ss\u00e4 osoitteessa Wolffintie 34, 65200 Vaasa. (kts. <a href=\"https:\/\/www.uwasa.fi\/fi\/yliopisto\/tervetuloa\">https:\/\/www.uwasa.fi\/fi\/yliopisto\/tervetuloa.<\/a><\/p>\n<p><a href=\"https:\/\/sites.uwasa.fi\/dekaanipaivat\/wp-content\/blogs.dir\/4\/files\/sites\/217\/2025\/02\/kampuskartta-dekaanipaivat.png\"><img loading=\"lazy\" decoding=\"async\" class=\"alignnone wp-image-368 size-medium\" src=\"https:\/\/sites.uwasa.fi\/dekaanipaivat\/wp-content\/blogs.dir\/4\/files\/sites\/217\/2025\/02\/kampuskartta-dekaanipaivat-300x224.png\" alt=\"\" width=\"300\" height=\"224\" srcset=\"https:\/\/sites.uwasa.fi\/dekaanipaivat\/wp-content\/blogs.dir\/4\/files\/sites\/217\/2025\/02\/kampuskartta-dekaanipaivat-300x224.png 300w, https:\/\/sites.uwasa.fi\/dekaanipaivat\/wp-content\/blogs.dir\/4\/files\/sites\/217\/2025\/02\/kampuskartta-dekaanipaivat-768x574.png 768w, https:\/\/sites.uwasa.fi\/dekaanipaivat\/wp-content\/blogs.dir\/4\/files\/sites\/217\/2025\/02\/kampuskartta-dekaanipaivat.png 950w\" sizes=\"(max-width: 300px) 100vw, 300px\" \/><\/a> \u00a0 \u00a0 \u00a0<a href=\"https:\/\/sites.uwasa.fi\/dekaanipaivat\/wp-content\/blogs.dir\/4\/files\/sites\/217\/2025\/02\/dekaanipaivien-kartta.png\"><img loading=\"lazy\" decoding=\"async\" class=\"alignnone wp-image-371 size-medium\" src=\"https:\/\/sites.uwasa.fi\/dekaanipaivat\/wp-content\/blogs.dir\/4\/files\/sites\/217\/2025\/02\/dekaanipaivien-kartta-300x189.png\" alt=\"\" width=\"300\" height=\"189\" srcset=\"https:\/\/sites.uwasa.fi\/dekaanipaivat\/wp-content\/blogs.dir\/4\/files\/sites\/217\/2025\/02\/dekaanipaivien-kartta-300x189.png 300w, https:\/\/sites.uwasa.fi\/dekaanipaivat\/wp-content\/blogs.dir\/4\/files\/sites\/217\/2025\/02\/dekaanipaivien-kartta-1024x644.png 1024w, https:\/\/sites.uwasa.fi\/dekaanipaivat\/wp-content\/blogs.dir\/4\/files\/sites\/217\/2025\/02\/dekaanipaivien-kartta-768x483.png 768w, https:\/\/sites.uwasa.fi\/dekaanipaivat\/wp-content\/blogs.dir\/4\/files\/sites\/217\/2025\/02\/dekaanipaivien-kartta-1536x965.png 1536w, https:\/\/sites.uwasa.fi\/dekaanipaivat\/wp-content\/blogs.dir\/4\/files\/sites\/217\/2025\/02\/dekaanipaivien-kartta.png 2048w\" sizes=\"(max-width: 300px) 100vw, 300px\" \/><\/a><\/p>\n<h2>Saapuminen<\/h2>\n<p><strong>Lent\u00e4en.<\/strong> Matka Vaasan lentokent\u00e4lt\u00e4 yliopistolle kest\u00e4\u00e4 n. 25 minuuttia. Jos saavut lentokoneella ja haluat v\u00e4ltt\u00e4\u00e4 turhaa odottelua, sinun kannattaa tilata taksi jo etuk\u00e4teen numerosta <a href=\"tel:060030011\"><span class=\"phone-number\">0600 300 11<\/span><\/a>. (<a href=\"https:\/\/www.taksivaasa.fi\/fi\/\">https:\/\/www.taksivaasa.fi\/fi\/<\/a>). Lentokent\u00e4n ja keskustan v\u00e4lill\u00e4 liikenn\u00f6iv\u00e4t paikallisliikenteen linjat 4 ja 4V, joista linja 4 kulkee yliopiston (Wolffintie) kautta. (kts. <a href=\"https:\/\/www.vaasa.fi\/asu-ja-ela\/liikenne-ja-kadut\/joukkoliikenne\/bussiaikataulut-ja-reitit\/\">https:\/\/www.vaasa.fi\/asu-ja-ela\/liikenne-ja-kadut\/joukkoliikenne\/bussiaikataulut-ja-reitit\/<\/a>)<\/p>\n<p><strong>Junalla tai bussilla.<\/strong> Vaasan matkakeskus sijaitsee aivan keskustassa vain parin sadan metrin p\u00e4\u00e4ss\u00e4 torilta, jonka ymp\u00e4rilt\u00e4 l\u00f6ytyv\u00e4t paikallisliikenteen pys\u00e4kit. K\u00e4velymatkaa matkakeskuksesta yliopistolle kertyy 2km (n. 30 min.).<\/p>\n<p>Keskustan ja yliopiston v\u00e4lill\u00e4 liikenn\u00f6iv\u00e4t paikallisliikenteen bussit 1, 2 ja 4. L\u00e4himm\u00e4n bussipys\u00e4kin ja seuraavan bussi l\u00e4ht\u00f6ajan l\u00f6yd\u00e4t k\u00e4tev\u00e4sti <a href=\"https:\/\/vaasa.digitransit.fi\/Rewell%20Center%2C%20Vaasa%3A%3A63.0955%2C21.613994\/-?locale=fi\">Vaasan reittioppaasta<\/a> (digitransit.fi). Laita kohteeksi Vaasan yliopisto, Wolffintie.<\/p>\n<p><strong>Omalla autolla.<\/strong> Vaasan yliopiston vain henkil\u00f6kunnalle tarkoitetut pys\u00e4k\u00f6intialueet ovat tilap\u00e4isesti my\u00f6s vieraiden k\u00e4yt\u00f6ss\u00e4. Muistathan kuitenkin hakea p\u00e4\u00e4sis\u00e4\u00e4nk\u00e4ynnin infosta pys\u00e4k\u00f6intiluvan, jotta v\u00e4ltyt ik\u00e4vilt\u00e4 yll\u00e4tyksilt\u00e4! L\u00e4hialueen kaduilla on my\u00f6s ilmaista pys\u00e4k\u00f6intitilaa mik\u00e4li yliopiston pys\u00e4k\u00f6intialueet ovat t\u00e4ynn\u00e4 ja olet valmis j\u00e4tt\u00e4m\u00e4\u00e4n autosi hieman kauemmas.<\/p>\n<h2>Hotellit<\/h2>\n<p>Vaasan keskustassa sijaitsevat hotellit ovat kaikki aivan matkakeskuksen v\u00e4litt\u00f6m\u00e4ss\u00e4 l\u00e4heisyydess\u00e4 tai vain pienen k\u00e4velymatkan p\u00e4\u00e4ss\u00e4. Paikallisliikenteen pys\u00e4kit sijaitsevat torin ymp\u00e4rill\u00e4, joka on vain n. 300m p\u00e4\u00e4ss\u00e4 matkakeskuksesta. Kaikista keskustan hotelleista on sama noin 2km k\u00e4velymatka Vaasan yliopistolle. (kts. tarkemmin <a href=\"https:\/\/www.google.com\/maps\/search\/Hotellit\/@63.1003448,21.6051755,15.75z\/data=!4m20!1m16!4m15!1m6!1m2!1s0x467d60f78bd7c70b:0xd36d4c169626c30!2sWolffintie+34,+65200+Vaasa!2m2!1d21.5940863!2d63.1056865!1m6!1m2!1s0x467d604418d019c1:0x6a3e4244d35f3f9a!2smatkakeskus+vaasa!2m2!1d21.6241664!2d63.0968346!3e2!2m2!3m1!5e2?entry=ttu\">t\u00e4st\u00e4<\/a>.)<\/p>\n<h2>Paikallisliikenteen bussit keskusta &#8211; yliopisto &#8211; keskusta<\/h2>\n<p>Keskustan ja yliopiston v\u00e4lill\u00e4 liikenn\u00f6iv\u00e4t paikallisliikenteen bussit 1, 2 ja 4. L\u00e4himm\u00e4n bussipys\u00e4kin ja seuraavan bussi l\u00e4ht\u00f6ajan l\u00f6yd\u00e4t k\u00e4tev\u00e4sti <a href=\"https:\/\/vaasa.digitransit.fi\/Rewell%20Center%2C%20Vaasa%3A%3A63.0955%2C21.613994\/-?locale=fi\">Vaasan reittioppaasta<\/a> (digitransit.fi)<\/p>\n","protected":false},"excerpt":{"rendered":"<p>Paikka: Dekaanip\u00e4iv\u00e4t j\u00e4rjestet\u00e4\u00e4n Vaasan yliopiston kampuksen Tervahovi -rakennuksen juuri remontoiduissa tiloissa merenpuoleisessa p\u00e4\u00e4ss\u00e4 osoitteessa Wolffintie 34, 65200 Vaasa. (kts. https:\/\/www.uwasa.fi\/fi\/yliopisto\/tervetuloa. \u00a0 \u00a0 \u00a0 Saapuminen Lent\u00e4en. Matka Vaasan lentokent\u00e4lt\u00e4 yliopistolle kest\u00e4\u00e4 n. 25 minuuttia. Jos saavut lentokoneella ja haluat v\u00e4ltt\u00e4\u00e4 turhaa odottelua, sinun kannattaa tilata taksi jo etuk\u00e4teen numerosta 0600 300 11. (https:\/\/www.taksivaasa.fi\/fi\/). Lentokent\u00e4n ja keskustan [&hellip;]<\/p>\n","protected":false},"author":520,"featured_media":0,"parent":0,"menu_order":0,"comment_status":"closed","ping_status":"closed","template":"","meta":{"_acf_changed":false,"footnotes":""},"class_list":["post-142","page","type-page","status-publish","hentry"],"acf":[],"_links":{"self":[{"href":"https:\/\/sites.uwasa.fi\/dekaanipaivat\/wp-json\/wp\/v2\/pages\/142"}],"collection":[{"href":"https:\/\/sites.uwasa.fi\/dekaanipaivat\/wp-json\/wp\/v2\/pages"}],"about":[{"href":"https:\/\/sites.uwasa.fi\/dekaanipaivat\/wp-json\/wp\/v2\/types\/page"}],"author":[{"embeddable":true,"href":"https:\/\/sites.uwasa.fi\/dekaanipaivat\/wp-json\/wp\/v2\/users\/520"}],"replies":[{"embeddable":true,"href":"https:\/\/sites.uwasa.fi\/dekaanipaivat\/wp-json\/wp\/v2\/comments?post=142"}],"version-history":[{"count":20,"href":"https:\/\/sites.uwasa.fi\/dekaanipaivat\/wp-json\/wp\/v2\/pages\/142\/revisions"}],"predecessor-version":[{"id":377,"href":"https:\/\/sites.uwasa.fi\/dekaanipaivat\/wp-json\/wp\/v2\/pages\/142\/revisions\/377"}],"wp:attachment":[{"href":"https:\/\/sites.uwasa.fi\/dekaanipaivat\/wp-json\/wp\/v2\/media?parent=142"}],"curies":[{"name":"wp","href":"https:\/\/api.w.org\/{rel}","templated":true}]}}