{"id":61,"date":"2020-01-22T12:15:26","date_gmt":"2020-01-22T10:15:26","guid":{"rendered":"https:\/\/sites.uwasa.fi\/coblo\/?page_id=61"},"modified":"2022-05-30T21:59:29","modified_gmt":"2022-05-30T18:59:29","slug":"conceptualizing-blockchains-lohkoketjut-haltuun","status":"publish","type":"page","link":"https:\/\/sites.uwasa.fi\/coblo\/","title":{"rendered":"Conceptualizing Blockchains &#8211; Lohkoketjut haltuun"},"content":{"rendered":"<p><em>Lohkoketjut haltuun<\/em> -tutkimushankkeen p\u00e4\u00e4m\u00e4\u00e4r\u00e4n\u00e4 on avata k\u00e4sitteit\u00e4 ja ideoita kryptovaluuttojen ja lohkoketjuteknologioiden takaa laajamittaisesti. Tutkimme sit\u00e4, miten n\u00e4ist\u00e4 teknologioista keskustellaan sek\u00e4 miten niit\u00e4 rakennetaan ja k\u00e4ytet\u00e4\u00e4n yhteiskunnassa. Hanke tuo yhteen tutkijoita digitaalisen median, viestinn\u00e4n, soveltavan kielitieteen, kauppatieteiden ja liiketalouden, laskentatoimen, rahoituksen sek\u00e4 pelien ja kulttuurin alalta.\u00a0 Hanketta ovat rahoittaneet Vaasan Aktia -s\u00e4\u00e4ti\u00f6, OP-ryhm\u00e4n tutkimuss\u00e4\u00e4ti\u00f6, Arvopaperimarkkinoiden edist\u00e4miss\u00e4\u00e4ti\u00f6, Liikesivistysrahasto ja P\u00f6rssis\u00e4\u00e4ti\u00f6.<\/p>\n<p>Monitieteellinen l\u00e4hestymistapa mahdollistaa moniulotteisen tulkinnan lohkoketjuteknologian k\u00e4yt\u00f6st\u00e4. Ty\u00f6ryhm\u00e4mme pohtii esimerkiksi t\u00e4m\u00e4n teknologian tuomia haasteita anonymiteeetin, digitaalisten identiteettien, turvallisuuden, talouslukutaidon, pelaamisen ja uhkapelaamisen, omistussuhteiden sek\u00e4 tekij\u00e4noikeuskysymysten saralla.<\/p>\n<p>Projektimme on tuottanut useita presentaatioita ja julkaisuja vuodesta 2019 l\u00e4htien. K\u00e4yt\u00e4mme sek\u00e4 kvantitatiivisia tilastollisia analyysimetodeja ett\u00e4 kvalitatiivisia tutkimusmetodeja esimerkiksi kielitieteen ja kulttuurin saralla, joilla tutkimme erilaisia sis\u00e4lt\u00f6l\u00e4hteit\u00e4 kuten yritysten vuosiraportteja, uutisl\u00e4hteit\u00e4 ja sosiaaalisen median sis\u00e4lt\u00f6j\u00e4. N\u00e4it\u00e4 ty\u00f6kaluja k\u00e4ytt\u00e4m\u00e4ll\u00e4 pyrimme selvitt\u00e4m\u00e4\u00e4n hajautettujen tietokantojen tuomaa muutosta yhteiskuntaaan nyt ja tulevaisuudessa ja ankkuroimaaan tietomme asianmukaiseen empiiriseen tutkimukseen.<\/p>\n<p>&nbsp;<\/p>\n<h3>Esimerkkej\u00e4 tutkimuksemme kohteista<\/h3>\n<ul>\n<li>Lohkoketjujen k\u00e4ytt\u00f6\u00f6nottoon liittyv\u00e4t vaiheet ja narratiivit organisaatioissa<\/li>\n<li>Kryptovaluuttojen ja lohkoketjujen esiintyminen journalismissa<\/li>\n<li>Bitcoin ja lohkoketjut sosiaalisessa mediassa: k\u00e4ytt\u00f6\u00f6notto ja yleinen mielipide<\/li>\n<li>Kryptovaluuttoihin liittyv\u00e4 arvokeskustelu julkisessa puheessa<\/li>\n<li>Kryptovaluuttamarkkinoiden digitaalinen retoriikka<\/li>\n<li>Yhteis\u00f6t ja verkostot lohkoketjualustojen ymp\u00e4rill\u00e4<\/li>\n<li>Lohkoketjuteknologioiden yhteiskunnalliset vaikutukset<\/li>\n<\/ul>\n<p>&nbsp;<\/p>\n<p>&nbsp;<\/p>\n<h3>Oivalluksia-podcast: Lohkaisuja lohkoketjuista<\/h3>\n<p>Miten lohkoketjuteknologia ja sen monet eri sovellukset n\u00e4kyv\u00e4t journalismissa?<br \/>\nOivalluksia-podcastin jaksossa 16 haastateltavana professori Tanja Sihvonen.<\/p>\n<p><iframe loading=\"lazy\" src=\"https:\/\/w.soundcloud.com\/player\/?url=https%3A\/\/api.soundcloud.com\/tracks\/1175507836&amp;color=%23ffff00&amp;auto_play=false&amp;hide_related=false&amp;show_comments=true&amp;show_user=true&amp;show_reposts=false&amp;show_teaser=true\" width=\"100%\" height=\"166\" frameborder=\"no\"><\/iframe><\/p>\n<div style=\"font-size: 10px;color: #cccccc;overflow: hidden;font-family: Interstate,Lucida Grande,Lucida Sans Unicode,Lucida Sans,Garuda,Verdana,Tahoma,sans-serif;font-weight: 100\"><a style=\"color: #cccccc;text-decoration: none\" title=\"University of Vaasa\" href=\"https:\/\/soundcloud.com\/univaasa\" target=\"_blank\" rel=\"noopener\">University of Vaasa<\/a> \u00b7 <a style=\"color: #cccccc;text-decoration: none\" title=\"Oivalluksia Jakso 16 - Lohkaisuja lohkoketjuista - Tanja Sihvonen\" href=\"https:\/\/soundcloud.com\/univaasa\/oivalluksia-jakso-16-lohkaisuja-lohkoketjuista-tanja-sihvonen\" target=\"_blank\" rel=\"noopener\">Oivalluksia Jakso 16 &#8211; Lohkaisuja lohkoketjuista &#8211; Tanja Sihvonen<\/a><\/div>\n","protected":false},"excerpt":{"rendered":"<p>Lohkoketjut haltuun -tutkimushankkeen p\u00e4\u00e4m\u00e4\u00e4r\u00e4n\u00e4 on avata k\u00e4sitteit\u00e4 ja ideoita kryptovaluuttojen ja lohkoketjuteknologioiden takaa laajamittaisesti. Tutkimme sit\u00e4, miten n\u00e4ist\u00e4 teknologioista keskustellaan sek\u00e4 miten niit\u00e4 rakennetaan ja k\u00e4ytet\u00e4\u00e4n yhteiskunnassa. Hanke tuo yhteen tutkijoita digitaalisen median, viestinn\u00e4n, soveltavan kielitieteen, kauppatieteiden ja liiketalouden, laskentatoimen, rahoituksen sek\u00e4 pelien ja kulttuurin alalta.\u00a0 Hanketta ovat rahoittaneet Vaasan Aktia -s\u00e4\u00e4ti\u00f6, OP-ryhm\u00e4n tutkimuss\u00e4\u00e4ti\u00f6, Arvopaperimarkkinoiden [&hellip;]<\/p>\n","protected":false},"author":48,"featured_media":0,"parent":0,"menu_order":0,"comment_status":"closed","ping_status":"open","template":"","meta":{"_acf_changed":false,"footnotes":""},"class_list":["post-61","page","type-page","status-publish","hentry"],"acf":[],"lang":"fi","translations":{"fi":61,"en":112},"pll_sync_post":[],"_links":{"self":[{"href":"https:\/\/sites.uwasa.fi\/coblo\/wp-json\/wp\/v2\/pages\/61"}],"collection":[{"href":"https:\/\/sites.uwasa.fi\/coblo\/wp-json\/wp\/v2\/pages"}],"about":[{"href":"https:\/\/sites.uwasa.fi\/coblo\/wp-json\/wp\/v2\/types\/page"}],"author":[{"embeddable":true,"href":"https:\/\/sites.uwasa.fi\/coblo\/wp-json\/wp\/v2\/users\/48"}],"replies":[{"embeddable":true,"href":"https:\/\/sites.uwasa.fi\/coblo\/wp-json\/wp\/v2\/comments?post=61"}],"version-history":[{"count":26,"href":"https:\/\/sites.uwasa.fi\/coblo\/wp-json\/wp\/v2\/pages\/61\/revisions"}],"predecessor-version":[{"id":428,"href":"https:\/\/sites.uwasa.fi\/coblo\/wp-json\/wp\/v2\/pages\/61\/revisions\/428"}],"wp:attachment":[{"href":"https:\/\/sites.uwasa.fi\/coblo\/wp-json\/wp\/v2\/media?parent=61"}],"curies":[{"name":"wp","href":"https:\/\/api.w.org\/{rel}","templated":true}]}}