{"id":343,"date":"2022-02-02T15:01:22","date_gmt":"2022-02-02T13:01:22","guid":{"rendered":"https:\/\/sites.uwasa.fi\/coblo\/?page_id=343"},"modified":"2022-05-30T22:34:53","modified_gmt":"2022-05-30T19:34:53","slug":"coblo-blogi","status":"publish","type":"page","link":"https:\/\/sites.uwasa.fi\/coblo\/coblo-blogi\/","title":{"rendered":"CoBlo Blog"},"content":{"rendered":"<p style=\"text-align: left\">CoBlo-hankkeen blogissa julkaistaan lohkoketjuteknologiaan ja siit\u00e4 k\u00e4yt\u00e4v\u00e4\u00e4n keskusteluun liittyvi\u00e4 tekstej\u00e4.<\/p>\n<p style=\"text-align: left\">Tavoitteenamme on avata tutkimushankkeemme tuloksia ja aiheeseen liittyvi\u00e4 ilmi\u00f6it\u00e4 kaikille lohkoketjuista ja lohkoketjupuheesta kiinnostuneille.<\/p>\n<p style=\"text-align: left\">Blogia kirjoittavat hankkeen tutkijat Tanja Sihvonen, Merja Koskela, Alesha Serada ja Hanna Limatius.<\/p>\n<p>&nbsp;<\/p>\n<p>**<\/p>\n<p>The CoBlo Blog focuses on different applications of blockchain technology and the discussions that surround them.<\/p>\n<p>Our goal is to share the results of our research and discuss current phenomena related to our topic.<\/p>\n<p>Our project team &#8211; Tanja Sihvonen, Merja Koskela, and Hanna Limatius &#8211; contribute to the blog.<\/p>\n","protected":false},"excerpt":{"rendered":"<p>CoBlo-hankkeen blogissa julkaistaan lohkoketjuteknologiaan ja siit\u00e4 k\u00e4yt\u00e4v\u00e4\u00e4n keskusteluun liittyvi\u00e4 tekstej\u00e4. Tavoitteenamme on avata tutkimushankkeemme tuloksia ja aiheeseen liittyvi\u00e4 ilmi\u00f6it\u00e4 kaikille lohkoketjuista ja lohkoketjupuheesta kiinnostuneille. Blogia kirjoittavat hankkeen tutkijat Tanja Sihvonen, Merja Koskela, Alesha Serada ja Hanna Limatius. &nbsp; ** The CoBlo Blog focuses on different applications of blockchain technology and the discussions that surround them. [&hellip;]<\/p>\n","protected":false},"author":30,"featured_media":344,"parent":0,"menu_order":0,"comment_status":"closed","ping_status":"closed","template":"page-templates\/tpl-image-wide.php","meta":{"_acf_changed":false,"footnotes":""},"class_list":["post-343","page","type-page","status-publish","has-post-thumbnail","hentry"],"acf":[],"lang":"fi","translations":{"fi":343},"pll_sync_post":[],"_links":{"self":[{"href":"https:\/\/sites.uwasa.fi\/coblo\/wp-json\/wp\/v2\/pages\/343"}],"collection":[{"href":"https:\/\/sites.uwasa.fi\/coblo\/wp-json\/wp\/v2\/pages"}],"about":[{"href":"https:\/\/sites.uwasa.fi\/coblo\/wp-json\/wp\/v2\/types\/page"}],"author":[{"embeddable":true,"href":"https:\/\/sites.uwasa.fi\/coblo\/wp-json\/wp\/v2\/users\/30"}],"replies":[{"embeddable":true,"href":"https:\/\/sites.uwasa.fi\/coblo\/wp-json\/wp\/v2\/comments?post=343"}],"version-history":[{"count":13,"href":"https:\/\/sites.uwasa.fi\/coblo\/wp-json\/wp\/v2\/pages\/343\/revisions"}],"predecessor-version":[{"id":432,"href":"https:\/\/sites.uwasa.fi\/coblo\/wp-json\/wp\/v2\/pages\/343\/revisions\/432"}],"wp:featuredmedia":[{"embeddable":true,"href":"https:\/\/sites.uwasa.fi\/coblo\/wp-json\/wp\/v2\/media\/344"}],"wp:attachment":[{"href":"https:\/\/sites.uwasa.fi\/coblo\/wp-json\/wp\/v2\/media?parent=343"}],"curies":[{"name":"wp","href":"https:\/\/api.w.org\/{rel}","templated":true}]}}