{"id":223,"date":"2020-08-19T11:24:35","date_gmt":"2020-08-19T08:24:35","guid":{"rendered":"https:\/\/sites.uwasa.fi\/coblo\/?page_id=223"},"modified":"2021-02-17T14:56:42","modified_gmt":"2021-02-17T12:56:42","slug":"lohkoketju-twiittien-hakutyokalu","status":"publish","type":"page","link":"https:\/\/sites.uwasa.fi\/coblo\/lohkoketju-twiittien-hakutyokalu\/","title":{"rendered":"Lohkoketju-twiittien hakuty\u00f6kalu"},"content":{"rendered":"<p>Olemme rakentaneet hakukoneen sanan lohkoketju-maininnoista Twitterin aihetunnisteiden perusteella vuodesta 2012 vuoteen 2019 saakka.<br \/>\nVoit selata ja etsi\u00e4 twiittej\u00e4 jotka sis\u00e4lt\u00e4v\u00e4t aihetunnisteen #lohkoketju alla olevan ty\u00f6kalun avulla:<\/p>\n<p>&nbsp;<\/p>\n<p><a href=\"https:\/\/twittertweets.blob.core.windows.net\/lohkoketju\/search.html\"><img loading=\"lazy\" decoding=\"async\" class=\"alignnone wp-image-220\" src=\"https:\/\/sites.uwasa.fi\/coblo\/wp-content\/blogs.dir\/4\/files\/sites\/55\/2020\/08\/sieppaa-300x180.jpg\" alt=\"\" width=\"538\" height=\"323\" srcset=\"https:\/\/sites.uwasa.fi\/coblo\/wp-content\/blogs.dir\/4\/files\/sites\/55\/2020\/08\/sieppaa-300x180.jpg 300w, https:\/\/sites.uwasa.fi\/coblo\/wp-content\/blogs.dir\/4\/files\/sites\/55\/2020\/08\/sieppaa-768x460.jpg 768w, https:\/\/sites.uwasa.fi\/coblo\/wp-content\/blogs.dir\/4\/files\/sites\/55\/2020\/08\/sieppaa.jpg 811w\" sizes=\"(max-width: 538px) 100vw, 538px\" \/><\/a><\/p>\n","protected":false},"excerpt":{"rendered":"<p>Olemme rakentaneet hakukoneen sanan lohkoketju-maininnoista Twitterin aihetunnisteiden perusteella vuodesta 2012 vuoteen 2019 saakka. Voit selata ja etsi\u00e4 twiittej\u00e4 jotka sis\u00e4lt\u00e4v\u00e4t aihetunnisteen #lohkoketju alla olevan ty\u00f6kalun avulla: &nbsp;<\/p>\n","protected":false},"author":93,"featured_media":0,"parent":0,"menu_order":0,"comment_status":"closed","ping_status":"closed","template":"","meta":{"_acf_changed":false,"footnotes":""},"class_list":["post-223","page","type-page","status-publish","hentry"],"acf":[],"lang":"fi","translations":{"fi":223,"en":215},"pll_sync_post":[],"_links":{"self":[{"href":"https:\/\/sites.uwasa.fi\/coblo\/wp-json\/wp\/v2\/pages\/223"}],"collection":[{"href":"https:\/\/sites.uwasa.fi\/coblo\/wp-json\/wp\/v2\/pages"}],"about":[{"href":"https:\/\/sites.uwasa.fi\/coblo\/wp-json\/wp\/v2\/types\/page"}],"author":[{"embeddable":true,"href":"https:\/\/sites.uwasa.fi\/coblo\/wp-json\/wp\/v2\/users\/93"}],"replies":[{"embeddable":true,"href":"https:\/\/sites.uwasa.fi\/coblo\/wp-json\/wp\/v2\/comments?post=223"}],"version-history":[{"count":3,"href":"https:\/\/sites.uwasa.fi\/coblo\/wp-json\/wp\/v2\/pages\/223\/revisions"}],"predecessor-version":[{"id":253,"href":"https:\/\/sites.uwasa.fi\/coblo\/wp-json\/wp\/v2\/pages\/223\/revisions\/253"}],"wp:attachment":[{"href":"https:\/\/sites.uwasa.fi\/coblo\/wp-json\/wp\/v2\/media?parent=223"}],"curies":[{"name":"wp","href":"https:\/\/api.w.org\/{rel}","templated":true}]}}