{"id":814,"date":"2025-03-26T15:42:56","date_gmt":"2025-03-26T13:42:56","guid":{"rendered":"https:\/\/sites.uwasa.fi\/butterfly\/?page_id=814"},"modified":"2025-06-19T13:55:05","modified_gmt":"2025-06-19T10:55:05","slug":"wasa-future-festival","status":"publish","type":"page","link":"https:\/\/sites.uwasa.fi\/butterfly\/wasa-future-festival\/","title":{"rendered":"Wasa Future Festival"},"content":{"rendered":"<h4>Tsekkaa, mit\u00e4 kaikkea tapahtuu suuressa <strong>New Nordic<\/strong>-tapahtumassa, <a href=\"https:\/\/wasafuturefestival.fi\/en\/frontpage\/\"><strong>Wasa Future Festivalilla<\/strong><\/a>! \ud83c\udf89<\/h4>\n<p><img loading=\"lazy\" decoding=\"async\" class=\"alignnone size-full wp-image-1226\" src=\"https:\/\/sites.uwasa.fi\/butterfly\/wp-content\/blogs.dir\/4\/files\/sites\/248\/2025\/05\/wff-image.jpg\" alt=\"WFF programme\" width=\"1495\" height=\"628\" srcset=\"https:\/\/sites.uwasa.fi\/butterfly\/wp-content\/blogs.dir\/4\/files\/sites\/248\/2025\/05\/wff-image.jpg 1495w, https:\/\/sites.uwasa.fi\/butterfly\/wp-content\/blogs.dir\/4\/files\/sites\/248\/2025\/05\/wff-image-300x126.jpg 300w, https:\/\/sites.uwasa.fi\/butterfly\/wp-content\/blogs.dir\/4\/files\/sites\/248\/2025\/05\/wff-image-1024x430.jpg 1024w, https:\/\/sites.uwasa.fi\/butterfly\/wp-content\/blogs.dir\/4\/files\/sites\/248\/2025\/05\/wff-image-768x323.jpg 768w\" sizes=\"(max-width: 1495px) 100vw, 1495px\" \/><\/p>\n<h4><strong>Historia<\/strong><\/h4>\n<p>Idea uuden tyyppisest\u00e4 tapahtumasta syntyi 2013. Ajatuksena oli luoda ymm\u00e4rryst\u00e4 sille, ett\u00e4 Pohjanmaa kaipaa aitoa kehityst\u00e4 laajalle levitt\u00e4ytyneen hallinnointimentaliteetin sek\u00e4 jo saavutetun puolustamisen lis\u00e4ksi. Aito kehitys Pohjanmaalle on saavutettavissa kytkeytym\u00e4ll\u00e4 maailman markkinoihin ja oivaltamalla milt\u00e4 nopean teknologisen kehityksen k\u00e4yt\u00e4nn\u00f6ss\u00e4 tulisi tarkoittaa julkisen ja yksityisen sektorin arjessa etenkin Pohjanmaan nuorille. Tapahtuma otti teht\u00e4v\u00e4kseen l\u00f6yt\u00e4\u00e4 konkreettisia ratkaisuja, jotka toteutettaisiin niin, ettei se tapahtuisi muiden alueiden kustannuksella. Ratkaisujen piti antaa lis\u00e4arvoa alueelle ja koko Suomelle. Tapahtumasta ei saisi tulla taas yht\u00e4 tapahtumaa, jonne vain ostetaan paikka ja jossa tehd\u00e4\u00e4n kaikki mahdollinen aplodien vuoksi.<\/p>\n<p>Aluksi, useiden vuosien aikana, tapahtuma oli nimelt\u00e4\u00e4n (ja ajatukseltaan) NEW NORDIC CENTER, paikkana RITZ:in vanhan elokuvasalin hyvin t\u00e4ytetyt salongit. J\u00e4rjest\u00e4j\u00e4n\u00e4 oli Sture Udd itse, ja aktiivisesti mukana oli, muiden muassa, Joakim Strand. My\u00f6s julkisen ja yksityisen sektorin edustajia oli aktiivisesti mukana, mik\u00e4 k\u00e4y ilmi vanhojen tapahtumien kuvista \u2013 pohjoisen Kokkolasta aina etel\u00e4n Kristiinankaupunkiin, ja molemmat kieliryhm\u00e4t olivat edustettuina koko Pohjanmaalta.<\/p>\n<p>2018 Bock\u2019s Corner Village luotiin mahdollistamaan suurempien tapahtumien j\u00e4rjest\u00e4minen ja yhti\u00f6 rekister\u00f6i nimen Wasa Future Festival. Tapahtuma sai silloin uuden aktiivisen toimijan Mari K. Niemest\u00e4 Vaasan Yliopistolta, joka toi mukanaan t\u00e4ysin uutta sis\u00e4lt\u00f6\u00e4 ja suunnittelua. Samanaikaisesti tapahtuma laajennettiin usean p\u00e4iv\u00e4n mittaiseksi. 2020 Wasa Future Festival l\u00f6i l\u00e4pi kansallisesti \u2013 pandemiasta huolimatta \u2013 suurten konkreettisten aloitteiden lanseeraamisen avulla. Esimerkkein\u00e4 EnergySAMPO, Merenkurkun Neuvoston Vaasan ja Uumajan v\u00e4linen silta, Marja-Riitta Vestin (silloin pohjanmaan ELY-keskuksen johtaja) j\u00e4rjest\u00e4m\u00e4 YoungTalk ja useiden ministereiden yhteisty\u00f6n kautta. Maaseudun v\u00e4est\u00f6kadon pys\u00e4ytt\u00e4minen luomalla uusia kaupallisia kytk\u00f6ksi\u00e4 kasvaviin kaupunkeihin on my\u00f6s ollut agendalla koko ajan ja 2020 mukana oli mm. Konstsamfundetin puheenjohtaja Gunvor Kronman. N\u00e4in Wasa Future Festivalista on tullut tapahtuma, joka vaikuttaa my\u00f6nteisesti kehitykseen koko maassa.<\/p>\n<p>Lis\u00e4\u00e4 tietoa:<strong><a href=\"https:\/\/wasafuturefestival.fi\/\"> https:\/\/wasafuturefestival.fi\/<\/a><\/strong><\/p>\n<p>&nbsp;<\/p>\n","protected":false},"excerpt":{"rendered":"<p>Tsekkaa, mit\u00e4 kaikkea tapahtuu suuressa New Nordic-tapahtumassa, Wasa Future Festivalilla! \ud83c\udf89 Historia Idea uuden tyyppisest\u00e4 tapahtumasta syntyi 2013. Ajatuksena oli luoda ymm\u00e4rryst\u00e4 sille, ett\u00e4 Pohjanmaa kaipaa aitoa kehityst\u00e4 laajalle levitt\u00e4ytyneen hallinnointimentaliteetin sek\u00e4 jo saavutetun puolustamisen lis\u00e4ksi. Aito kehitys Pohjanmaalle on saavutettavissa kytkeytym\u00e4ll\u00e4 maailman markkinoihin ja oivaltamalla milt\u00e4 nopean teknologisen kehityksen k\u00e4yt\u00e4nn\u00f6ss\u00e4 tulisi tarkoittaa julkisen ja [&hellip;]<\/p>\n","protected":false},"author":388,"featured_media":1046,"parent":0,"menu_order":0,"comment_status":"closed","ping_status":"closed","template":"","meta":{"_acf_changed":false,"footnotes":""},"class_list":["post-814","page","type-page","status-publish","has-post-thumbnail","hentry"],"acf":[],"lang":"fi","translations":{"fi":814},"pll_sync_post":[],"_links":{"self":[{"href":"https:\/\/sites.uwasa.fi\/butterfly\/wp-json\/wp\/v2\/pages\/814"}],"collection":[{"href":"https:\/\/sites.uwasa.fi\/butterfly\/wp-json\/wp\/v2\/pages"}],"about":[{"href":"https:\/\/sites.uwasa.fi\/butterfly\/wp-json\/wp\/v2\/types\/page"}],"author":[{"embeddable":true,"href":"https:\/\/sites.uwasa.fi\/butterfly\/wp-json\/wp\/v2\/users\/388"}],"replies":[{"embeddable":true,"href":"https:\/\/sites.uwasa.fi\/butterfly\/wp-json\/wp\/v2\/comments?post=814"}],"version-history":[{"count":4,"href":"https:\/\/sites.uwasa.fi\/butterfly\/wp-json\/wp\/v2\/pages\/814\/revisions"}],"predecessor-version":[{"id":1285,"href":"https:\/\/sites.uwasa.fi\/butterfly\/wp-json\/wp\/v2\/pages\/814\/revisions\/1285"}],"wp:featuredmedia":[{"embeddable":true,"href":"https:\/\/sites.uwasa.fi\/butterfly\/wp-json\/wp\/v2\/media\/1046"}],"wp:attachment":[{"href":"https:\/\/sites.uwasa.fi\/butterfly\/wp-json\/wp\/v2\/media?parent=814"}],"curies":[{"name":"wp","href":"https:\/\/api.w.org\/{rel}","templated":true}]}}