{"id":811,"date":"2025-03-26T15:42:21","date_gmt":"2025-03-26T13:42:21","guid":{"rendered":"https:\/\/sites.uwasa.fi\/butterfly\/?page_id=811"},"modified":"2025-04-15T13:39:46","modified_gmt":"2025-04-15T10:39:46","slug":"about-the-organisers","status":"publish","type":"page","link":"https:\/\/sites.uwasa.fi\/butterfly\/about-the-organisers\/","title":{"rendered":"J\u00e4rjest\u00e4j\u00e4t"},"content":{"rendered":"<p>&nbsp;<\/p>\n<table>\n<tbody>\n<tr>\n<td width=\"321\"><img loading=\"lazy\" decoding=\"async\" class=\"alignnone wp-image-867\" src=\"https:\/\/sites.uwasa.fi\/butterfly\/wp-content\/blogs.dir\/4\/files\/sites\/248\/2025\/04\/elina.jpg\" alt=\"Elina Melgin\" width=\"270\" height=\"367\" srcset=\"https:\/\/sites.uwasa.fi\/butterfly\/wp-content\/blogs.dir\/4\/files\/sites\/248\/2025\/04\/elina.jpg 613w, https:\/\/sites.uwasa.fi\/butterfly\/wp-content\/blogs.dir\/4\/files\/sites\/248\/2025\/04\/elina-221x300.jpg 221w\" sizes=\"(max-width: 270px) 100vw, 270px\" \/><\/td>\n<td width=\"321\">\n<p><strong><a href=\"https:\/\/fi.wikipedia.org\/wiki\/Elina_Melgin\">Elina Melgin <\/a><\/strong>(Producer) Ph.D., is Professor of Practice of the University of Vaasa\u2019s School of Marketing and Communication, Finland. She is also Adjunct Professor of the University of Turku, Finland. She served as a Manging Director of ProCom, the Finnish Communication Professional Association, for 17 years, representing the communications industry both in Finland and internationally. After stepping down in autumn 2022, she became an entrepreneur and senior advisor for various organizations, including T-Media, a leading Finnish company focused on reputation and strategic consulting. In 2022, she received the ProCom award \u201cEl\u00e4m\u00e4nty\u00f6palkinto\u201d (trans. Lifetime Achievement Award) for her life-long career in communication. Elina Melgin is also a painter. Since 2019 she has joined several art exhibitions in Finland and abroad.<\/p>\n<p>&nbsp;<\/td>\n<\/tr>\n<tr>\n<td width=\"321\"><img loading=\"lazy\" decoding=\"async\" class=\"alignnone wp-image-878\" src=\"https:\/\/sites.uwasa.fi\/butterfly\/wp-content\/blogs.dir\/4\/files\/sites\/248\/2025\/04\/toija-cinque1.jpg\" alt=\"Toija Cinque\" width=\"268\" height=\"268\" srcset=\"https:\/\/sites.uwasa.fi\/butterfly\/wp-content\/blogs.dir\/4\/files\/sites\/248\/2025\/04\/toija-cinque1.jpg 1646w, https:\/\/sites.uwasa.fi\/butterfly\/wp-content\/blogs.dir\/4\/files\/sites\/248\/2025\/04\/toija-cinque1-300x300.jpg 300w, https:\/\/sites.uwasa.fi\/butterfly\/wp-content\/blogs.dir\/4\/files\/sites\/248\/2025\/04\/toija-cinque1-1024x1024.jpg 1024w, https:\/\/sites.uwasa.fi\/butterfly\/wp-content\/blogs.dir\/4\/files\/sites\/248\/2025\/04\/toija-cinque1-150x150.jpg 150w, https:\/\/sites.uwasa.fi\/butterfly\/wp-content\/blogs.dir\/4\/files\/sites\/248\/2025\/04\/toija-cinque1-768x768.jpg 768w, https:\/\/sites.uwasa.fi\/butterfly\/wp-content\/blogs.dir\/4\/files\/sites\/248\/2025\/04\/toija-cinque1-1536x1536.jpg 1536w\" sizes=\"(max-width: 268px) 100vw, 268px\" \/><\/td>\n<td width=\"321\"><strong><a href=\"https:\/\/experts.deakin.edu.au\/2054-toija-cinque\">Toija Cinque <\/a><\/strong>(Curator)\u00a0is Associate Professor of Communication (Digital Media) in the School of Communication and Creative Arts at Deakin University, Australia. She is the founder the Intelligent Media Lab and leads the Critical Digital Infrastructures and Interfaces (CDII) research group. Her interdisciplinary research explores how emerging screens and digital technologies shape education, culture, and society. Drawing on diverse theoretical and methodological frameworks, Cinque investigates the transformative impacts of digitisation, datafication, and platformisation\u2014particularly their techno-cultural dimensions and implications for our digital futures. Her latest book, <em><a href=\"https:\/\/eur01.safelinks.protection.outlook.com\/?url=https%3A%2F%2Fwww.taylorfrancis.com%2Fbooks%2Fmono%2F10.4324%2F9781003178149%2Femerging-digital-media-ecologies-toija-cinque&amp;data=05%7C02%7Crebekah.rousi%40uwasa.fi%7Cea05c6ac5ad84437001908dd7168ba73%7Cf0c6a04190a24a878c824c8c17312ba2%7C0%7C0%7C638791416859931735%7CUnknown%7CTWFpbGZsb3d8eyJFbXB0eU1hcGkiOnRydWUsIlYiOiIwLjAuMDAwMCIsIlAiOiJXaW4zMiIsIkFOIjoiTWFpbCIsIldUIjoyfQ%3D%3D%7C0%7C%7C%7C&amp;sdata=wfea88vpmpguTS1bNO%2FmQh1ilJtzW%2B8MDbDB6JgCkSo%3D&amp;reserved=0\">Emerging Digital Media Ecologies: The Concept of Medialogy<\/a><\/em> (Routledge, 2025), offers a bold rethinking of how we engage with digital systems.<\/td>\n<\/tr>\n<tr>\n<td width=\"321\"><img loading=\"lazy\" decoding=\"async\" class=\"alignnone wp-image-830\" src=\"https:\/\/sites.uwasa.fi\/butterfly\/wp-content\/blogs.dir\/4\/files\/sites\/248\/2025\/04\/dsc7223.jpg\" alt=\"Rebekah Rousi\" width=\"270\" height=\"406\" srcset=\"https:\/\/sites.uwasa.fi\/butterfly\/wp-content\/blogs.dir\/4\/files\/sites\/248\/2025\/04\/dsc7223.jpg 1363w, https:\/\/sites.uwasa.fi\/butterfly\/wp-content\/blogs.dir\/4\/files\/sites\/248\/2025\/04\/dsc7223-200x300.jpg 200w, https:\/\/sites.uwasa.fi\/butterfly\/wp-content\/blogs.dir\/4\/files\/sites\/248\/2025\/04\/dsc7223-682x1024.jpg 682w, https:\/\/sites.uwasa.fi\/butterfly\/wp-content\/blogs.dir\/4\/files\/sites\/248\/2025\/04\/dsc7223-768x1154.jpg 768w, https:\/\/sites.uwasa.fi\/butterfly\/wp-content\/blogs.dir\/4\/files\/sites\/248\/2025\/04\/dsc7223-1022x1536.jpg 1022w\" sizes=\"(max-width: 270px) 100vw, 270px\" \/><\/td>\n<td width=\"321\">\n<p><strong><a href=\"https:\/\/www.uwasa.fi\/en\/person\/2442144\">Rebekah Rousi<\/a><\/strong> (Curator) is an Associate Professor of Communication and Digital Economy, University of Vaasa, who holds a PhD in Cognitive Science. Rousi is a Research Artist \u2013 undertaking her performance arts practice in the research context \u2013 completed a Bachelor of Art (Visual Art) with First Class Honours at the Western Australian Academy of Performing Arts (WAAPA), Edith Cowan University, Australia, with a Masters in Nordic Arts and Cultural Studies (Digital Culture major) from the University of Jyv\u00e4skyl\u00e4, Finland. Rousi\u2019s work focuses on human-AI, and human-robot interactions, particularly from the perspectives of embodiment, trust, privacy and posthumanism. Rousi has significant experience in art and academic event organization.<\/p>\n<p>&nbsp;<\/td>\n<\/tr>\n<tr>\n<td width=\"321\"><img loading=\"lazy\" decoding=\"async\" class=\"alignnone wp-image-965\" src=\"https:\/\/sites.uwasa.fi\/butterfly\/wp-content\/blogs.dir\/4\/files\/sites\/248\/2025\/04\/amayer.jpg\" alt=\"Aska Mayer\" width=\"264\" height=\"287\" srcset=\"https:\/\/sites.uwasa.fi\/butterfly\/wp-content\/blogs.dir\/4\/files\/sites\/248\/2025\/04\/amayer.jpg 663w, https:\/\/sites.uwasa.fi\/butterfly\/wp-content\/blogs.dir\/4\/files\/sites\/248\/2025\/04\/amayer-276x300.jpg 276w\" sizes=\"(max-width: 264px) 100vw, 264px\" \/><\/td>\n<td width=\"321\"><strong><a href=\"https:\/\/projects.tuni.fi\/convergence\/doctoral-researchers\/aska\/\">Aska Mayer <\/a><\/strong>(Curator) is a Finland-based researcher and curator, working on the intersections of Game Culture Studies, Human-Computer Interaction, Science and Technology Studies, and Semiotics. Mayer is interested in investigating futurized technologies and technology practices through the lens of popular transmedia narratives and arts, and has a background in studies of neo-baroque media, as well as in research on the use of game culture in curating and mediation.<strong>\u00a0<\/strong><\/td>\n<\/tr>\n<tr>\n<td width=\"321\"><img loading=\"lazy\" decoding=\"async\" class=\"alignnone wp-image-960\" src=\"https:\/\/sites.uwasa.fi\/butterfly\/wp-content\/blogs.dir\/4\/files\/sites\/248\/2025\/04\/guerrero-rosero-esteban-1185-22102024-hkn-w.jpg\" alt=\"Esteban Guerrero Rosero\" width=\"256\" height=\"341\" srcset=\"https:\/\/sites.uwasa.fi\/butterfly\/wp-content\/blogs.dir\/4\/files\/sites\/248\/2025\/04\/guerrero-rosero-esteban-1185-22102024-hkn-w.jpg 384w, https:\/\/sites.uwasa.fi\/butterfly\/wp-content\/blogs.dir\/4\/files\/sites\/248\/2025\/04\/guerrero-rosero-esteban-1185-22102024-hkn-w-225x300.jpg 225w\" sizes=\"(max-width: 256px) 100vw, 256px\" \/><\/td>\n<td width=\"321\"><strong><a href=\"https:\/\/www.umu.se\/en\/staff\/esteban-guerrero\/\">Esteban Guerrero Rosero <\/a><\/strong>(Curator) is an Associate Professor in Social-aware Artificial Intelligence at the Department of Computer Science at Ume\u00e5 University. He specializes in Artificial Intelligence (AI), focusing on neuro-symbolic approaches of AI, which is the combination of machine learning and \u00a0reasoning, and formal methods of AI. His contributions have been applied and evaluated in various contexts, including finances, health, sports, ambient intelligence, and e-learning.\u00a0Currently, Esteban co-leads the Formal Methods for Trustworthy Hybrid Intelligence research group at Ume\u00e5 University. He is involved in multidisciplinary research and development projects in Finland and Sweden, addressing intelligent systems for supporting, recommending, and tutoring human activities.\u00a0Esteban holds a Ph.D. in computing science from Ume\u00e5 University (Sweden), an M.Sc. in computer science from Malm\u00f6 University (Sweden), and a B.Eng. in electronics and telecommunications from the University of Cauca (Colombia).a<strong>\u00a0<\/strong><\/td>\n<\/tr>\n<tr>\n<td width=\"321\"><img loading=\"lazy\" decoding=\"async\" class=\"alignnone wp-image-909\" src=\"https:\/\/sites.uwasa.fi\/butterfly\/wp-content\/blogs.dir\/4\/files\/sites\/248\/2025\/04\/lyndsey-morley-bio-image.jpeg\" alt=\"Lyndsey Morley\" width=\"263\" height=\"263\" srcset=\"https:\/\/sites.uwasa.fi\/butterfly\/wp-content\/blogs.dir\/4\/files\/sites\/248\/2025\/04\/lyndsey-morley-bio-image.jpeg 986w, https:\/\/sites.uwasa.fi\/butterfly\/wp-content\/blogs.dir\/4\/files\/sites\/248\/2025\/04\/lyndsey-morley-bio-image-300x300.jpeg 300w, https:\/\/sites.uwasa.fi\/butterfly\/wp-content\/blogs.dir\/4\/files\/sites\/248\/2025\/04\/lyndsey-morley-bio-image-150x150.jpeg 150w, https:\/\/sites.uwasa.fi\/butterfly\/wp-content\/blogs.dir\/4\/files\/sites\/248\/2025\/04\/lyndsey-morley-bio-image-768x768.jpeg 768w\" sizes=\"(max-width: 263px) 100vw, 263px\" \/><\/td>\n<td width=\"321\">\n<p><strong><a href=\"https:\/\/www.uwasa.fi\/en\/person\/2648570\">Lyndsey Morley <\/a><\/strong>(Exhibition Designer). With over 15 years of experience in interior architectural design and project management, I have led numerous multidisciplinary projects across the globe. My career spans from working with London&#8217;s top branding agencies at Dalziel and Pow to contributing to the vibrant academic environment of Finnish universities. My journey began in interior architecture and retail design, where I specialized in transforming brand identity into engaging, user-centered spaces that leave lasting impressions. After relocating to Finland, I joined Vaasa University, where I initially contributed to the strategic redevelopment of key campus buildings. This role has since evolved, and I now hold a broader position within the Facilities Services department, overseeing the maintenance, development, and optimization of the university\u2019s physical infrastructure. I thrive in dynamic, innovative environments, where I bridge creative vision with operational efficiency, fostering collaboration across teams to create spaces that inspire and support the diverse needs of the university community.<\/p>\n<p><strong>\u00a0<\/strong><\/p>\n<p><strong>\u00a0<\/strong><\/td>\n<\/tr>\n<tr>\n<td width=\"321\"><img loading=\"lazy\" decoding=\"async\" class=\"alignnone wp-image-861\" src=\"https:\/\/sites.uwasa.fi\/butterfly\/wp-content\/blogs.dir\/4\/files\/sites\/248\/2025\/04\/katey.jpg\" alt=\"Katey O'Sullivan\" width=\"284\" height=\"380\" srcset=\"https:\/\/sites.uwasa.fi\/butterfly\/wp-content\/blogs.dir\/4\/files\/sites\/248\/2025\/04\/katey.jpg 519w, https:\/\/sites.uwasa.fi\/butterfly\/wp-content\/blogs.dir\/4\/files\/sites\/248\/2025\/04\/katey-225x300.jpg 225w\" sizes=\"(max-width: 284px) 100vw, 284px\" \/><\/td>\n<td width=\"321\"><strong><a href=\"https:\/\/www.instagram.com\/katey_artist\/\">Katey O\u2019Sullivan <\/a><\/strong>(Communications)\u00a0is an Australian visual artist living and working on Wadawurrung Country, Geelong. Her experimental art making is connected through underlying themes of storytelling, community, and nature.\u00a0 O\u2019Sullivan likes to use repurposed and gathered natural materials, in abstract, conceptual ways.\u00a0 Embracing opportunities for tension in her work, O\u2019Sullivan\u2019s practice begins with self-imposed constraints yet happily surrenders to the element of chance.\u00a0 Her work includes sculptural installations, textiles, alternative printmaking, and photography. Completing a BA in Visual Arts in June 2025, O\u2019Sullivan has participated in group shows at Deakin University\u2019s Project Space Gallery. A co-founder of after.fluxus.Collective and RegenArt Geelong, she has exhibited at Geelong\u2019s Third Space + Digital Gallery in \u2018Pernicious\u2019 and received City of Greater Geelong grant funding to produce \u2018Hidden Treasures\u2019, an art show celebrating international students.\u00a0\u00a0O\u2019Sullivan is currently developing her research-led arts practice during an Artist\u2019s Residency at the University of Vaasa, Finland.<\/td>\n<\/tr>\n<\/tbody>\n<\/table>\n<p>&nbsp;<\/p>\n","protected":false},"excerpt":{"rendered":"<p>&nbsp; Elina Melgin (Producer) Ph.D., is Professor of Practice of the University of Vaasa\u2019s School of Marketing and Communication, Finland. She is also Adjunct Professor of the University of Turku, Finland. She served as a Manging Director of ProCom, the Finnish Communication Professional Association, for 17 years, representing the communications industry both in Finland and [&hellip;]<\/p>\n","protected":false},"author":388,"featured_media":0,"parent":0,"menu_order":0,"comment_status":"closed","ping_status":"closed","template":"","meta":{"_acf_changed":false,"footnotes":""},"class_list":["post-811","page","type-page","status-publish","hentry"],"acf":[],"lang":"fi","translations":{"fi":811},"pll_sync_post":[],"_links":{"self":[{"href":"https:\/\/sites.uwasa.fi\/butterfly\/wp-json\/wp\/v2\/pages\/811"}],"collection":[{"href":"https:\/\/sites.uwasa.fi\/butterfly\/wp-json\/wp\/v2\/pages"}],"about":[{"href":"https:\/\/sites.uwasa.fi\/butterfly\/wp-json\/wp\/v2\/types\/page"}],"author":[{"embeddable":true,"href":"https:\/\/sites.uwasa.fi\/butterfly\/wp-json\/wp\/v2\/users\/388"}],"replies":[{"embeddable":true,"href":"https:\/\/sites.uwasa.fi\/butterfly\/wp-json\/wp\/v2\/comments?post=811"}],"version-history":[{"count":15,"href":"https:\/\/sites.uwasa.fi\/butterfly\/wp-json\/wp\/v2\/pages\/811\/revisions"}],"predecessor-version":[{"id":884,"href":"https:\/\/sites.uwasa.fi\/butterfly\/wp-json\/wp\/v2\/pages\/811\/revisions\/884"}],"wp:attachment":[{"href":"https:\/\/sites.uwasa.fi\/butterfly\/wp-json\/wp\/v2\/media?parent=811"}],"curies":[{"name":"wp","href":"https:\/\/api.w.org\/{rel}","templated":true}]}}