{"id":1199,"date":"2025-05-23T09:28:32","date_gmt":"2025-05-23T06:28:32","guid":{"rendered":"https:\/\/sites.uwasa.fi\/butterfly\/?page_id=1199"},"modified":"2025-08-06T06:44:55","modified_gmt":"2025-08-06T03:44:55","slug":"koulutusohjelma","status":"publish","type":"page","link":"https:\/\/sites.uwasa.fi\/butterfly\/koulutusohjelma\/","title":{"rendered":"Koulutusohjelma"},"content":{"rendered":"<h2><strong>Mit\u00e4?<\/strong><\/h2>\n<p>Tervetuloa tutustumaan australialaisiin sammakkolajeihin! Butterfly-n\u00e4yttelyn osana p\u00e4\u00e4see kokeilemaan Five Victorian Frogs -peli\u00e4, joka on tarkoitettu 5\u201395-vuotiaille. Interaktiivinen lis\u00e4tyn todellisuuden (AR) installaatio her\u00e4tt\u00e4\u00e4 henkiin viisi Victorian osavaltion merkitt\u00e4v\u00e4\u00e4 sammakkolajia, joista jokainen kertoo ymp\u00e4rist\u00f6n muutoksista.<\/p>\n<p>Pelaamisen j\u00e4lkeen osallistujat voivat keskustella ekologisista perhosvaikutuksista, ilmastonmuutoksesta ja lajien keskin\u00e4isist\u00e4 riippuvuuksista. Pohdintakeskustelu p\u00e4\u00e4ttyy lyhyeen kyselyyn, joka kannustaa kriittiseen ajatteluun ja henkil\u00f6kohtaiseen luontosuhteeseen.<\/p>\n<p>Peli yhdist\u00e4\u00e4 digitaalisia medioita, tieteellist\u00e4 n\u00e4kemyst\u00e4 ja leikkis\u00e4n tutkimisen, ja se on suunniteltu her\u00e4tt\u00e4m\u00e4\u00e4n uteliaisuutta, huolenpitoa ja ymp\u00e4rist\u00f6tietoisuutta.<\/p>\n<h2><strong>Miss\u00e4? <\/strong><\/h2>\n<p>Five Victorian Frogs -peli\u00e4 voi tulla pelaamaan Wasa Future Festivalin pitopaikalle, Wasa Innovation Centeriin Vaasan Pukinkulmalle.<\/p>\n<p>Osoite on Gerbyntie 16, tarkempi sijainti Katakombit.<\/p>\n<h2><strong>Milloin?<img loading=\"lazy\" decoding=\"async\" class=\"wp-image-1242 alignright\" src=\"https:\/\/sites.uwasa.fi\/butterfly\/wp-content\/blogs.dir\/4\/files\/sites\/248\/2025\/05\/frogs-combined-v1.png\" alt=\"Colourful title page of five Victorian frogs\" width=\"552\" height=\"647\" srcset=\"https:\/\/sites.uwasa.fi\/butterfly\/wp-content\/blogs.dir\/4\/files\/sites\/248\/2025\/05\/frogs-combined-v1.png 1748w, https:\/\/sites.uwasa.fi\/butterfly\/wp-content\/blogs.dir\/4\/files\/sites\/248\/2025\/05\/frogs-combined-v1-256x300.png 256w, https:\/\/sites.uwasa.fi\/butterfly\/wp-content\/blogs.dir\/4\/files\/sites\/248\/2025\/05\/frogs-combined-v1-874x1024.png 874w, https:\/\/sites.uwasa.fi\/butterfly\/wp-content\/blogs.dir\/4\/files\/sites\/248\/2025\/05\/frogs-combined-v1-768x900.png 768w, https:\/\/sites.uwasa.fi\/butterfly\/wp-content\/blogs.dir\/4\/files\/sites\/248\/2025\/05\/frogs-combined-v1-1311x1536.png 1311w\" sizes=\"(max-width: 552px) 100vw, 552px\" \/><\/strong><\/h2>\n<p>Virallinen koulutusp\u00e4iv\u00e4 on keskiviikkona 13. elokuuta 2025. Ohjelma j\u00e4rjestet\u00e4\u00e4n joka tunti lounasaikaa lukuun ottamatta tasatunnein, ja se kest\u00e4\u00e4 45 minuuttia.<\/p>\n<p><strong>Aikataulu 13. elokuuta:<\/strong><\/p>\n<ul>\n<li>10:00-10:45<\/li>\n<li>11:00-11:45<\/li>\n<li>13:00-13:45<\/li>\n<li>14:00-14:45<\/li>\n<li>15:00-15:45<\/li>\n<\/ul>\n<p>&nbsp;<\/p>\n<p>Lis\u00e4ksi on mahdollista varata aikoja Butterfly-n\u00e4yttelyn aikana (18.\u201329. elokuuta 2025).<\/p>\n<p>Osallistuminen kannattaa varata ennakkoon, jotta mukaan p\u00e4\u00e4see varmasti!<\/p>\n<p>Tervetuloa!<\/p>\n<h2><strong>Miten?<\/strong><\/h2>\n<p>Ajan varaamiseksi ota yhteytt\u00e4 s\u00e4hk\u00f6postitse tai puhelimitse Rebekah Rousiin:<\/p>\n<p>\ud83d\udce7 <strong>rebekah.rousi@uwasa.fi<\/strong><br \/>\n\ud83d\udcde <strong>+358 44 238 1044<\/strong><\/p>\n<p>&nbsp;<\/p>\n<h2><strong>\ud83e\udd8b<\/strong><strong> Mit\u00e4 tarkoittaa perhosvaikutus?<\/strong><\/h2>\n<p>Perhosvaikutus (tai -efekti) tarkoittaa, ett\u00e4 pienet muutokset voivat johtaa suuriin vaikutuksiin. Aivan kuten perhosen siivenisku voi muuttaa s\u00e4\u00e4t\u00e4 kaukana, my\u00f6s jokap\u00e4iv\u00e4iset tekomme \u2013 hyv\u00e4t tai huonot \u2013 voivat heijastua ymp\u00e4rist\u00f6\u00f6n. Perhosvaikutus ymm\u00e4rret\u00e4\u00e4n usein v\u00e4\u00e4rin kaaoksen symbolina, mutta meteorologi Edward Lorenz tarkoittaa sill\u00e4 enemm\u00e4n. H\u00e4n osoittaa, ett\u00e4 ep\u00e4j\u00e4rjestyksess\u00e4 on kaavoja ja ett\u00e4 pienet muutokset voivat johtaa uusiin, ennustettaviin tulevaisuuksiin, jos kiinnit\u00e4mme niihin huomiota.<\/p>\n<p>Perhosvaikutuksen hengess\u00e4 Five Victorian Frogs -immersiivinen kokemus kutsuu lapset ja perheet tutkimaan, kuinka pienet ymp\u00e4rist\u00f6n muutokset, kuten puhdas vesi tai entistetty elinymp\u00e4rist\u00f6, voivat johtaa todellisiin, pysyviin muutoksiin. Lis\u00e4tyn todellisuuden ja leikkimielisen roolileikin avulla osallistujat oppivat, ett\u00e4 heid\u00e4n valinnoillaan on merkityst\u00e4 ja ett\u00e4 luova toiminta voi muovata parempaa maailmaa.<\/p>\n<p>&nbsp;<\/p>\n<h2><strong>\ud83d\udc38<\/strong><strong> Five Victorian Frogs: Immersiivinen oppimispeli (ILE)<\/strong><\/h2>\n<p>Peli yhdist\u00e4\u00e4 digitaalisen taiteen k\u00e4yt\u00e4nt\u00f6\u00e4 ja tieteellist\u00e4 tutkimusta. Five Victorian Frogs on uuden median installaatio, joka hy\u00f6dynt\u00e4\u00e4 lis\u00e4tty\u00e4 todellisuutta (AR) her\u00e4tt\u00e4ess\u00e4\u00e4n henkiin viisi Victorian osavaltion endeemist\u00e4 sammakkolajia Australiassa. N\u00e4ist\u00e4 sammakoista jokainen on paikallisen ekosysteemin terveyden ja ymp\u00e4rist\u00f6n muutosten bioindikaattori eli ilmaisija. Peliss\u00e4 on niin tarkkoja tieteellisi\u00e4 yksityiskohtia ett\u00e4 se on sek\u00e4 pedagoginen ett\u00e4 esteettinen kokemus.<\/p>\n<p>Immersiiviset opetuspelit v\u00e4hent\u00e4v\u00e4t koulutuksellista ep\u00e4tasa-arvoa. Luontoaiheinen Five Victorian Frogs pyrkii paikkaamaan puutteita luonnontieteiden opetuksessa. Interaktiivisten teknologioiden avulla ILE hy\u00f6dynt\u00e4\u00e4 digitaalisen mediataiteen mahdollisuuksia hauraiden ekosysteemien suojelemiseksi.<\/p>\n<p>&nbsp;<\/p>\n<h2><strong>\ud83d\udd2c<\/strong><strong> Erityishuomio koulutusohjelman taustatutkimuksesta<\/strong><\/h2>\n<p>T\u00e4m\u00e4 tutkimus yhdist\u00e4\u00e4 tutkijoita ja opettajia k\u00e4\u00e4nt\u00e4m\u00e4\u00e4n ilmastonmuutokseen liittyvi\u00e4 nykytutkimusk\u00e4yt\u00e4nt\u00f6j\u00e4 uudeksi opetussuunnitelmaksi, joka korostaa syv\u00e4llist\u00e4 tietoa tieteest\u00e4 ja tieteellisist\u00e4 k\u00e4yt\u00e4nn\u00f6ist\u00e4, arvoista ja p\u00e4\u00e4t\u00f6ksenteosta. Tavoitteena on valmistaa oppilaita 2000-luvun monimutkaisiin ty\u00f6el\u00e4m\u00e4n tulevaisuuksiin ja suuriin ilmastoon liittyviin yhteiskunnallisiin haasteisiin.<\/p>\n<p>Tutkijat Australiassa selvitt\u00e4v\u00e4t, kuinka ilmastonmuutoksen opetusta voidaan kehitt\u00e4\u00e4 osana laajennettua luonnontieteiden opetuksen k\u00e4sitett\u00e4, jotta oppilaat voivat osallistua a) nykyaikaisiin ilmastonmuutokseen liittyviin tutkimus- ja kehitysk\u00e4yt\u00e4nt\u00f6ihin; ja b) p\u00e4\u00e4t\u00f6ksentekoon ja toimintaan tieteellisten l\u00f6yd\u00f6sten ja ratkaisujen arvioinnin sek\u00e4 laajempien tietoj\u00e4rjestelmien ja arvojen pohjalta.<\/p>\n<p>T\u00e4m\u00e4n aloitteen ovat kehitt\u00e4neet Toija Cinque ja Peta White.<\/p>\n<p><strong><img loading=\"lazy\" decoding=\"async\" class=\" wp-image-1240 alignleft\" src=\"https:\/\/sites.uwasa.fi\/butterfly\/wp-content\/blogs.dir\/4\/files\/sites\/248\/2025\/05\/bibrons-toadlet.png\" alt=\"Picture of someone holding a tablet over a colouring in picture of a Bibrans toadlet\" width=\"616\" height=\"722\" srcset=\"https:\/\/sites.uwasa.fi\/butterfly\/wp-content\/blogs.dir\/4\/files\/sites\/248\/2025\/05\/bibrons-toadlet.png 1748w, https:\/\/sites.uwasa.fi\/butterfly\/wp-content\/blogs.dir\/4\/files\/sites\/248\/2025\/05\/bibrons-toadlet-256x300.png 256w, https:\/\/sites.uwasa.fi\/butterfly\/wp-content\/blogs.dir\/4\/files\/sites\/248\/2025\/05\/bibrons-toadlet-874x1024.png 874w, https:\/\/sites.uwasa.fi\/butterfly\/wp-content\/blogs.dir\/4\/files\/sites\/248\/2025\/05\/bibrons-toadlet-768x900.png 768w, https:\/\/sites.uwasa.fi\/butterfly\/wp-content\/blogs.dir\/4\/files\/sites\/248\/2025\/05\/bibrons-toadlet-1311x1536.png 1311w\" sizes=\"(max-width: 616px) 100vw, 616px\" \/><\/strong><\/p>\n<p>&nbsp;<\/p>\n<p>&nbsp;<\/p>\n<p>&nbsp;<\/p>\n<p>&nbsp;<\/p>\n<p>&nbsp;<\/p>\n<p>&nbsp;<\/p>\n<p>&nbsp;<\/p>\n<p>&nbsp;<\/p>\n<p>&nbsp;<\/p>\n<p>&nbsp;<\/p>\n<p>&nbsp;<\/p>\n<p>&nbsp;<\/p>\n<p>&nbsp;<\/p>\n<p>&nbsp;<\/p>\n<p>&nbsp;<\/p>\n<p>&nbsp;<\/p>\n","protected":false},"excerpt":{"rendered":"<p>Mit\u00e4? Tervetuloa tutustumaan australialaisiin sammakkolajeihin! Butterfly-n\u00e4yttelyn osana p\u00e4\u00e4see kokeilemaan Five Victorian Frogs -peli\u00e4, joka on tarkoitettu 5\u201395-vuotiaille. Interaktiivinen lis\u00e4tyn todellisuuden (AR) installaatio her\u00e4tt\u00e4\u00e4 henkiin viisi Victorian osavaltion merkitt\u00e4v\u00e4\u00e4 sammakkolajia, joista jokainen kertoo ymp\u00e4rist\u00f6n muutoksista. Pelaamisen j\u00e4lkeen osallistujat voivat keskustella ekologisista perhosvaikutuksista, ilmastonmuutoksesta ja lajien keskin\u00e4isist\u00e4 riippuvuuksista. Pohdintakeskustelu p\u00e4\u00e4ttyy lyhyeen kyselyyn, joka kannustaa kriittiseen ajatteluun ja [&hellip;]<\/p>\n","protected":false},"author":388,"featured_media":0,"parent":0,"menu_order":0,"comment_status":"closed","ping_status":"closed","template":"","meta":{"_acf_changed":false,"footnotes":""},"class_list":["post-1199","page","type-page","status-publish","hentry"],"acf":[],"lang":"fi","translations":{"fi":1199},"pll_sync_post":[],"_links":{"self":[{"href":"https:\/\/sites.uwasa.fi\/butterfly\/wp-json\/wp\/v2\/pages\/1199"}],"collection":[{"href":"https:\/\/sites.uwasa.fi\/butterfly\/wp-json\/wp\/v2\/pages"}],"about":[{"href":"https:\/\/sites.uwasa.fi\/butterfly\/wp-json\/wp\/v2\/types\/page"}],"author":[{"embeddable":true,"href":"https:\/\/sites.uwasa.fi\/butterfly\/wp-json\/wp\/v2\/users\/388"}],"replies":[{"embeddable":true,"href":"https:\/\/sites.uwasa.fi\/butterfly\/wp-json\/wp\/v2\/comments?post=1199"}],"version-history":[{"count":9,"href":"https:\/\/sites.uwasa.fi\/butterfly\/wp-json\/wp\/v2\/pages\/1199\/revisions"}],"predecessor-version":[{"id":1327,"href":"https:\/\/sites.uwasa.fi\/butterfly\/wp-json\/wp\/v2\/pages\/1199\/revisions\/1327"}],"wp:attachment":[{"href":"https:\/\/sites.uwasa.fi\/butterfly\/wp-json\/wp\/v2\/media?parent=1199"}],"curies":[{"name":"wp","href":"https:\/\/api.w.org\/{rel}","templated":true}]}}