{"id":1162,"date":"2025-05-14T08:59:12","date_gmt":"2025-05-14T05:59:12","guid":{"rendered":"https:\/\/sites.uwasa.fi\/butterfly\/?page_id=1162"},"modified":"2025-06-20T10:56:26","modified_gmt":"2025-06-20T07:56:26","slug":"media","status":"publish","type":"page","link":"https:\/\/sites.uwasa.fi\/butterfly\/media\/","title":{"rendered":"TIEDOTE 18.6.2025"},"content":{"rendered":"<table style=\"width: 632px\">\n<tbody>\n<tr>\n<td style=\"width: 316px\" width=\"312\">\n<p>Ennakkotiedote kes\u00e4kuu 2025<\/p>\n<p><strong>KANSAINV\u00c4LINEN INTERAKTIIVINEN UUDEN MEDIAN JA PERFORMANSSITAITEEN N\u00c4YTTELY JA OHEISOHJELMISTO<\/strong><\/p>\n<p>&nbsp;<\/td>\n<td style=\"width: 316px\" width=\"312\"><img loading=\"lazy\" decoding=\"async\" class=\"alignnone size-full wp-image-999\" src=\"https:\/\/sites.uwasa.fi\/butterfly\/wp-content\/blogs.dir\/4\/files\/sites\/248\/2025\/04\/butterfly-logo-website-1.jpg\" alt=\"Butterfly logo\" width=\"1876\" height=\"638\" srcset=\"https:\/\/sites.uwasa.fi\/butterfly\/wp-content\/blogs.dir\/4\/files\/sites\/248\/2025\/04\/butterfly-logo-website-1.jpg 1876w, https:\/\/sites.uwasa.fi\/butterfly\/wp-content\/blogs.dir\/4\/files\/sites\/248\/2025\/04\/butterfly-logo-website-1-300x102.jpg 300w, https:\/\/sites.uwasa.fi\/butterfly\/wp-content\/blogs.dir\/4\/files\/sites\/248\/2025\/04\/butterfly-logo-website-1-1024x348.jpg 1024w, https:\/\/sites.uwasa.fi\/butterfly\/wp-content\/blogs.dir\/4\/files\/sites\/248\/2025\/04\/butterfly-logo-website-1-768x261.jpg 768w, https:\/\/sites.uwasa.fi\/butterfly\/wp-content\/blogs.dir\/4\/files\/sites\/248\/2025\/04\/butterfly-logo-website-1-1536x522.jpg 1536w\" sizes=\"(max-width: 1876px) 100vw, 1876px\" \/><\/td>\n<\/tr>\n<\/tbody>\n<\/table>\n<p><strong>Mik\u00e4:<\/strong> Taidetta ja tiedett\u00e4 yhdist\u00e4v\u00e4 Butterfly -n\u00e4yttely<\/p>\n<p>Perhosvaikutusten tarkkailua globaaleissa ihmisten, teknologian ja ymp\u00e4rist\u00f6n v\u00e4lisiss\u00e4 vuorovaikutuksissa.<\/p>\n<p><strong>Miss\u00e4:<\/strong> \u201dKatakombit\u201d, Wasa Innovation Center, Pukinkulma, Gerbyntie 16, Vaasa<\/p>\n<p><strong>Milloin:<\/strong> N\u00e4yttely avoinna yleis\u00f6lle 12.-31. elokuuta 2025 osana Wasa Future Festivalia; Butterfly symposium 12.8.2025<\/p>\n<p><strong>N\u00e4yttelyn avajaiset kutsuvieraille:<\/strong> 11.8.2025 klo 17.30-19.30<\/p>\n<p><strong>Verkkosivusto:<\/strong> https:\/\/sites.uwasa.fi\/butterfly\/<\/p>\n<p>&nbsp;<\/p>\n<p><b><span data-contrast=\"none\">Butterfly<\/span><\/b><span data-contrast=\"none\">\u202fon Vaasan yliopiston, Deakin yliopiston, Uumajan yliopiston ja Tampereen yliopiston Games research labin yhteinen, Wasa Future Festivalin (11-16.8.2025) ohjelmistoon liitetty kansainv\u00e4linen interaktiivinen uuden median ja performanssitaiteen n\u00e4yttely sek\u00e4 siihen liittyv\u00e4 oheisohjelmisto (symposium ja ohjelmaa koululaisille).\u00a0<\/span><span data-ccp-props=\"{&quot;201341983&quot;:0,&quot;335559739&quot;:240,&quot;335559740&quot;:240}\">\u00a0<\/span><\/p>\n<p><span data-contrast=\"none\">Butterfly oheisohjelmistoineen k\u00e4sittelee digitalisaation, energian ja teollisuuden \u201dtodellisia perhosvaikutuksia\u201d ymp\u00e4rist\u00f6\u00f6n ja ihmisiin. N\u00e4yttely tarkastelee kriittisesti ihmisen ja luonnon v\u00e4list\u00e4 kehityst\u00e4 eri puolilla maailmaa. Mit\u00e4 digitaalisemmaksi tulemme yhdell\u00e4 alueella, sit\u00e4 merkitt\u00e4v\u00e4mm\u00e4ksi saattaa digitalisaation vaikutus kasvaa jollakin toisella alueella.<\/span><span data-ccp-props=\"{&quot;201341983&quot;:0,&quot;335559739&quot;:240,&quot;335559740&quot;:240}\">\u00a0<\/span><\/p>\n<p><span data-contrast=\"none\">Teollisuudesta on tulossa paitsi digitaalinen, my\u00f6s oletettavasti \u201d\u00e4lyk\u00e4s\u201d. Haasteena on l\u00f6yt\u00e4\u00e4 kest\u00e4vi\u00e4 energiaratkaisuja t\u00e4m\u00e4n \u00e4lykkyyden py\u00f6ritt\u00e4m\u00e4n teknologian yll\u00e4pit\u00e4miseksi. Jokainen pieni klikkaus ja haku Googlessa tai ChatGPT:ss\u00e4 kuluttaa luonnonvaroja. N\u00e4yttelyn filosofinen perusta on \u201dekosofia\u201d, filosofia ekologisten j\u00e4rjestelmien ja inhimillisten arvojen v\u00e4lisest\u00e4 keskin\u00e4isest\u00e4 yhteydest\u00e4. Ekosofia viittaa \u201dekoon\u201d (ekologia) ja \u201dsofiin\u201d (viisaus).<\/span><span data-ccp-props=\"{&quot;201341983&quot;:0,&quot;335559739&quot;:240,&quot;335559740&quot;:240}\">\u00a0<\/span><\/p>\n<p><span data-contrast=\"none\">N\u00e4yttely hy\u00f6dynt\u00e4\u00e4 samaa teknologiaa, jota se problematisoi \u2013 teko\u00e4ly\u00e4, virtuaalitodellisuutta, \u00e4\u00e4nidataa ja paljon muuta \u2013 osoittaakseen, kuinka n\u00e4m\u00e4 teknologiat m\u00e4\u00e4ritt\u00e4v\u00e4t el\u00e4m\u00e4\u00e4mme ja kuinka taide, voimansa kautta, k\u00e4ytt\u00e4\u00e4 teknologiaa itsens\u00e4 kritisointiin.<\/span><span data-ccp-props=\"{&quot;201341983&quot;:0,&quot;335559739&quot;:240,&quot;335559740&quot;:240}\">\u00a0<\/span><\/p>\n<p><span data-contrast=\"none\">Butterfly-n\u00e4yttelyn on tuottanut Vaasan yliopiston ty\u00f6el\u00e4m\u00e4professori\u202f<\/span><b><span data-contrast=\"none\">Elina Melgin<\/span><\/b><span data-contrast=\"none\">, ja sen on kuratoinut kansainv\u00e4linen tiimi, johon kuuluvat apulaisprofessori\u202f<\/span><b><span data-contrast=\"none\">Rebekah Rousi\u202f<\/span><\/b><span data-contrast=\"none\">(VME Interaction Design Environment, Vaasan yliopisto, Suomi), apulaisprofessori\u202f<\/span><b><span data-contrast=\"none\">Toija Cinque\u202f<\/span><\/b><span data-contrast=\"none\">(Critical Digital Infrastructures and Interfaces (CDII) -tutkimusryhm\u00e4, Deakinin yliopisto, Melbourne, Australia), tohtori\u202f<\/span><b><span data-contrast=\"none\">Anne Scott Wilson<\/span><\/b><span data-contrast=\"none\">\u202f(Deakin Motion Lab, Deakinin yliopisto, Melbourne, Australia),\u202f<\/span><b><span data-contrast=\"none\">Aska Mayer<\/span><\/b><span data-contrast=\"none\">\u202f(Tampereen yliopisto, Suomi), apulaisprofessori\u202f<\/span><b><span data-contrast=\"none\">Esteban Guerrero Rosero<\/span><\/b><span data-contrast=\"none\">\u202f(Uumajan yliopisto, Ruotsi). N\u00e4yttelyn arkkitehtuurista vastaa yhdess\u00e4 kuraattoriryhm\u00e4n kanssa\u202f<\/span><b><span data-contrast=\"none\">Lyndsey Morley<\/span><\/b><span data-contrast=\"none\">\u202f(Iso-Britannia ja Suomi, Vaasan yliopisto).<\/span><span data-ccp-props=\"{&quot;201341983&quot;:0,&quot;335559739&quot;:240,&quot;335559740&quot;:240}\">\u00a0<\/span><\/p>\n<p><span data-contrast=\"none\">Taiteilijoihin kuuluu kansainv\u00e4lisesti tunnustettuja taiteilijoita: <\/span><b><span data-contrast=\"none\">Moa Cederberg<\/span><\/b><span data-contrast=\"none\"> (Suomi), <\/span><b><span data-contrast=\"none\">Jurgis Peters<\/span><\/b><span data-contrast=\"none\"> (Latvia ja Suomi),\u00a0<strong>Samuel Kujala<\/strong> (Suomi), <\/span><b><span data-contrast=\"none\">Anne Scott Wilson<\/span><\/b><span data-contrast=\"none\"> (Australia), <\/span><b><span data-contrast=\"none\">Cameron Bishop<\/span><\/b><span data-contrast=\"none\"> (Australia), <\/span><b><span data-contrast=\"none\">Spencer Rose<\/span><\/b><span data-contrast=\"none\"> (Australia), <\/span><b><span data-contrast=\"none\">Benjamin Knock<\/span><\/b><span data-contrast=\"none\"> (Australia), <\/span><b><span data-contrast=\"none\">Frederick Rodrigues<\/span><\/b><span data-contrast=\"none\"> (Australia), <\/span><b><span data-contrast=\"none\">Katey O\u2019Sullivan<\/span><\/b><span data-contrast=\"none\"> (Australia), <\/span><b><span data-contrast=\"none\">Domenico de Clario<\/span><\/b><span data-contrast=\"none\"> (Italia ja Australia), <\/span><b><span data-contrast=\"none\">Daniel Shanken<\/span><\/b><span data-contrast=\"none\"> (Ruotsi) ja <\/span><b><span data-contrast=\"none\">Nikiforos Staveris<\/span><\/b><span data-contrast=\"none\"> (Kreikka ja Ruotsi), sek\u00e4 useita palkintoja voittaneet <\/span><b><span data-contrast=\"none\">Jack Manning Bancroft<\/span><\/b><span data-contrast=\"none\"> ja <\/span><b><span data-contrast=\"none\">Tyson Yunkaporta<\/span><\/b><span data-contrast=\"none\">, jotka yhdist\u00e4v\u00e4t voimansa tuodakseen uutta sanastoa nopeasti kehittyv\u00e4\u00e4n digitaaliseen maisemaan Australian alkuper\u00e4iskansojen tietoj\u00e4rjestelmien kautta. Katso taiteilijaesittelyt sivuston yl\u00e4palkista.<\/span><span data-ccp-props=\"{&quot;201341983&quot;:0,&quot;335559739&quot;:240,&quot;335559740&quot;:240}\">\u00a0<\/span><\/p>\n<p><span data-contrast=\"none\">Taiteilijat k\u00e4sittelev\u00e4t teko\u00e4lyn, kest\u00e4vyyden ja ekosofian kysymyksi\u00e4 ja vaikutuksia kulttuuriin, kieleen, yhteiskuntaan, ymp\u00e4rist\u00f6\u00f6n, ihmisen toimijuuteen ja ihmissuhteisiin.<\/span><span data-ccp-props=\"{&quot;201341983&quot;:0,&quot;335559739&quot;:240,&quot;335559740&quot;:240}\">\u00a0<\/span><\/p>\n<p><span data-contrast=\"none\">N\u00e4yttely on syntynyt apurahoituksen ja kumppanuuksien turvin, joista Wasa Innovation Center on merkitt\u00e4vin. Lista rahoittajakumppaneista l\u00f6ytyy verkkosivustolta.<\/span><span data-ccp-props=\"{&quot;201341983&quot;:0,&quot;335559739&quot;:240,&quot;335559740&quot;:240}\">\u00a0<\/span><\/p>\n<p><strong>Taiden\u00e4yttelyn luettelo ilmestyy hein\u00e4kuussa<\/strong><\/p>\n<p>Butterfly-n\u00e4yttelyst\u00e4 julkaistaan noin 80-sivun <strong>taiden\u00e4yttelyluettelo<\/strong> (Butterfly: glo-cal effect of data, energy, and industry), jossa kerrotaan tapahtuman taustalla tehdyst\u00e4 ty\u00f6st\u00e4 sek\u00e4 lis\u00e4tietoja tapahtumaan liittyen. <span class=\"NormalTextRun SCXW90144675 BCX0\">Luettelon toimittajia ovat <\/span><span class=\"NormalTextRun SpellingErrorV2Themed SCXW90144675 BCX0\">Rebekah<\/span> <span class=\"NormalTextRun SpellingErrorV2Themed SCXW90144675 BCX0\">Rousi<\/span><span class=\"NormalTextRun SCXW90144675 BCX0\">, <\/span><span class=\"NormalTextRun SpellingErrorV2Themed SCXW90144675 BCX0\">Toija<\/span> <span class=\"NormalTextRun SpellingErrorV2Themed SCXW90144675 BCX0\">Cinque<\/span><span class=\"NormalTextRun SCXW90144675 BCX0\"> ja <\/span><span class=\"NormalTextRun SpellingErrorV2Themed SCXW90144675 BCX0\">Katey<\/span> <span class=\"NormalTextRun SpellingErrorV2Themed SCXW90144675 BCX0\">O\u00b4Sullivan<\/span><span class=\"NormalTextRun SCXW90144675 BCX0\">. Painatuksen kustannuksista vastaa UPC <\/span><span class=\"NormalTextRun SpellingErrorV2Themed SCXW90144675 BCX0\">Print<\/span><span class=\"NormalTextRun SCXW90144675 BCX0\">, Vaasa.<\/span><\/p>\n<p><span data-contrast=\"none\">Luettelo sis\u00e4lt\u00e4\u00e4:<\/span><span data-ccp-props=\"{&quot;201341983&quot;:0,&quot;335559739&quot;:240,&quot;335559740&quot;:240}\">\u00a0<\/span><\/p>\n<ul>\n<li data-leveltext=\"\uf0b7\" data-font=\"Symbol\" data-listid=\"1\" data-list-defn-props=\"{&quot;335552541&quot;:1,&quot;335559685&quot;:720,&quot;335559991&quot;:360,&quot;469769226&quot;:&quot;Symbol&quot;,&quot;469769242&quot;:[8226],&quot;469777803&quot;:&quot;left&quot;,&quot;469777804&quot;:&quot;\uf0b7&quot;,&quot;469777815&quot;:&quot;multilevel&quot;}\" data-aria-posinset=\"1\" data-aria-level=\"1\"><span data-contrast=\"none\">18 taiteilijaesittely\u00e4<\/span><span data-ccp-props=\"{&quot;201341983&quot;:0,&quot;335559739&quot;:240,&quot;335559740&quot;:240}\">\u00a0<\/span><\/li>\n<\/ul>\n<ul>\n<li data-leveltext=\"\uf0b7\" data-font=\"Symbol\" data-listid=\"1\" data-list-defn-props=\"{&quot;335552541&quot;:1,&quot;335559685&quot;:720,&quot;335559991&quot;:360,&quot;469769226&quot;:&quot;Symbol&quot;,&quot;469769242&quot;:[8226],&quot;469777803&quot;:&quot;left&quot;,&quot;469777804&quot;:&quot;\uf0b7&quot;,&quot;469777815&quot;:&quot;multilevel&quot;}\" data-aria-posinset=\"2\" data-aria-level=\"1\"><span data-contrast=\"none\">Viisi tieteellist\u00e4 artikkelia<\/span><span data-ccp-props=\"{&quot;201341983&quot;:0,&quot;335559739&quot;:240,&quot;335559740&quot;:240}\">\u00a0<\/span><\/li>\n<\/ul>\n<p><span data-contrast=\"none\">Lehdist\u00f6n edustajat voivat pyyt\u00e4\u00e4 ennakkokappaleita (painettu tai pdf) etuk\u00e4teen:<\/span><span data-ccp-props=\"{&quot;201341983&quot;:0,&quot;335559739&quot;:240,&quot;335559740&quot;:240}\">\u00a0<\/span><\/p>\n<p><span data-contrast=\"none\">Rebekah Rousi, rebekah.rousi(at)uwasa.fi (kuraattori)<\/span><span data-ccp-props=\"{&quot;201341983&quot;:0,&quot;335559739&quot;:240,&quot;335559740&quot;:240}\">\u00a0<\/span><\/p>\n<p><span data-ccp-props=\"{&quot;201341983&quot;:0,&quot;335559739&quot;:240,&quot;335559740&quot;:240}\">\u00a0<\/span><\/p>\n<p><b><span data-contrast=\"none\">Lis\u00e4tietoja:<\/span><\/b><span data-ccp-props=\"{&quot;201341983&quot;:0,&quot;335559739&quot;:240,&quot;335559740&quot;:240}\">\u00a0<\/span><\/p>\n<p><span data-contrast=\"none\">Elina Melgin, elina.melgin@uwasa.fi; 040 821 1688 [Tuottaja]<\/span><span data-ccp-props=\"{&quot;201341983&quot;:0,&quot;335559739&quot;:240,&quot;335559740&quot;:240}\">\u00a0<\/span><\/p>\n<p><span data-contrast=\"none\">Rebekah Rousi Rebekah.rousi@uwasa.fi; 050 431 7883 [Kuraattori]<\/span><span data-ccp-props=\"{&quot;201341983&quot;:0,&quot;335559739&quot;:240,&quot;335559740&quot;:240}\">\u00a0<\/span><\/p>\n","protected":false},"excerpt":{"rendered":"<p>Ennakkotiedote kes\u00e4kuu 2025 KANSAINV\u00c4LINEN INTERAKTIIVINEN UUDEN MEDIAN JA PERFORMANSSITAITEEN N\u00c4YTTELY JA OHEISOHJELMISTO &nbsp; Mik\u00e4: Taidetta ja tiedett\u00e4 yhdist\u00e4v\u00e4 Butterfly -n\u00e4yttely Perhosvaikutusten tarkkailua globaaleissa ihmisten, teknologian ja ymp\u00e4rist\u00f6n v\u00e4lisiss\u00e4 vuorovaikutuksissa. Miss\u00e4: \u201dKatakombit\u201d, Wasa Innovation Center, Pukinkulma, Gerbyntie 16, Vaasa Milloin: N\u00e4yttely avoinna yleis\u00f6lle 12.-31. elokuuta 2025 osana Wasa Future Festivalia; Butterfly symposium 12.8.2025 N\u00e4yttelyn avajaiset kutsuvieraille: [&hellip;]<\/p>\n","protected":false},"author":388,"featured_media":1167,"parent":0,"menu_order":0,"comment_status":"closed","ping_status":"closed","template":"","meta":{"_acf_changed":false,"footnotes":""},"class_list":["post-1162","page","type-page","status-publish","has-post-thumbnail","hentry"],"acf":[],"lang":"fi","translations":{"fi":1162},"pll_sync_post":[],"_links":{"self":[{"href":"https:\/\/sites.uwasa.fi\/butterfly\/wp-json\/wp\/v2\/pages\/1162"}],"collection":[{"href":"https:\/\/sites.uwasa.fi\/butterfly\/wp-json\/wp\/v2\/pages"}],"about":[{"href":"https:\/\/sites.uwasa.fi\/butterfly\/wp-json\/wp\/v2\/types\/page"}],"author":[{"embeddable":true,"href":"https:\/\/sites.uwasa.fi\/butterfly\/wp-json\/wp\/v2\/users\/388"}],"replies":[{"embeddable":true,"href":"https:\/\/sites.uwasa.fi\/butterfly\/wp-json\/wp\/v2\/comments?post=1162"}],"version-history":[{"count":12,"href":"https:\/\/sites.uwasa.fi\/butterfly\/wp-json\/wp\/v2\/pages\/1162\/revisions"}],"predecessor-version":[{"id":1288,"href":"https:\/\/sites.uwasa.fi\/butterfly\/wp-json\/wp\/v2\/pages\/1162\/revisions\/1288"}],"wp:featuredmedia":[{"embeddable":true,"href":"https:\/\/sites.uwasa.fi\/butterfly\/wp-json\/wp\/v2\/media\/1167"}],"wp:attachment":[{"href":"https:\/\/sites.uwasa.fi\/butterfly\/wp-json\/wp\/v2\/media?parent=1162"}],"curies":[{"name":"wp","href":"https:\/\/api.w.org\/{rel}","templated":true}]}}