{"id":1128,"date":"2025-05-08T12:49:54","date_gmt":"2025-05-08T09:49:54","guid":{"rendered":"https:\/\/sites.uwasa.fi\/butterfly\/?page_id=1128"},"modified":"2025-08-06T06:51:11","modified_gmt":"2025-08-06T03:51:11","slug":"symposium-ja-tyopaja-ohjelma","status":"publish","type":"page","link":"https:\/\/sites.uwasa.fi\/butterfly\/symposium-ja-tyopaja-ohjelma\/","title":{"rendered":"Symposium ja ty\u00f6paja \u2013 ohjelma"},"content":{"rendered":"<p><strong>Symposium<img loading=\"lazy\" decoding=\"async\" class=\" wp-image-1007 alignright\" src=\"https:\/\/sites.uwasa.fi\/butterfly\/wp-content\/blogs.dir\/4\/files\/sites\/248\/2025\/04\/cropped-logo-butterfly.jpg\" alt=\"Butterfly plain logo\" width=\"436\" height=\"436\" srcset=\"https:\/\/sites.uwasa.fi\/butterfly\/wp-content\/blogs.dir\/4\/files\/sites\/248\/2025\/04\/cropped-logo-butterfly.jpg 512w, https:\/\/sites.uwasa.fi\/butterfly\/wp-content\/blogs.dir\/4\/files\/sites\/248\/2025\/04\/cropped-logo-butterfly-300x300.jpg 300w, https:\/\/sites.uwasa.fi\/butterfly\/wp-content\/blogs.dir\/4\/files\/sites\/248\/2025\/04\/cropped-logo-butterfly-150x150.jpg 150w, https:\/\/sites.uwasa.fi\/butterfly\/wp-content\/blogs.dir\/4\/files\/sites\/248\/2025\/04\/cropped-logo-butterfly-270x270.jpg 270w, https:\/\/sites.uwasa.fi\/butterfly\/wp-content\/blogs.dir\/4\/files\/sites\/248\/2025\/04\/cropped-logo-butterfly-192x192.jpg 192w, https:\/\/sites.uwasa.fi\/butterfly\/wp-content\/blogs.dir\/4\/files\/sites\/248\/2025\/04\/cropped-logo-butterfly-180x180.jpg 180w, https:\/\/sites.uwasa.fi\/butterfly\/wp-content\/blogs.dir\/4\/files\/sites\/248\/2025\/04\/cropped-logo-butterfly-32x32.jpg 32w\" sizes=\"(max-width: 436px) 100vw, 436px\" \/><\/strong><\/p>\n<p>&#8220;Perhonen&#8221; ei viittaa ainoastaan kauniiseen hy\u00f6nteiseen, vaan my\u00f6s k\u00e4sitteeseen, jolla kuvataan sit\u00e4, kuinka pienetkin muutokset j\u00e4rjestelm\u00e4n alkuolosuhteissa voivat johtaa suuriin ja ennalta arvaamattomiin vaikutuksiin (Palmer, D\u00f6ring &amp; Seregin, 2014). Pienikin muutos yksitt\u00e4isess\u00e4 j\u00e4rjestelm\u00e4n osassa voi aikaansaada j\u00e4rjestelm\u00e4ss\u00e4 kaoottisia ja laaja-alaisia vaikutuksia. T\u00e4t\u00e4 ilmi\u00f6t\u00e4 kutsutaan perhosefektiksi, ja sen esitti ensimm\u00e4isen\u00e4 meteorologi Ed Lorenz 1960-luvulla. H\u00e4nen mukaansa monimutkaisissa j\u00e4rjestelmiss\u00e4, kuten ilmakeh\u00e4ss\u00e4, pienten alkuper\u00e4isten erojen perusteella voimme osittain ennustaa tulevaa.<\/p>\n<p>K\u00e4yt\u00e4mme perhosefekti\u00e4 kuvaamaan sek\u00e4 kaaosteoriassa tunnistettuja herkki\u00e4 riippuvuuksia (Yorke &amp; Li, 1975) ett\u00e4 ilmi\u00f6t\u00e4, jossa pienet l\u00e4ht\u00f6tilanteiden eroavaisuudet voivat johtaa hyvin erilaisiin lopputuloksiin. Samalla k\u00e4yt\u00e4mme termi\u00e4 kuvaamaan, kuinka n\u00e4it\u00e4 radikaalisti erilaisia lopputuloksia voidaan jollain tavalla ennustaa taiteen ja tutkimuksen avulla.<\/p>\n<p>Lorenzin mukaan &#8220;todellinen perhosefekti&#8221; liittyy siihen, ett\u00e4 tulevaisuutta ei voi t\u00e4ysin purkaa tai hallita \u2013 etenkin kun kyse on luonnosta tai globaaleista ilmi\u00f6ist\u00e4. Tulevaisuuden vaikutukset voivat ilmet\u00e4 odottamattomilla tavoilla, mutta siit\u00e4 huolimatta on mahdollista kuvitella ja ennakoida vaihtoehtoisia todellisuuksia.<\/p>\n<p>Koska symposiumin painopiste on digitaalisessa teknologiassa ja tietopohjaisissa j\u00e4rjestelmiss\u00e4 (eli teko\u00e4lyss\u00e4), pyrimme korostamaan datan kaikkialle ulottuvaa l\u00e4sn\u00e4oloa ja huomioimaan sen potentiaalia luovassa ty\u00f6ss\u00e4. N\u00e4yttely tuo esiin digitaalisten maailmojen hy\u00f6dynt\u00e4m\u00e4tt\u00f6m\u00e4t mahdollisuudet vahvistaa ekologista herkkyytt\u00e4mme. Se tuo yhteen taiteilijat, heid\u00e4n teoksensa, tutkijat ja asiantuntijat eri aloilta (tekniikasta, energiasta, tietojenk\u00e4sittelyst\u00e4, liiketaloudesta ja viestinn\u00e4st\u00e4).<\/p>\n<p>&nbsp;<\/p>\n<p><strong><em>L\u00e4hteet (References)<\/em><\/strong><\/p>\n<p>Palmer, T. N., D\u00f6ring, A., &amp; Seregin, G. (2014). The real butterfly effect. Nonlinearity, 27(9), R123.<\/p>\n<p>Yorke, J. A., &amp; Li, T. Y. (1975).\u00a0<em>Period Three Implies Chaos<\/em>. American Mathematical Monthly, 82(10), 985-992.<\/p>\n<p>&nbsp;<\/p>\n<h3><strong>OHJELMA:\u00a0<\/strong><\/h3>\n<p><strong>PAIKKA: The Barn, Wasa Innovation Center<\/strong><\/p>\n<p>9:00\u20139:15\u2003<strong>Avaussanat <\/strong>\u2013 Rebekah Rousi &amp; Toija Cinque<\/p>\n<p>9:15\u201310\u2003<strong>Avauspuhe<\/strong> \u2013 Juhani Risku: Taide ja muotoilu ovat tiedon, taidon, ymm\u00e4rryksen ja kritiikin korkeamman abstraktion ilmi\u00f6it\u00e4 \u2192 Uusi johtajuus alkaa<\/p>\n<p>10\u201310:15\u2003<strong>Kahvitauko <\/strong><\/p>\n<p>10:15\u201311:15\u2003<strong>Paperiesitykset<\/strong><\/p>\n<p><em>X:st\u00e4 ikuisuuteen<\/em>, Anne Scott Wilson &amp; Cameron Bishop, Deakin-yliopisto, Australia<\/p>\n<p><em>Tulivuoren sis\u00e4ll\u00e4<\/em>, Benjamin Knock, taiteilija, Melbourne, Australia<\/p>\n<p><em>\u00d6ljy, koodi ja p\u00f6ly: Iranin kytk\u00f6kset dataan ja energiaan glo-klaalisessa j\u00e4rjestelm\u00e4ss\u00e4<\/em>, Shahriar Khonsari &amp; Neda Nikoi, Teheranin yliopisto, Iran<\/p>\n<p><em>Tyhjyyden ylitt\u00e4minen: Eettisen journalismin rooli glo-klaalisella avaruusajalla \u2013 oppeja ShakthiSAT-missiosta,<\/em> Sukruti Narayanan, maailmanlaajuinen kumppanuusp\u00e4\u00e4llikk\u00f6 \u2013 ShakthiSAT; The Hustler -toimittaja, Sydney, Australia<\/p>\n<p>11:15\u201312:15\u2003<strong>Lounas<\/strong> (omakustanteinen)<\/p>\n<p>12:15\u201313:00\u2003<strong>Avauspuhe<\/strong> \u2013 Anne Stenros: Luovuus<\/p>\n<p>13:00\u201314:00\u2003<strong>Esitelm\u00e4esitykset<\/strong><\/p>\n<p><em>Tekno-luonnolliset yhteydet: Interaktiivinen aktivistitaide ekologisen tietoisuuden edist\u00e4miseksi<\/em>, Toija Cinque, Deakin-yliopisto, Australia<\/p>\n<p><em>Teko\u00e4ly, luovuus ja etiikka<\/em>, Esteban Guerrero Rosero, Uumajan yliopisto, Ruotsi<\/p>\n<p><em>(Post)apokalyptisten maisemien suunnittelu: Tulevaisuuskuvitelmien tutkiminen pelikulttuurien kautta<\/em>, Aska Mayer, <span style=\"font-weight: 400\">Game Research Lab, Tampere University &amp; Centre of Excellence in Game Culture Studies, Finland<\/span><\/p>\n<p><em>L\u00e4heisyyden tarve ja sen v\u00e4\u00e4rink\u00e4ytt\u00f6 \u2013 tietosuojan ekologiset seuraukset<\/em>, Rebekah Rousi, Vaasan yliopisto, Suomi<\/p>\n<p>&#8212;<\/p>\n<p>Would you like these formatted for a catalog, exhibition text, or something else? Happy to help shape the style.<\/p>\n<p>14:00\u201314:15\u2003<strong>Kahvitauko <\/strong><\/p>\n<p>14:15\u201315:00\u2003<strong>Fishbowl<\/strong>-keskustelu<\/p>\n<p><span lang=\"en-AU\"><span data-olk-copy-source=\"MessageBody\">Ilmoittauduthan symposiumiin etuk\u00e4teen oheisen linkin kautta: &lt;<\/span><\/span><strong><a title=\"Alkuper\u00e4inen URL-osoite: https:\/\/www.eventbrite.com.au\/e\/butterfly-glo-cal-effects-of-data-energy-and-industry-tickets-1520553940769?aff=oddtdtcreator. Napsauta tai napauta, jos luotat t\u00e4h\u00e4n linkkiin.\" href=\"https:\/\/eur01.safelinks.protection.outlook.com\/?url=https%3A%2F%2Fwww.eventbrite.com.au%2Fe%2Fbutterfly-glo-cal-effects-of-data-energy-and-industry-tickets-1520553940769%3Faff%3Doddtdtcreator&amp;data=05%7C02%7Cx8185569%40student.uwasa.fi%7C5d053ec1c1fa46b8247c08ddcd99971b%7Cf0c6a04190a24a878c824c8c17312ba2%7C0%7C0%7C638892781728783097%7CUnknown%7CTWFpbGZsb3d8eyJFbXB0eU1hcGkiOnRydWUsIlYiOiIwLjAuMDAwMCIsIlAiOiJXaW4zMiIsIkFOIjoiTWFpbCIsIldUIjoyfQ%3D%3D%7C0%7C%7C%7C&amp;sdata=fEHmNphr3dd5mmfwo%2FH64bhJCbpbwHoHHk3zpJWIo2k%3D&amp;reserved=0\" target=\"_blank\" rel=\"noopener noreferrer\" data-auth=\"NotApplicable\" data-linkindex=\"8\">https:\/\/www.eventbrite.com.au\/e\/butterfly-glo-cal-effects-of-data-energy-and-industry-tickets-1520553940769?aff=oddtdtcreator<\/a>&gt;\u00a0<\/strong><\/p>\n<p>Symposiumia voi seurata my\u00f6s verkossa.<\/p>\n<p>&nbsp;<\/p>\n<h2>KEYNOTE: Juhani Risku<\/h2>\n<figure id=\"attachment_1096\" aria-describedby=\"caption-attachment-1096\" style=\"width: 487px\" class=\"wp-caption alignright\"><img loading=\"lazy\" decoding=\"async\" class=\" wp-image-1096\" src=\"https:\/\/sites.uwasa.fi\/butterfly\/wp-content\/blogs.dir\/4\/files\/sites\/248\/2025\/05\/risku-juhani-portrait-2025-wasa-butterfly-671k.png\" alt=\"Juhani Risku with white hair, white shirt, mustach, beard and glasses.\" width=\"487\" height=\"469\" srcset=\"https:\/\/sites.uwasa.fi\/butterfly\/wp-content\/blogs.dir\/4\/files\/sites\/248\/2025\/05\/risku-juhani-portrait-2025-wasa-butterfly-671k.png 741w, https:\/\/sites.uwasa.fi\/butterfly\/wp-content\/blogs.dir\/4\/files\/sites\/248\/2025\/05\/risku-juhani-portrait-2025-wasa-butterfly-671k-300x289.png 300w\" sizes=\"(max-width: 487px) 100vw, 487px\" \/><figcaption id=\"caption-attachment-1096\" class=\"wp-caption-text\">Juhani Risku<\/figcaption><\/figure>\n<h4 data-sourcepos=\"3:1-3:119\"><em>Taide ja muotoilu ovat tiedon, taidon, ymm\u00e4rryksen ja kritiikin korkeamman abstraktion ilmi\u00f6it\u00e4 \u2013&gt; Uusi johtajuus alkaa<\/em><\/h4>\n<p data-sourcepos=\"5:1-5:449\">Kuka, mit\u00e4, miksi ja miten? <strong><a href=\"https:\/\/fi.wikipedia.org\/wiki\/Juhani_Risku\">Juhani Risku<\/a><\/strong> on opiskellut paljon aamuvirkkuna. Mutta h\u00e4n on my\u00f6s ollut oppipoikana viidelletoista mestarille 400 MW:n turbiineissa ja generaattoreissa; huone-, rakennus- ja fysikaalisessa akustiikassa; taideteollisuudessa; valokuvauksessa ja monilla muilla aloilla. Lopulta h\u00e4n v\u00e4itteli tohtoriksi taiteen, <a href=\"https:\/\/jyx.jyu.fi\/bitstreams\/e38804c6-6b20-44e7-a66d-ea83a203522f\/download\">muotoilun ja luovuuden vaikutuksesta startup-yrityksiin<\/a>. Nyt h\u00e4n palaa arkkitehtuuriin, taiteeseen ja k\u00e4sit\u00f6ihin.<\/p>\n<p data-sourcepos=\"7:1-7:460\">Muotoilu ja taide tarjoavat uuden l\u00e4hestymistavan johtajuuteen muun muassa siksi, ett\u00e4 ne tarjoavat korkeamman abstraktion luovuuteen ja k\u00e4yt\u00e4nn\u00f6n ty\u00f6h\u00f6n, yhdistettyn\u00e4 kansalaisrohkeuteen ja eettiseen asenteeseen. Muotoilijat ja taiteilijat ovat erityisen ahkeria, ja he viev\u00e4t ty\u00f6ns\u00e4 korkeimmalle tasolle tinkim\u00e4tt\u00e4 sis\u00e4ll\u00f6st\u00e4 ja laadusta. On my\u00f6s huomionarvoista, ett\u00e4 muotoilun abstraktio on ihmisiss\u00e4 syntym\u00e4st\u00e4 asti \u2013 koska taide on abstraktio aikuisille.<\/p>\n<p data-sourcepos=\"9:1-9:287\">Muotoilu ja taide muodostavat voimakkaan perhosvaikutuksen: yksitt\u00e4iset ihmiset nousevat koollekutsujiksi johtamaan tulevaisuutta Fibonaccin lukujonossa 0, 1, 1, 2, 3, 5, 8, 13, 21, 34, 55\u2026 \u2026 17711, 28657\u2026, mahdollistaen kaikkien osallistumisen. Nyt alkaa uusi hype, t\u00e4st\u00e4 symposiumista.<\/p>\n<p data-sourcepos=\"11:1-11:238\"><span style=\"text-decoration: underline\"><strong>Julistus:<\/strong> <\/span>Muotoilija\u2013taiteilija\u2013k\u00e4sity\u00f6l\u00e4inen on vahva johtaja, joka luo uutta tulevaisuutta edest\u00e4 ja esimerkill\u00e4, rohkeudella ja etiikalla datassa, energiassa ja teollisuudessa, mutta my\u00f6s yhteiskunnassa ja tulevaisuuden j\u00e4rjestelmiss\u00e4.<\/p>\n<p>&nbsp;<\/p>\n<p>&nbsp;<\/p>\n<h2>Anne Stenros<\/h2>\n<figure id=\"attachment_1231\" aria-describedby=\"caption-attachment-1231\" style=\"width: 355px\" class=\"wp-caption alignleft\"><img loading=\"lazy\" decoding=\"async\" class=\"wp-image-1231\" src=\"https:\/\/sites.uwasa.fi\/butterfly\/wp-content\/blogs.dir\/4\/files\/sites\/248\/2025\/05\/anne-stenros-pic-4-24.jpg\" alt=\"Anne Stenros\" width=\"355\" height=\"473\" srcset=\"https:\/\/sites.uwasa.fi\/butterfly\/wp-content\/blogs.dir\/4\/files\/sites\/248\/2025\/05\/anne-stenros-pic-4-24.jpg 1536w, https:\/\/sites.uwasa.fi\/butterfly\/wp-content\/blogs.dir\/4\/files\/sites\/248\/2025\/05\/anne-stenros-pic-4-24-225x300.jpg 225w, https:\/\/sites.uwasa.fi\/butterfly\/wp-content\/blogs.dir\/4\/files\/sites\/248\/2025\/05\/anne-stenros-pic-4-24-768x1024.jpg 768w, https:\/\/sites.uwasa.fi\/butterfly\/wp-content\/blogs.dir\/4\/files\/sites\/248\/2025\/05\/anne-stenros-pic-4-24-1152x1536.jpg 1152w\" sizes=\"(max-width: 355px) 100vw, 355px\" \/><figcaption id=\"caption-attachment-1231\" class=\"wp-caption-text\">Anne Stenros<\/figcaption><\/figure>\n<p>&nbsp;<\/p>\n<p>&nbsp;<\/p>\n<div id=\"model-response-message-contentr_2cb9fa153e524eda\" class=\"markdown markdown-main-panel enable-updated-hr-color\" dir=\"ltr\">\n<p data-sourcepos=\"1:1-1:904\">Anne Stenros on suomalainen arkkitehti ja professori, ja h\u00e4n on toiminut aiemmin KONE Oyj:n muotoilujohtajana sek\u00e4 maailman ensimm\u00e4isen\u00e4 kaupungin \u2013 Helsingin \u2013 muotoilujohtajana (CDO). Stenros opiskeli arkkitehtuuria muun muassa Reima Pietil\u00e4n johdolla Oulun yliopistossa ja Christopher Alexanderin johdolla Kalifornian yliopistossa Berkeleyss\u00e4. H\u00e4n v\u00e4itteli tekniikan tohtoriksi Teknillisest\u00e4 korkeakoulusta vuonna 1992. Stenros toimi Design Forum Finlandin johtajana vuosina 1995\u20132004, mink\u00e4 j\u00e4lkeen h\u00e4n vietti vuoden Aasiassa Hong Kong Design Centren johtajana. H\u00e4n toimi KONE Oyj:n ensimm\u00e4isen\u00e4 muotoilujohtajana vuosina 2005\u20132015, Helsingin kaupungin muotoilujohtajana vuosina 2016\u20132018 ja perusti Creative Catalystin vuonna 2018 \u2013 luennoiden samanaikaisesti eri yliopistoissa, kuten Aalto-yliopistossa (Suomi) ja Nagaokan yliopistossa (Japani). Stenros on my\u00f6s WIT Forumin perustajaj\u00e4sen Suomessa.<\/p>\n<\/div>\n","protected":false},"excerpt":{"rendered":"<p>Symposium &#8220;Perhonen&#8221; ei viittaa ainoastaan kauniiseen hy\u00f6nteiseen, vaan my\u00f6s k\u00e4sitteeseen, jolla kuvataan sit\u00e4, kuinka pienetkin muutokset j\u00e4rjestelm\u00e4n alkuolosuhteissa voivat johtaa suuriin ja ennalta arvaamattomiin vaikutuksiin (Palmer, D\u00f6ring &amp; Seregin, 2014). Pienikin muutos yksitt\u00e4isess\u00e4 j\u00e4rjestelm\u00e4n osassa voi aikaansaada j\u00e4rjestelm\u00e4ss\u00e4 kaoottisia ja laaja-alaisia vaikutuksia. T\u00e4t\u00e4 ilmi\u00f6t\u00e4 kutsutaan perhosefektiksi, ja sen esitti ensimm\u00e4isen\u00e4 meteorologi Ed Lorenz 1960-luvulla. H\u00e4nen [&hellip;]<\/p>\n","protected":false},"author":388,"featured_media":0,"parent":0,"menu_order":0,"comment_status":"closed","ping_status":"closed","template":"","meta":{"_acf_changed":false,"footnotes":""},"class_list":["post-1128","page","type-page","status-publish","hentry"],"acf":[],"lang":"fi","translations":{"fi":1128},"pll_sync_post":[],"_links":{"self":[{"href":"https:\/\/sites.uwasa.fi\/butterfly\/wp-json\/wp\/v2\/pages\/1128"}],"collection":[{"href":"https:\/\/sites.uwasa.fi\/butterfly\/wp-json\/wp\/v2\/pages"}],"about":[{"href":"https:\/\/sites.uwasa.fi\/butterfly\/wp-json\/wp\/v2\/types\/page"}],"author":[{"embeddable":true,"href":"https:\/\/sites.uwasa.fi\/butterfly\/wp-json\/wp\/v2\/users\/388"}],"replies":[{"embeddable":true,"href":"https:\/\/sites.uwasa.fi\/butterfly\/wp-json\/wp\/v2\/comments?post=1128"}],"version-history":[{"count":18,"href":"https:\/\/sites.uwasa.fi\/butterfly\/wp-json\/wp\/v2\/pages\/1128\/revisions"}],"predecessor-version":[{"id":1333,"href":"https:\/\/sites.uwasa.fi\/butterfly\/wp-json\/wp\/v2\/pages\/1128\/revisions\/1333"}],"wp:attachment":[{"href":"https:\/\/sites.uwasa.fi\/butterfly\/wp-json\/wp\/v2\/media?parent=1128"}],"curies":[{"name":"wp","href":"https:\/\/api.w.org\/{rel}","templated":true}]}}