{"id":1036,"date":"2025-04-15T13:47:27","date_gmt":"2025-04-15T10:47:27","guid":{"rendered":"https:\/\/sites.uwasa.fi\/butterfly\/?page_id=1036"},"modified":"2025-05-08T12:45:54","modified_gmt":"2025-05-08T09:45:54","slug":"vaasa","status":"publish","type":"page","link":"https:\/\/sites.uwasa.fi\/butterfly\/vaasa\/","title":{"rendered":"Vaasa"},"content":{"rendered":"<p data-sourcepos=\"3:1-3:55\"><strong>Miss\u00e4 pohjoinen energia kohtaa rannikon vieh\u00e4tyksen<\/strong><\/p>\n<p data-sourcepos=\"5:1-5:360\">Tervetuloa Vaasaan, kaupunkiin, joka sykkii energiaa \u2013 sek\u00e4 kirjaimellisesti ett\u00e4 kuvaannollisesti! Upealla Pohjanlahden rannikolla sijaitseva Vaasa on enemm\u00e4n kuin vain vieh\u00e4tt\u00e4v\u00e4 rannikkoparatiisi. Se on pohjoismaisen energiateknologian voimakeskus, innovaatioiden solmukohta ja el\u00e4v\u00e4inen yliopistokaupunki, jossa ideat syntyv\u00e4t ja tulevaisuutta rakennetaan.<\/p>\n<figure id=\"attachment_1059\" aria-describedby=\"caption-attachment-1059\" style=\"width: 641px\" class=\"wp-caption alignright\"><img loading=\"lazy\" decoding=\"async\" class=\" wp-image-1059\" src=\"https:\/\/sites.uwasa.fi\/butterfly\/wp-content\/blogs.dir\/4\/files\/sites\/248\/2025\/04\/shutterstock-2471241711.jpg\" alt=\"Vaasa City\" width=\"641\" height=\"427\" srcset=\"https:\/\/sites.uwasa.fi\/butterfly\/wp-content\/blogs.dir\/4\/files\/sites\/248\/2025\/04\/shutterstock-2471241711.jpg 2048w, https:\/\/sites.uwasa.fi\/butterfly\/wp-content\/blogs.dir\/4\/files\/sites\/248\/2025\/04\/shutterstock-2471241711-300x200.jpg 300w, https:\/\/sites.uwasa.fi\/butterfly\/wp-content\/blogs.dir\/4\/files\/sites\/248\/2025\/04\/shutterstock-2471241711-1024x683.jpg 1024w, https:\/\/sites.uwasa.fi\/butterfly\/wp-content\/blogs.dir\/4\/files\/sites\/248\/2025\/04\/shutterstock-2471241711-768x512.jpg 768w, https:\/\/sites.uwasa.fi\/butterfly\/wp-content\/blogs.dir\/4\/files\/sites\/248\/2025\/04\/shutterstock-2471241711-1536x1024.jpg 1536w\" sizes=\"(max-width: 641px) 100vw, 641px\" \/><figcaption id=\"caption-attachment-1059\" class=\"wp-caption-text\">City of Vaasa, photograph: Shutterstock<\/figcaption><\/figure>\n<p data-sourcepos=\"7:1-7:36\"><strong>Sukella vastakohtien kaupunkiin:<\/strong><\/p>\n<ul data-sourcepos=\"9:1-14:0\">\n<li data-sourcepos=\"9:1-9:255\"><em>Energia keski\u00f6ss\u00e4<\/em>: Vaasa on johtava energiaklusteri Pohjoismaissa, joka edist\u00e4\u00e4 kest\u00e4vi\u00e4 ratkaisuja ja luo tulevaisuuden voimaa. Tutustu huipputeknologian teollisuuteen ja todista innovaatioita, jotka tekev\u00e4t t\u00e4st\u00e4 kaupungista todellisen vaikuttajan.<\/li>\n<li data-sourcepos=\"10:1-10:266\"><em>Rannikon ihmeet: <\/em>Hengit\u00e4 raikasta merenilmaa ja tutustu lumoavaan Merenkurkun saaristoon, Unescon maailmanperint\u00f6kohteeseen. Melo kristallinkirkkaissa vesiss\u00e4, vaella luonnonkauniilla poluilla tai yksinkertaisesti rentoudu ja nauti henke\u00e4salpaavista n\u00e4kymist\u00e4.<\/li>\n<li data-sourcepos=\"11:1-11:245\"><em>Kaksikielinen <span data-teams=\"true\">kokonaisuus<\/span>:<\/em> Koe suomalaisen ja ruotsalaisen kulttuurin ainutlaatuinen sekoitus, joka muovaa Vaasan identiteetti\u00e4. El\u00e4v\u00e4isist\u00e4 festivaaleista viihtyisiin kahviloihin, l\u00f6yd\u00e4 t\u00e4m\u00e4n kaksikielisen kaupungin l\u00e4mp\u00f6 ja vieraanvaraisuus.<\/li>\n<li data-sourcepos=\"12:1-12:222\"><em>Opiskelijakaupunki t\u00e4ynn\u00e4 el\u00e4m\u00e4\u00e4:<\/em> Tunne nuorekas energia, joka t\u00e4ytt\u00e4\u00e4 Vaasan kadut. Korkean opiskelijatiheyden ansiosta kaupunki tarjoaa vilkkaan y\u00f6el\u00e4m\u00e4n, kukoistavan taidekent\u00e4n ja jatkuvan uusien ideoiden virran.<\/li>\n<li data-sourcepos=\"13:1-14:0\"><em>Historia ja perint\u00f6: <\/em>Kulje historian sivujen l\u00e4pi, kaupungin 1600-luvun juurista sen rooliin Suomen ratkaisevissa hetkiss\u00e4. Tutustu museoihin, historiallisiin kohteisiin ja <span data-teams=\"true\">Vaasan pitk\u00e4kestoiseen ja voimakkaaseen olemukseen.<\/span><\/li>\n<\/ul>\n<p data-sourcepos=\"17:1-17:14\"><strong>Koe Vaasa:<\/strong><\/p>\n<ul data-sourcepos=\"19:1-22:144\">\n<li data-sourcepos=\"19:1-19:114\"><strong>Tutustu Merenkurkun saaristoon:<\/strong> L\u00e4hde unohtumattomalle seikkailulle t\u00e4m\u00e4n ainutlaatuisen luonnonihmeen l\u00e4pi.<\/li>\n<li data-sourcepos=\"20:1-20:80\"><strong>L\u00f6yd\u00e4 Energiapuisto:<\/strong> Todista huipputeknologiaa, joka ajaa Vaasan taloutta.<\/li>\n<li data-sourcepos=\"21:1-21:115\"><strong>Uppoudu Kulttuuriin:<\/strong> Nauti monipuolisesta valikoimasta festivaaleja, museoita ja <span data-teams=\"true\">taiteellista ilmaisua.<\/span><\/li>\n<li data-sourcepos=\"22:1-22:144\"><strong>Maistele Paikallisia Makuja:<\/strong> Hemmottele itse\u00e4si <span data-teams=\"true\">herkullisella ruoalla, joka heijastaa Vaasan rannikkosijaintia ja kulttuurien sekoittumista.<\/span><\/li>\n<\/ul>\n","protected":false},"excerpt":{"rendered":"<p>Miss\u00e4 pohjoinen energia kohtaa rannikon vieh\u00e4tyksen Tervetuloa Vaasaan, kaupunkiin, joka sykkii energiaa \u2013 sek\u00e4 kirjaimellisesti ett\u00e4 kuvaannollisesti! Upealla Pohjanlahden rannikolla sijaitseva Vaasa on enemm\u00e4n kuin vain vieh\u00e4tt\u00e4v\u00e4 rannikkoparatiisi. Se on pohjoismaisen energiateknologian voimakeskus, innovaatioiden solmukohta ja el\u00e4v\u00e4inen yliopistokaupunki, jossa ideat syntyv\u00e4t ja tulevaisuutta rakennetaan. Sukella vastakohtien kaupunkiin: Energia keski\u00f6ss\u00e4: Vaasa on johtava energiaklusteri Pohjoismaissa, joka [&hellip;]<\/p>\n","protected":false},"author":388,"featured_media":0,"parent":0,"menu_order":0,"comment_status":"closed","ping_status":"closed","template":"","meta":{"_acf_changed":false,"footnotes":""},"class_list":["post-1036","page","type-page","status-publish","hentry"],"acf":[],"lang":"fi","translations":{"fi":1036,"en":823},"pll_sync_post":[],"_links":{"self":[{"href":"https:\/\/sites.uwasa.fi\/butterfly\/wp-json\/wp\/v2\/pages\/1036"}],"collection":[{"href":"https:\/\/sites.uwasa.fi\/butterfly\/wp-json\/wp\/v2\/pages"}],"about":[{"href":"https:\/\/sites.uwasa.fi\/butterfly\/wp-json\/wp\/v2\/types\/page"}],"author":[{"embeddable":true,"href":"https:\/\/sites.uwasa.fi\/butterfly\/wp-json\/wp\/v2\/users\/388"}],"replies":[{"embeddable":true,"href":"https:\/\/sites.uwasa.fi\/butterfly\/wp-json\/wp\/v2\/comments?post=1036"}],"version-history":[{"count":4,"href":"https:\/\/sites.uwasa.fi\/butterfly\/wp-json\/wp\/v2\/pages\/1036\/revisions"}],"predecessor-version":[{"id":1060,"href":"https:\/\/sites.uwasa.fi\/butterfly\/wp-json\/wp\/v2\/pages\/1036\/revisions\/1060"}],"wp:attachment":[{"href":"https:\/\/sites.uwasa.fi\/butterfly\/wp-json\/wp\/v2\/media?parent=1036"}],"curies":[{"name":"wp","href":"https:\/\/api.w.org\/{rel}","templated":true}]}}