{"id":1026,"date":"2025-04-15T13:32:35","date_gmt":"2025-04-15T10:32:35","guid":{"rendered":"https:\/\/sites.uwasa.fi\/butterfly\/?page_id=1026"},"modified":"2025-04-15T13:34:08","modified_gmt":"2025-04-15T10:34:08","slug":"paikka-wasa-innovation-center","status":"publish","type":"page","link":"https:\/\/sites.uwasa.fi\/butterfly\/paikka-wasa-innovation-center\/","title":{"rendered":"Paikka &#8211; Wasa Innovation Center"},"content":{"rendered":"<p>Butterfly-n\u00e4yttely j\u00e4rjestet\u00e4\u00e4n tunnelmallisissa katakombeissa <a href=\"https:\/\/wic.fi\/\"><strong>Wasa Innovation Centeriss\u00e4<\/strong><\/a>, Pukinkulman l\u00e4hell\u00e4.<\/p>\n<p style=\"text-align: center\">Gerbyntie 16<br \/>\n65230 VAASA<\/p>\n<p><img loading=\"lazy\" decoding=\"async\" class=\"alignnone size-full wp-image-836\" src=\"https:\/\/sites.uwasa.fi\/butterfly\/wp-content\/blogs.dir\/4\/files\/sites\/248\/2025\/04\/catacombs.jpg\" alt=\"Catacombs\" width=\"2000\" height=\"509\" srcset=\"https:\/\/sites.uwasa.fi\/butterfly\/wp-content\/blogs.dir\/4\/files\/sites\/248\/2025\/04\/catacombs.jpg 2000w, https:\/\/sites.uwasa.fi\/butterfly\/wp-content\/blogs.dir\/4\/files\/sites\/248\/2025\/04\/catacombs-300x76.jpg 300w, https:\/\/sites.uwasa.fi\/butterfly\/wp-content\/blogs.dir\/4\/files\/sites\/248\/2025\/04\/catacombs-1024x261.jpg 1024w, https:\/\/sites.uwasa.fi\/butterfly\/wp-content\/blogs.dir\/4\/files\/sites\/248\/2025\/04\/catacombs-768x195.jpg 768w, https:\/\/sites.uwasa.fi\/butterfly\/wp-content\/blogs.dir\/4\/files\/sites\/248\/2025\/04\/catacombs-1536x391.jpg 1536w\" sizes=\"(max-width: 2000px) 100vw, 2000px\" \/><\/p>\n<p>Aivan <strong><a href=\"https:\/\/bockscornerbrewery.com\/sv\">Bock&#8217;s Corner Breweryn<\/a> <\/strong>vieress\u00e4, kauniissa Vaasassa.<\/p>\n<p><a href=\"https:\/\/www.google.com\/maps\/place\/Wasa+Innovation+Center\/@63.1166343,21.6172454,17z\/data=!4m6!3m5!1s0x467d61f53a88f6d5:0x2383f4f91b325257!8m2!3d63.1159624!4d21.6202924!16s%2Fg%2F11h04rs547?hl=fi&amp;entry=ttu&amp;g_ep=EgoyMDI1MDMyNS4xIKXMDSoASAFQAw%3D%3D\"><img loading=\"lazy\" decoding=\"async\" class=\"alignnone size-full wp-image-837\" src=\"https:\/\/sites.uwasa.fi\/butterfly\/wp-content\/blogs.dir\/4\/files\/sites\/248\/2025\/04\/map-instructions.jpg\" alt=\"Map and front picture of WIC exhibition space\" width=\"1907\" height=\"696\" srcset=\"https:\/\/sites.uwasa.fi\/butterfly\/wp-content\/blogs.dir\/4\/files\/sites\/248\/2025\/04\/map-instructions.jpg 1907w, https:\/\/sites.uwasa.fi\/butterfly\/wp-content\/blogs.dir\/4\/files\/sites\/248\/2025\/04\/map-instructions-300x109.jpg 300w, https:\/\/sites.uwasa.fi\/butterfly\/wp-content\/blogs.dir\/4\/files\/sites\/248\/2025\/04\/map-instructions-1024x374.jpg 1024w, https:\/\/sites.uwasa.fi\/butterfly\/wp-content\/blogs.dir\/4\/files\/sites\/248\/2025\/04\/map-instructions-768x280.jpg 768w, https:\/\/sites.uwasa.fi\/butterfly\/wp-content\/blogs.dir\/4\/files\/sites\/248\/2025\/04\/map-instructions-1536x561.jpg 1536w\" sizes=\"(max-width: 1907px) 100vw, 1907px\" \/><\/a><\/p>\n","protected":false},"excerpt":{"rendered":"<p>Butterfly-n\u00e4yttely j\u00e4rjestet\u00e4\u00e4n tunnelmallisissa katakombeissa Wasa Innovation Centeriss\u00e4, Pukinkulman l\u00e4hell\u00e4. Gerbyntie 16 65230 VAASA Aivan Bock&#8217;s Corner Breweryn vieress\u00e4, kauniissa Vaasassa.<\/p>\n","protected":false},"author":388,"featured_media":0,"parent":0,"menu_order":0,"comment_status":"closed","ping_status":"closed","template":"","meta":{"_acf_changed":false,"footnotes":""},"class_list":["post-1026","page","type-page","status-publish","hentry"],"acf":[],"lang":"fi","translations":{"fi":1026,"en":820},"pll_sync_post":[],"_links":{"self":[{"href":"https:\/\/sites.uwasa.fi\/butterfly\/wp-json\/wp\/v2\/pages\/1026"}],"collection":[{"href":"https:\/\/sites.uwasa.fi\/butterfly\/wp-json\/wp\/v2\/pages"}],"about":[{"href":"https:\/\/sites.uwasa.fi\/butterfly\/wp-json\/wp\/v2\/types\/page"}],"author":[{"embeddable":true,"href":"https:\/\/sites.uwasa.fi\/butterfly\/wp-json\/wp\/v2\/users\/388"}],"replies":[{"embeddable":true,"href":"https:\/\/sites.uwasa.fi\/butterfly\/wp-json\/wp\/v2\/comments?post=1026"}],"version-history":[{"count":3,"href":"https:\/\/sites.uwasa.fi\/butterfly\/wp-json\/wp\/v2\/pages\/1026\/revisions"}],"predecessor-version":[{"id":1030,"href":"https:\/\/sites.uwasa.fi\/butterfly\/wp-json\/wp\/v2\/pages\/1026\/revisions\/1030"}],"wp:attachment":[{"href":"https:\/\/sites.uwasa.fi\/butterfly\/wp-json\/wp\/v2\/media?parent=1026"}],"curies":[{"name":"wp","href":"https:\/\/api.w.org\/{rel}","templated":true}]}}