{"id":98,"date":"2024-04-19T12:19:40","date_gmt":"2024-04-19T09:19:40","guid":{"rendered":"https:\/\/sites.uwasa.fi\/bugged\/?page_id=98"},"modified":"2026-03-06T15:21:56","modified_gmt":"2026-03-06T13:21:56","slug":"publications","status":"publish","type":"page","link":"https:\/\/sites.uwasa.fi\/bugged\/publications\/","title":{"rendered":"Publications"},"content":{"rendered":"<h4><strong>2025 Publications<\/strong><\/h4>\n<p>Havinen, L., M\u00e4kip\u00e4\u00e4, J-P., &amp; Rousi, R. (2025). Co-designing User Experience of Moodle Workspaces in Higher Education &#8211; Process and Principles. <i>Lecture Notes in Computer Science<\/i>, 37\u201356. <a href=\"https:\/\/doi.org\/10.1007\/978-3-031-93564-0_3\">https:\/\/doi.org\/10.1007\/978-3-031-93564-0_3<\/a><\/p>\n<p>Kronqvist. A., &amp; Rousi, R. (2025). Experience of Gender Among Professionals in Finnish IT Companies. <i>Lecture Notes in Business Information Processing<\/i>, 202\u2013208. <a href=\"https:\/\/doi.org\/10.1007\/978-3-031-85849-9_17\">https:\/\/doi.org\/10.1007\/978-3-031-85849-9_17<\/a><\/p>\n<p>Sanfilippo, F., Wiley, T., &amp; Rousi, R. (2025). RoboCup Soccer Autonomy Uprising: How Crowds, Referees, and Humanoid Robots Are Redefining the Future of Human-Robot Interaction.<i> Proceedings of the 2025 ACM\/IEEE International Conference on Human-Robot Interaction, <\/i>1131\u20131139. IEEE Press. <a href=\"https:\/\/dl.acm.org\/doi\/10.5555\/3721488.3721634\">https:\/\/dl.acm.org\/doi\/10.5555\/3721488.3721634<\/a><\/p>\n<p>Tallgren, V., Havinen, L., &amp; Rousi, R. (2025). Not Just Bleeders \u2013 Understanding Dissatisfied Users of Menstrual Tracking Applications. <em>Proceedings of the 28th International Academic Mindtrek Conference,<\/em> 340\u2013350. <a href=\"https:\/\/doi.org\/10.1145\/3757980.3757994\">https:\/\/doi.org\/10.1145\/3757980.3757994<\/a><\/p>\n<p>Kronqvist, A., &amp; Rousi, R. (2025). Gender-based cognitive bias and design thinking in the work of Finnish IT professionals.\u00a0<i>Information and Software Technology<\/i>,\u00a0<i>189<\/i>, 107910. <a href=\"https:\/\/doi.org\/10.1016\/j.infsof.2025.107910\">https:\/\/doi.org\/10.1016\/j.infsof.2025.107910<\/a><\/p>\n<p>Kauttonen, J., Rousi, R., &amp; Alam\u00e4ki, A. (2025). Trust and Acceptance Challenges in the Adoption of AI Applications in Health Care: Quantitative Survey Analysis.\u00a0<i>Journal of Medical Internet Research<\/i>,\u00a0<i>27<\/i>, e65567. <a href=\"https:\/\/doi.org\/10.2196\/65567\">https:\/\/doi.org\/10.2196\/65567<\/a><\/p>\n<p>Rattay, S., Vakkuri, V., Rozendaal, M. C., &amp; Shklovski, I. (2025). \u201cWhy do we do this?\u201d: Moral Stress and the Affective Experience of Ethics in Practice.\u00a0<i>Proceedings of the 2025 CHI Conference on Human Factors in Computing Systems<\/i>, 1\u201315. <a href=\"https:\/\/doi.org\/10.1145\/3706598.3713264\">https:\/\/doi.org\/10.1145\/3706598.3713264<\/a><\/p>\n<p>&nbsp;<\/p>\n<h4><strong>2024 Publications<\/strong><\/h4>\n<p><span data-teams=\"true\">Alanen, H.-K., &amp; Rousi, R. (2024). Sustainability in the new era\u2014Fashion as a mediator of emotional atmospheres and temporal trends. In <i>Proceedings of the FL_Conference on Fashion and Sustainability<\/i>. Lus\u00f3fona University, Lisbon, Portugal. November 28\u201330, 2024. (To be published by Springer).<\/span><\/p>\n<p>Piispanen, J.-R., &amp; Rousi, R. (2025). Emotion AI in Workplace Environments: A Case Study. Lecture Notes in Business Information Processing, 142\u2013148. <a href=\"https:\/\/doi.org\/10.1007\/978-3-031-85849-9_12\">https:\/\/doi.org\/10.1007\/978-3-031-85849-9_12<\/a><\/p>\n<p>Kronqvist, A. &amp; Rousi, R. (2025). Experience of Gender Among Professionals in Finnish IT Companies. Lecture Notes in Business Information Processing, 202\u2013208. <a href=\"https:\/\/doi.org\/10.1007\/978-3-031-85849-9_17\">https:\/\/doi.org\/10.1007\/978-3-031-85849-9_17<\/a><\/p>\n<p>Rattay, S., Vakkuri, V., Rozendaal, M.C., &amp; Shklovski, I. (2024). Moral Stress in Technical Practice: The Affective Experience of Ethics Tools. In <em>Adjunct Proceedings of the 2024 Nordic Conference on Human-Computer Interaction (NordiCHI Adjunct 2024), October 13&#8211;16, 2024, Uppsala, Sweden.<\/em>\u00a0ACM, New York, NY, USA 5 Pages.\u00a0<a class=\"link-inline force-break\" href=\"https:\/\/doi.org\/10.1145\/3677045.3685440\" target=\"_blank\" rel=\"noopener\">https:\/\/doi.org\/10.1145\/3677045.3685440<\/a><\/p>\n<p>Piispanen, J-R., Myllyviita, T., Vakkuri, V., &amp; Rousi, R. (2024). Smoke Screens and Scape Goats, the Reality of the General Data Protection Regulation Compliance? Privacy and Ethics in the Case of Replika AI. <span class=\"TextRun SCXP114574381 BCX0\" lang=\"EN-US\" xml:lang=\"EN-US\" data-usefontface=\"true\" data-contrast=\"none\"><span class=\"NormalTextRun SCXP114574381 BCX0\"><em>Proceedings of <\/em><\/span><\/span><span class=\"TextRun SCXP114574381 BCX0\" lang=\"EN-US\" xml:lang=\"EN-US\" data-usefontface=\"true\" data-contrast=\"none\"><span class=\"NormalTextRun SCXP114574381 BCX0\"><em>Technology Ethics (TETHICS) 2024,<\/em>\u00a01-12. CEUR Workshop Proceedings. <\/span><\/span><a href=\"https:\/\/ceur-ws.org\/Vol-3901\/\"><span class=\"TextRun SCXP114574381 BCX0\" lang=\"EN-US\" xml:lang=\"EN-US\" data-usefontface=\"true\" data-contrast=\"none\"><span class=\"NormalTextRun SCXP114574381 BCX0\">https:\/\/ceur-<\/span><\/span><span class=\"TextRun SCXP114574381 BCX0\" lang=\"EN-US\" xml:lang=\"EN-US\" data-usefontface=\"true\" data-contrast=\"none\"><span class=\"NormalTextRun SCXP114574381 BCX0\">ws.org\/Vol-3901\/<\/span><\/span><\/a><\/p>\n<p>Leikas, J., Rousi, R., Vilpponen, H. &amp; Saariluoma, P. (2024). Super-intelligent society for the silver segment: Ethics in design. <span class=\"TextRun SCXP114574381 BCX0\" lang=\"EN-US\" xml:lang=\"EN-US\" data-usefontface=\"true\" data-contrast=\"none\"><span class=\"NormalTextRun SCXP114574381 BCX0\"><em>Proceedings of Technology Ethics (TETHICS) 2024,<\/em> 96-106. CEUR Workshop Proceedings. <\/span><\/span><a href=\"https:\/\/ceur-ws.org\/Vol-3901\/\"><span class=\"TextRun SCXP114574381 BCX0\" lang=\"EN-US\" xml:lang=\"EN-US\" data-usefontface=\"true\" data-contrast=\"none\"><span class=\"NormalTextRun SCXP114574381 BCX0\">https:\/\/ceur-<\/span><\/span><span class=\"TextRun SCXP114574381 BCX0\" lang=\"EN-US\" xml:lang=\"EN-US\" data-usefontface=\"true\" data-contrast=\"none\"><span class=\"NormalTextRun SCXP114574381 BCX0\">ws.org\/Vol-3901\/<\/span><\/span><\/a><\/p>\n<p>Rousi, R., Alanen, H. K., &amp; Wilson, A. S. (2024). Data privacy, ethics and education in the era of AI \u2013 A university student perspective. <span class=\"TextRun SCXP114574381 BCX0\" lang=\"EN-US\" xml:lang=\"EN-US\" data-usefontface=\"true\" data-contrast=\"none\"><span class=\"NormalTextRun SCXP114574381 BCX0\"><em>Proceedings of Technology Ethics (TETHICS) 2024, <\/em>81-95<em>.<\/em>\u00a0CEUR Workshop Proceedings. <\/span><\/span><a href=\"https:\/\/ceur-ws.org\/Vol-3901\/\"><span class=\"TextRun SCXP114574381 BCX0\" lang=\"EN-US\" xml:lang=\"EN-US\" data-usefontface=\"true\" data-contrast=\"none\"><span class=\"NormalTextRun SCXP114574381 BCX0\">https:\/\/ceur-<\/span><\/span><span class=\"TextRun SCXP114574381 BCX0\" lang=\"EN-US\" xml:lang=\"EN-US\" data-usefontface=\"true\" data-contrast=\"none\"><span class=\"NormalTextRun SCXP114574381 BCX0\">ws.org\/Vol-3901\/<\/span><\/span><\/a><\/p>\n<p>Kronqvist, A., &amp; Rousi, R. (2024). <a href=\"https:\/\/dl.designresearchsociety.org\/drs-conference-papers\/drs2024\/researchpapers\/117\/\">Gender code \u2013 a narrative ethical glance at women developers in Finnish Information Technolog<\/a>y. <em>Design Research Society Conference. <\/em><a href=\"https:\/\/www.drs2024.org\/\">https:\/\/www.drs2024.org\/<\/a><\/p>\n<p>Karasj\u00e4rvi, P., M\u00e4kip\u00e4\u00e4, J-P., &amp; Rousi, R. (2024). W3C Web <a href=\"https:\/\/dl.designresearchsociety.org\/drs-conference-papers\/drs2024\/researchpapers\/136\/\">Accessibility Initiative Under the Microscope: Identifying Assumptions of Users and Their Participation in Digital Accessibility Design<\/a>. <em>Design Research Society Conference. <\/em><a href=\"https:\/\/www.drs2024.org\/\">https:\/\/www.drs2024.org\/<\/a><\/p>\n<p>Rousi, R., Siqueira de Cerqueira, J., M\u00e4kitalo, N., Samani, H., Vakkuri, V., Kemell, K-K., Mikkonen, T., &amp; Abrahamsson, P. (2nd round review). Ethical Concerns in Conversational Generative AI-empowered Multi-Robot Systems: Humans versus GPTs at Home. Special Issue on <em>Emerging Integrated Large Language Models and Training Paradigms \u2013 Machine Learning with <\/em><em>Applications<\/em>. Science Direct.<\/p>\n<p>Rousi, R., Kunttu, L., &amp; Merilehto, J. (2024, December). The enemy within: the human side of governance, innovation, and national security in the age of data-driven big tech. In P. Uusikyl\u00e4, H. Talonen, A. Rantam\u00e4ki, &amp; A. Jokipii, <em>Information resilience in a complex system of national security<\/em>. Cham: Palgrave MacMillan. <a href=\"https:\/\/doi.org\/10.1007\/978-3-031-66196-9_11\">https:\/\/doi.org\/10.1007\/978-3-031-66196-9_11<\/a><\/p>\n<p>Alanen, H-K., &amp; Rousi, R. (2024, November). Moving spaces \u2013 the affective embodied self in tram design and the autonomous imaginary. In R. Rousi, C. von Koskull, &amp; V. Roto (Eds.), <em>Humane autonomous technology &#8211; re-thinking experience with and in intelligent systems<\/em>. Palgrave MacMillan. <a href=\"https:\/\/doi.org\/10.1007\/978-3-031-66528-8_5\">https:\/\/doi.org\/10.1007\/978-3-031-66528-8_5<\/a><\/p>\n<p>Rousi, R., Samani, H., M\u00e4kitalo, N., Vakkuri, V., Kemell, K-K., Linkola, S., Daubaris, P., Mikkonen, T., Forenzo, I., &amp; Abrahamsson, P. (2024). <a href=\"https:\/\/link.springer.com\/chapter\/10.1007\/978-3-031-53227-6_13\">Business and ethical concerns in domestic Conversational Generative AI-empowered multi-robot systems<\/a>. In the <em>Proceedings of the International Conference on Software Business (ICSOB). <\/em>Lahti, 27-29<sup>th<\/sup> November, 2023<\/p>\n<p>Rousi, R., Piispanen, J. R., &amp; Boutellier, J. (2024).\u00a0<a href=\"https:\/\/scholarspace.manoa.hawaii.edu\/server\/api\/core\/bitstreams\/4c6f483c-d6c5-4af7-a0b1-7d1b9b9f496b\/content\">I Trust You Dr. Researcher, but not the Company that Handles My Data\u2013Trust in the Data Economy.<\/a>\u00a0In the Proceedings of 57th Hawaii International Conference on Systems Science.<\/p>\n<p>&nbsp;<\/p>\n<h4><strong>2023 Publications<\/strong><\/h4>\n<p>Rousi, R. &amp; Vakkuri, V. (2023). Introduction to ethics in the age of digital communication.\u00a0In T. Waaramaa, &amp; N. Nissil\u00e4 (Eds.) Digitalisoituva viestint\u00e4 muuttuvassa maailmassa (pp50-58).\u00a0[Digitalizing communication in the changing world.] Vaasan yliopiston raportteja 41. [University of Vaasa Reports 41.]\u00a0ISBN 978-952-395-076-4.\u00a0<a href=\"http:\/\/www.urn.fi\/URN:ISBN:978-952-395-076-4\">www.urn.fi\/URN:ISBN:978-952-395-076-4<\/a><\/p>\n<p>Kronqvist, A., &amp; Rousi, R. A. (2023).\u00a0<a href=\"https:\/\/www.tandfonline.com\/doi\/full\/10.1080\/21650349.2022.2136762\">A quick review of ethics, design thinking, gender, and AI development<\/a>.\u00a0<em>International Journal of Design Creativity and Innovation<\/em>,\u00a0<em>11<\/em>(1), 62-79.<\/p>\n<p>Agbese, M., Alanen, H. K., Antikainen, J., Erika, H., Isomaki, H., Jantunen, M., &#8230;\u00a0&amp; Vakkuri, V. (2023).\u00a0<a href=\"https:\/\/www.e-informatyka.pl\/index.php\/einformatica\/volumes\/volume-2023\/issue-1\/article-1\/\">Governance in ethical and trustworthy AI systems<\/a>: Extension of the ECCOLA method for AI ethics governance using GARP.\u00a0<em>e-Informatica Software Engineering Journal<\/em>,\u00a0<em>17<\/em>(1), 230101.<\/p>\n<p>Vainio-Pekka, H., Agbese, M. O. O., Jantunen, M., Vakkuri, V., Mikkonen, T., Rousi, R., &amp; Abrahamsson, P. (2023).\u00a0<a href=\"https:\/\/dl.acm.org\/doi\/abs\/10.1145\/3599974\">The Role of Explainable AI in the Research Field of AI Ethics<\/a>.\u00a0<em>ACM Transactions on Interactive Intelligence Systems.<\/em><\/p>\n<p>&nbsp;<\/p>\n<h4><strong>2022 Publications<\/strong><\/h4>\n<p>Rousi, R., Saariluoma, P., &amp; Nieminen, M. (2022).\u00a0<a href=\"https:\/\/www.frontiersin.org\/articles\/10.3389\/fcomp.2022.1081147\/full\">Editorial. Governance AI ethics<\/a>.\u00a0<em>Frontiers in Computer Science<\/em>,\u00a0<em>4<\/em>.<\/p>\n<p>Rousi, R., Vakkuri, V., Daubaris, P., Linkola, S., Samani, H., M\u00e4kitalo, N., &#8230; &amp; Abrahamsson, P. (2022, August).\u00a0<a href=\"https:\/\/ieeexplore.ieee.org\/abstract\/document\/9903122\">Beyond 100 Ethical Concerns in the Development of Robot-to-Robot Cooperation<\/a>.\u00a0In\u00a0<em>2022 IEEE International Conferences on Internet of Things (iThings) and IEEE Green Computing &amp; Communications (GreenCom) and IEEE Cyber, Physical &amp; Social Computing (CPSCom) and IEEE Smart Data (SmartData) and IEEE Congress on Cybermatics (Cybermatics)<\/em>\u00a0(pp. 420-426). IEEE.<\/p>\n<p>Rousi, R. (2022).\u00a0<a href=\"https:\/\/www.frontiersin.org\/articles\/10.3389\/fcomp.2022.852528\/full\">With clear intention \u2013 an ethical responsibility model for robot governance<\/a>. Special Issue on Governance AI Ethics.\u00a0<em>Frontiers<\/em>,\u00a0<em>4<\/em>, article 852528. Doi:\u00a0<a href=\"https:\/\/doi.org\/10.3389\/fcomp.2022.852528\">10.3389\/fcomp.2022.852528<\/a><\/p>\n<p>Rousi, R. (2022).\u00a0<a href=\"https:\/\/link.springer.com\/chapter\/10.1007\/978-3-031-05434-1_31\">Will robots know that they are robots?\u00a0<\/a>The ethics of utilizing learning machines. In\u00a0<em>International Conference on Human-Computer Interaction<\/em>\u00a0(pp. 464-476). Springer, Cham. DOI:\u00a010.1007\/978-3-031-05434-1_31<\/p>\n<p>&nbsp;<\/p>\n","protected":false},"excerpt":{"rendered":"<p>2025 Publications Havinen, L., M\u00e4kip\u00e4\u00e4, J-P., &amp; Rousi, R. (2025). Co-designing User Experience of Moodle Workspaces in Higher Education &#8211; Process and Principles. Lecture Notes in Computer Science, 37\u201356. https:\/\/doi.org\/10.1007\/978-3-031-93564-0_3 Kronqvist. A., &amp; Rousi, R. (2025). Experience of Gender Among Professionals in Finnish IT Companies. Lecture Notes in Business Information Processing, 202\u2013208. https:\/\/doi.org\/10.1007\/978-3-031-85849-9_17 Sanfilippo, F., [&hellip;]<\/p>\n","protected":false},"author":388,"featured_media":0,"parent":0,"menu_order":0,"comment_status":"closed","ping_status":"closed","template":"","meta":{"_acf_changed":false,"footnotes":""},"class_list":["post-98","page","type-page","status-publish","hentry"],"acf":[],"_links":{"self":[{"href":"https:\/\/sites.uwasa.fi\/bugged\/wp-json\/wp\/v2\/pages\/98"}],"collection":[{"href":"https:\/\/sites.uwasa.fi\/bugged\/wp-json\/wp\/v2\/pages"}],"about":[{"href":"https:\/\/sites.uwasa.fi\/bugged\/wp-json\/wp\/v2\/types\/page"}],"author":[{"embeddable":true,"href":"https:\/\/sites.uwasa.fi\/bugged\/wp-json\/wp\/v2\/users\/388"}],"replies":[{"embeddable":true,"href":"https:\/\/sites.uwasa.fi\/bugged\/wp-json\/wp\/v2\/comments?post=98"}],"version-history":[{"count":20,"href":"https:\/\/sites.uwasa.fi\/bugged\/wp-json\/wp\/v2\/pages\/98\/revisions"}],"predecessor-version":[{"id":453,"href":"https:\/\/sites.uwasa.fi\/bugged\/wp-json\/wp\/v2\/pages\/98\/revisions\/453"}],"wp:attachment":[{"href":"https:\/\/sites.uwasa.fi\/bugged\/wp-json\/wp\/v2\/media?parent=98"}],"curies":[{"name":"wp","href":"https:\/\/api.w.org\/{rel}","templated":true}]}}