{"id":50,"date":"2020-08-24T18:49:38","date_gmt":"2020-08-24T15:49:38","guid":{"rendered":"https:\/\/sites.uwasa.fi\/bid4e\/?page_id=50"},"modified":"2021-08-15T09:07:33","modified_gmt":"2021-08-15T06:07:33","slug":"projektet","status":"publish","type":"page","link":"https:\/\/sites.uwasa.fi\/bid4e\/projektet\/","title":{"rendered":"Om BID4E-projektet"},"content":{"rendered":"<p><a href=\"https:\/\/sites.uwasa.fi\/bid4e\/intro\/funding\/\" rel=\"attachment wp-att-15\"><img loading=\"lazy\" decoding=\"async\" class=\"alignnone wp-image-15\" src=\"https:\/\/sites.uwasa.fi\/bid4e\/wp-content\/blogs.dir\/4\/files\/sites\/107\/2020\/08\/funding.png\" alt=\"\" width=\"851\" height=\"95\" srcset=\"https:\/\/sites.uwasa.fi\/bid4e\/wp-content\/blogs.dir\/4\/files\/sites\/107\/2020\/08\/funding.png 1373w, https:\/\/sites.uwasa.fi\/bid4e\/wp-content\/blogs.dir\/4\/files\/sites\/107\/2020\/08\/funding-300x34.png 300w, https:\/\/sites.uwasa.fi\/bid4e\/wp-content\/blogs.dir\/4\/files\/sites\/107\/2020\/08\/funding-1024x115.png 1024w, https:\/\/sites.uwasa.fi\/bid4e\/wp-content\/blogs.dir\/4\/files\/sites\/107\/2020\/08\/funding-768x86.png 768w\" sizes=\"(max-width: 851px) 100vw, 851px\" \/><\/a><\/p>\n<p><strong>Projektets m\u00e5l<\/strong><\/p>\n<p>Det problem som BID4E-projektet syftar till att l\u00f6sa \u00e4r att m\u00e5nga sm\u00e5 och medelstora f\u00f6retag (SMF) i Botnia-Atlantica-regionen har begr\u00e4nsade kunskaper, verktyg och n\u00e4tverksm\u00f6jligheter f\u00f6r internationell aff\u00e4rsutveckling. Konsekvenserna av detta problem \u00e4r allvarliga, eftersom dessa sm\u00e5 och medelstora f\u00f6retag vanligtvis har en begr\u00e4nsad hemmamarknad. De m\u00e5ste d\u00e4rf\u00f6r kunna hantera konkurrensen och de f\u00f6r\u00e4ndringar som digitaliseringen orsakar i den globala aff\u00e4rsverksamheten f\u00f6r att kunna bevara och helst ut\u00f6ka sina marknader internationellt.<\/p>\n<p>Projektets m\u00e5l \u00e4r d\u00e4rf\u00f6r att \u00f6ka den internationella konkurrenskraften i regionala SMF genom att \u00f6ka deras m\u00f6jligheter att skapa internationell aff\u00e4rs- och innovationsutveckling, utnyttja digitalisering och f\u00e5 en kritisk massa i gr\u00e4ns\u00f6verskridande partnerskap.<\/p>\n<p>Projektkonsortiet leds av Vasa universitet. \u00d6vriga projektpartners \u00e4r <a href=\"http:\/\/blogs.uta.fi\/sente\/introduction\/\" target=\"_blank\" rel=\"noopener noreferrer\">Tammerfors universitet (Sein\u00e4joki universitetscenter)<\/a>, <a href=\"https:\/\/www.ltu.se\/research\/subjects\/Entrepreneurship-and-Innovation\" target=\"_blank\" rel=\"noopener noreferrer\">Lule\u00e5 tekniska universitet<\/a> och <a href=\"https:\/\/www.miun.se\/cer\/\" target=\"_blank\" rel=\"noopener noreferrer\">Mittuniversitetet<\/a>. Det akademiska projektkonsortiet kompletteras med n\u00e4ra samarbete med flera regionala innovationsakt\u00f6rer s\u00e5 som Almi F\u00f6retagspartner, LTU Business och Viexpo NordicHub.<\/p>\n<p><strong>Projektets aktviteter<\/strong><\/p>\n<p>Projektet kommer att genomf\u00f6ra en rik upps\u00e4ttning av aktiviteter f\u00f6r att n\u00e5 sitt m\u00e5l. F\u00f6rst g\u00f6rs en analys av varje deltagande SMF avseende dess internationella aff\u00e4rsutvecklingsf\u00f6ruts\u00e4ttningar och m\u00f6jligheter p\u00e5 marknaden.<\/p>\n<p>Projektet kommer att anordna flera gr\u00e4ns\u00f6verskridande workshops med n\u00e4tverkningstillf\u00e4llen f\u00f6r sm\u00e5 och medelstora f\u00f6retag.<\/p>\n<p>F\u00f6r att st\u00f6tta f\u00f6retagen i deras arbete kommer projektet ocks\u00e5 att utveckla tv\u00e5 anv\u00e4ndarv\u00e4nliga digitala verktyg f\u00f6r internationell aff\u00e4rsutveckling och ge f\u00f6retagen st\u00f6d i att ta verktygen i bruk.<\/p>\n<p><strong>Deltagande f\u00f6retag<\/strong><\/p>\n<p>BID4E projektet syftar till att engagera 30 sm\u00e5 och medelstora tillverkande f\u00f6retag i V\u00e4sterbotten, V\u00e4sternorrland, \u00d6sterbotten, Mellersta \u00d6sterbotten och S\u00f6dra \u00d6sterbotten. I slutet av projektet har de deltagande f\u00f6retagen \u00f6kat sin kunskap om m\u00f6jligheterna till digitalisering och nya aff\u00e4rsmodeller. De har f\u00e5tt b\u00e4ttre f\u00f6rst\u00e5else av internationella aff\u00e4rsutmaningar och de har bildat nya gr\u00e4ns\u00f6verskridande partnerskap och n\u00e4tverk. Dessutom har de \u00f6kat sin kompetens avseende nya digitala verktyg f\u00f6r internationell aff\u00e4rsutveckling.<\/p>\n<p><strong>Projektperiod<\/strong><\/p>\n<p>1\/2019-12\/2021<\/p>\n<p><strong>Finansiering<\/strong><\/p>\n<p>Projektbudget: 794 025 euro.<\/p>\n<p>Projektet finansieras av EU Interreg Botnia-Atlantica-programmet, Region V\u00e4sterbotten, \u00d6sterbottens f\u00f6rbund, Vasa universitet, Tammerfors universitet (Sein\u00e4joki universitetscenter), Lule\u00e5 tekniska universitet och Mittuniversitetet.<\/p>\n<p><a href=\"https:\/\/sites.uwasa.fi\/bid4e\/media\/\"><strong>Projektet i media<\/strong><\/a><\/p>\n<p><strong>Kontakt<\/strong><\/p>\n<ul>\n<li><a href=\"https:\/\/www.uwasa.fi\/en\/sites\/bid4e\/project_team\/\">Projektgruppen<\/a><\/li>\n<\/ul>\n<p>Projektkoordinator:<\/p>\n<p style=\"padding-left: 40px\">Juha Arrasvuori, Vasa universitet<\/p>\n<p style=\"padding-left: 40px\">Tel: +358 50 486 79 78<\/p>\n<p style=\"padding-left: 40px\">Mail: juha.arrasvuori@uwasa.fi<\/p>\n","protected":false},"excerpt":{"rendered":"<p>Projektets m\u00e5l Det problem som BID4E-projektet syftar till att l\u00f6sa \u00e4r att m\u00e5nga sm\u00e5 och medelstora f\u00f6retag (SMF) i Botnia-Atlantica-regionen har begr\u00e4nsade kunskaper, verktyg och n\u00e4tverksm\u00f6jligheter f\u00f6r internationell aff\u00e4rsutveckling. Konsekvenserna av detta problem \u00e4r allvarliga, eftersom dessa sm\u00e5 och medelstora f\u00f6retag vanligtvis har en begr\u00e4nsad hemmamarknad. De m\u00e5ste d\u00e4rf\u00f6r kunna hantera konkurrensen och de f\u00f6r\u00e4ndringar [&hellip;]<\/p>\n","protected":false},"author":38,"featured_media":0,"parent":0,"menu_order":0,"comment_status":"closed","ping_status":"closed","template":"","meta":{"_acf_changed":false,"footnotes":""},"class_list":["post-50","page","type-page","status-publish","hentry"],"acf":[],"_links":{"self":[{"href":"https:\/\/sites.uwasa.fi\/bid4e\/wp-json\/wp\/v2\/pages\/50"}],"collection":[{"href":"https:\/\/sites.uwasa.fi\/bid4e\/wp-json\/wp\/v2\/pages"}],"about":[{"href":"https:\/\/sites.uwasa.fi\/bid4e\/wp-json\/wp\/v2\/types\/page"}],"author":[{"embeddable":true,"href":"https:\/\/sites.uwasa.fi\/bid4e\/wp-json\/wp\/v2\/users\/38"}],"replies":[{"embeddable":true,"href":"https:\/\/sites.uwasa.fi\/bid4e\/wp-json\/wp\/v2\/comments?post=50"}],"version-history":[{"count":7,"href":"https:\/\/sites.uwasa.fi\/bid4e\/wp-json\/wp\/v2\/pages\/50\/revisions"}],"predecessor-version":[{"id":111,"href":"https:\/\/sites.uwasa.fi\/bid4e\/wp-json\/wp\/v2\/pages\/50\/revisions\/111"}],"wp:attachment":[{"href":"https:\/\/sites.uwasa.fi\/bid4e\/wp-json\/wp\/v2\/media?parent=50"}],"curies":[{"name":"wp","href":"https:\/\/api.w.org\/{rel}","templated":true}]}}