{"id":45,"date":"2020-08-24T18:49:08","date_gmt":"2020-08-24T15:49:08","guid":{"rendered":"https:\/\/sites.uwasa.fi\/bid4e\/?page_id=45"},"modified":"2022-09-14T05:37:38","modified_gmt":"2022-09-14T02:37:38","slug":"media","status":"publish","type":"page","link":"https:\/\/sites.uwasa.fi\/bid4e\/media\/","title":{"rendered":"BID4E in the media"},"content":{"rendered":"<p><a href=\"https:\/\/sites.uwasa.fi\/bid4e\/intro\/funding\/\" rel=\"attachment wp-att-15\"><img loading=\"lazy\" decoding=\"async\" class=\"alignnone wp-image-15\" src=\"https:\/\/sites.uwasa.fi\/bid4e\/wp-content\/blogs.dir\/4\/files\/sites\/107\/2020\/08\/funding.png\" alt=\"\" width=\"797\" height=\"89\" srcset=\"https:\/\/sites.uwasa.fi\/bid4e\/wp-content\/blogs.dir\/4\/files\/sites\/107\/2020\/08\/funding.png 1373w, https:\/\/sites.uwasa.fi\/bid4e\/wp-content\/blogs.dir\/4\/files\/sites\/107\/2020\/08\/funding-300x34.png 300w, https:\/\/sites.uwasa.fi\/bid4e\/wp-content\/blogs.dir\/4\/files\/sites\/107\/2020\/08\/funding-1024x115.png 1024w, https:\/\/sites.uwasa.fi\/bid4e\/wp-content\/blogs.dir\/4\/files\/sites\/107\/2020\/08\/funding-768x86.png 768w\" sizes=\"(max-width: 797px) 100vw, 797px\" \/><\/a><\/p>\n<p><strong>Links to appearances of the project in the media <\/strong>(most recent at the bottom)<strong>:<\/strong><\/p>\n<p>15.1.2019 Vaasan yliopisto, uutiset<\/p>\n<ul>\n<li><a href=\"https:\/\/www.uwasa.fi\/fi\/news\/bid4e\/\" target=\"_blank\" rel=\"noopener noreferrer\">Kilpailukyky digiaikana vaatii kansainv\u00e4listymist\u00e4 \u2013 teollisuuden pk-yrityksille apua uudella hankkeella<\/a><\/li>\n<\/ul>\n<p>15.1.2019\u00a0Sein\u00e4joen yliopistokeskuksen Epanet-uutiskirje 2\/2019<\/p>\n<ul>\n<li><a href=\"https:\/\/us14.campaign-archive.com\/?u=ac5f632837c57c0eea80aa006&amp;id=eb3b5ac9a4\" target=\"_blank\" rel=\"noopener noreferrer\">Kilpailukyky digiaikana vaatii kansainv\u00e4listymist\u00e4 &#8211; teollisuuden pk-yrityksille apua uudella hankkeella<\/a><\/li>\n<\/ul>\n<p>17.1.2019\u00a0Urban and Regional Studies Group (Sente) Blog<\/p>\n<ul>\n<li><a href=\"http:\/\/blogs.uta.fi\/sente\/2019\/01\/17\/business-and-innovation-development-for-enterprises-bid4e-2019-2021\/\" target=\"_blank\" rel=\"noopener noreferrer\">Business and Innovation Development for Enterprises (BID4E)<\/a><\/li>\n<\/ul>\n<p>17.1.2019 Vaasa Insider<\/p>\n<ul>\n<li><a href=\"https:\/\/www.vaasainsider.fi\/fi\/koulutus-tutkimus\/teollisten-pk-yritysten-kansainvalistymisvalmiuksia-kehitetaan-merenkurkun-molemmin-puolin\/\" target=\"_blank\" rel=\"noopener noreferrer\">Teollisten pk-yritysten kansainv\u00e4listymisvalmiuksia kehitet\u00e4\u00e4n Merenkurkun molemmin puolin<\/a><\/li>\n<\/ul>\n<p>23.1.2019 Botnia-Atlantica projektbank<\/p>\n<ul>\n<li><a href=\"https:\/\/www.botnia-atlantica.eu\/om-beviljade-projekt\/projektbank\/business-and-innovation-development-for-enterprises-bid4e\" target=\"_blank\" rel=\"noopener noreferrer\">BID4E<\/a><\/li>\n<\/ul>\n<p>7.2.2019 Mittuniversitet<\/p>\n<ul>\n<li><a href=\"https:\/\/www.miun.se\/cer\/nyheter-fran-cer2\/reportage\/2019-01\/svensktfinsktsamarbete\/\" target=\"_blank\" rel=\"noopener noreferrer\">Svensk-finskt samarbete ska lyfta sm\u00e5f\u00f6retag i norr<\/a><\/li>\n<\/ul>\n<p>11.2.2019 Mittuniversitetet<\/p>\n<ul>\n<li><a href=\"https:\/\/www.miun.se\/press\/pressmeddelanden\/2019-2\/svensk-finskt-samarbete-ska-lyfta-smaforetag-i-norr\/\" target=\"_blank\" rel=\"noopener noreferrer\">Pressmeddelande<\/a><\/li>\n<\/ul>\n<p>2.12.2019 Mittuniversitetet<\/p>\n<ul>\n<li><a href=\"https:\/\/www.miun.se\/Forskning\/forskningsmiljoer\/forskningscentra\/cer\/nyheter-fran-cer2\/reportage\/2019-11\/Kraft\/\">Upptaktstr\u00e4ff f\u00f6r aff\u00e4rsutvecklingsprogrammet KrAft<\/a><\/li>\n<\/ul>\n<p>29.2.2020\u00a0Mittuniversitetet<\/p>\n<ul>\n<li><a href=\"https:\/\/www.miun.se\/Forskning\/forskningsmiljoer\/forskningscentra\/cer\/nyheter-fran-cer2\/reportage\/2020-02\/ny-traff-inom-affarsutvecklingsprojektet-bid4e\/\">Ny tr\u00e4ff inom aff\u00e4rsutvecklingsprojektet BID4E<\/a><\/li>\n<\/ul>\n<p>30.6.2020 Mittuniversitetet<\/p>\n<ul>\n<li><a href=\"https:\/\/www.miun.se\/Forskning\/forskningsmiljoer\/forskningscentra\/cer\/nyheter-fran-cer2\/reportage\/2020-06\/lyckat-webbinarium-ed-fokus-pa-affarsmodellsinnovationer\/\">Lyckat webbinarium med fokus p\u00e5 aff\u00e4rsmodellsinnovationer<\/a><\/li>\n<\/ul>\n<p>27.8.2020 Mittuniversitetet<\/p>\n<ul>\n<li><a href=\"https:\/\/www.miun.se\/Forskning\/forskningsmiljoer\/forskningscentra\/cer\/nyheter-fran-cer2\/reportage\/2020-08\/webbinarium-med-fokus-pa-affarsutveckling\/\">Lyckat webbinarium med fokus p\u00e5 aff\u00e4rsutveckling<\/a><\/li>\n<\/ul>\n<p>25.9.2020 Kansainv\u00e4linen Etel\u00e4-Pohjanmaa @ Facebook<\/p>\n<ul>\n<li><a href=\"https:\/\/www.facebook.com\/kansainvalinenetelapohjanmaa\/posts\/1701112380039502\">Digihankkeet tutuksi \u2013 OSA 11: Bisneksi\u00e4 yli rajojen<\/a><\/li>\n<li><a href=\"https:\/\/sites.uwasa.fi\/bid4e\/wp-content\/blogs.dir\/4\/files\/sites\/107\/2021\/02\/EU-tietokeskus-Facebook-posting-BID4E.pdf\">Screenshot of the posting<\/a><\/li>\n<\/ul>\n<p>14.11.2020 The BID4E project&#8217;s entry to the Arctic Award 2020 was published in Facebook:<\/p>\n<ul>\n<li><a href=\"https:\/\/www.facebook.com\/Interregnord\/posts\/1527816730736905\">Interregnord @ Facebook<\/a><\/li>\n<li><a href=\"https:\/\/sites.uwasa.fi\/bid4e\/wp-content\/blogs.dir\/4\/files\/sites\/107\/2021\/02\/Arctic-Challenge-Facebook-posting-BID4E.pdf\">Screenshot of the posting<\/a><\/li>\n<\/ul>\n<p>28.1.2021 Wiebke Reim presented some results from the BID4E project as part of her presentation in the webinar \u201cAI-BASERADE AFF\u00c4RSMODELLER\u201d organized by Lule\u00e5 University of Technology.<\/p>\n<p>15.3.2021 The article &#8220;Analyyttisyytt\u00e4 pk-yritysten innovaatiotoimintaan ja liiketoiminnan digitalisaatioon\u201d by Pertti Wathen and Jari Kolehmainen was published in Etel\u00e4-Pohjanmaan Kauppakamarilehti 1\/2021<\/p>\n<ul>\n<li><a href=\"https:\/\/etela-pohjanmaankauppakamari.fi\/wp-content\/uploads\/Kauppakamarilehti_1-2021_TULOSTUS.pdf\">Link<\/a><\/li>\n<\/ul>\n<p>20.4.2021 The BID4E project\u2019s two digital tools are advertised in a Finnish-language video on YouTube<\/p>\n<ul>\n<li><a href=\"https:\/\/youtu.be\/ieTKGu6cJNI\">Link to video<\/a><\/li>\n<\/ul>\n<p>18.8.2021 Wiebke Reim and Nerine Mary George presented their paper\u00a0\u201cBusiness model implications for digitalization-based SME internationalization\u201d at the 16th Vaasa Conference on International Business<\/p>\n<p>6.9.2021 An article by Pertti Wathen was published in the Finnish newspaper Ilkka-Pohjalainen<\/p>\n<ul>\n<li><a href=\"https:\/\/sites.uwasa.fi\/bid4e\/wp-content\/blogs.dir\/4\/files\/sites\/107\/2021\/09\/SKM_C454e21090607450.pdf\">&#8220;Viisas yritt\u00e4j\u00e4 katsoo eteen &#8211; ja taakse&#8221;<\/a><\/li>\n<\/ul>\n<p>30.9.2021 Regional project result dissemination in South Ostrotbothnia during Tietoprovinssi 2021 (online event due to Covid19-pandemic restrictions)<\/p>\n<ul>\n<li><a href=\"http:\/\/epky.fi\/epanet\/tietoprovinssi\">Luovia k\u00e4yt\u00e4nt\u00f6j\u00e4 rajat ylitt\u00e4v\u00e4n yritysyhteisty\u00f6n ja liiketoiminnan kehitt\u00e4miseksi: case BID4E-hanke<\/a><\/li>\n<\/ul>\n<p>26.10.2021 Facilitation BID4E gamified tool<\/p>\n<ul>\n<li><a href=\"https:\/\/www.youtube.com\/watch?v=lkiGJyRbwCg\">https:\/\/www.youtube.com\/watch?v=lkiGJyRbwCg<\/a><\/li>\n<\/ul>\n<p>26.11.2021 BID4E-analyysity\u00f6kalut<\/p>\n<ul>\n<li><a href=\"https:\/\/www.youtube.com\/watch?v=lDOTeH-qAL0\">https:\/\/www.youtube.com\/watch?v=lDOTeH-qAL0<\/a><\/li>\n<\/ul>\n<p>Reim, Wiebke; Yli-Viitala, Pirjo; Arrasvuori, Juha; Parida, Vinit. (2022). <strong>Tackling business model challenges in SME internationalization through digitalization<\/strong>. <em>Journal of innovation and knowledge<\/em> 7(3).<\/p>\n<ul>\n<li><a href=\"https:\/\/doi.org\/10.1016\/j.jik.2022.100199\">https:\/\/doi.org\/10.1016\/j.jik.2022.100199<\/a><\/li>\n<\/ul>\n","protected":false},"excerpt":{"rendered":"<p>Links to appearances of the project in the media (most recent at the bottom): 15.1.2019 Vaasan yliopisto, uutiset Kilpailukyky digiaikana vaatii kansainv\u00e4listymist\u00e4 \u2013 teollisuuden pk-yrityksille apua uudella hankkeella 15.1.2019\u00a0Sein\u00e4joen yliopistokeskuksen Epanet-uutiskirje 2\/2019 Kilpailukyky digiaikana vaatii kansainv\u00e4listymist\u00e4 &#8211; teollisuuden pk-yrityksille apua uudella hankkeella 17.1.2019\u00a0Urban and Regional Studies Group (Sente) Blog Business and Innovation Development for Enterprises [&hellip;]<\/p>\n","protected":false},"author":38,"featured_media":0,"parent":0,"menu_order":0,"comment_status":"closed","ping_status":"closed","template":"","meta":{"_acf_changed":false,"footnotes":""},"class_list":["post-45","page","type-page","status-publish","hentry"],"acf":[],"_links":{"self":[{"href":"https:\/\/sites.uwasa.fi\/bid4e\/wp-json\/wp\/v2\/pages\/45"}],"collection":[{"href":"https:\/\/sites.uwasa.fi\/bid4e\/wp-json\/wp\/v2\/pages"}],"about":[{"href":"https:\/\/sites.uwasa.fi\/bid4e\/wp-json\/wp\/v2\/types\/page"}],"author":[{"embeddable":true,"href":"https:\/\/sites.uwasa.fi\/bid4e\/wp-json\/wp\/v2\/users\/38"}],"replies":[{"embeddable":true,"href":"https:\/\/sites.uwasa.fi\/bid4e\/wp-json\/wp\/v2\/comments?post=45"}],"version-history":[{"count":33,"href":"https:\/\/sites.uwasa.fi\/bid4e\/wp-json\/wp\/v2\/pages\/45\/revisions"}],"predecessor-version":[{"id":215,"href":"https:\/\/sites.uwasa.fi\/bid4e\/wp-json\/wp\/v2\/pages\/45\/revisions\/215"}],"wp:attachment":[{"href":"https:\/\/sites.uwasa.fi\/bid4e\/wp-json\/wp\/v2\/media?parent=45"}],"curies":[{"name":"wp","href":"https:\/\/api.w.org\/{rel}","templated":true}]}}