{"id":42,"date":"2020-08-24T18:49:26","date_gmt":"2020-08-24T15:49:26","guid":{"rendered":"https:\/\/sites.uwasa.fi\/bid4e\/?page_id=42"},"modified":"2021-02-28T10:30:45","modified_gmt":"2021-02-28T08:30:45","slug":"hankkeesta","status":"publish","type":"page","link":"https:\/\/sites.uwasa.fi\/bid4e\/hankkeesta\/","title":{"rendered":"BID4E-hankkeesta"},"content":{"rendered":"<p><a href=\"https:\/\/sites.uwasa.fi\/bid4e\/intro\/funding\/\" rel=\"attachment wp-att-15\"><img loading=\"lazy\" decoding=\"async\" class=\"alignnone wp-image-15\" src=\"https:\/\/sites.uwasa.fi\/bid4e\/wp-content\/blogs.dir\/4\/files\/sites\/107\/2020\/08\/funding.png\" alt=\"\" width=\"842\" height=\"94\" srcset=\"https:\/\/sites.uwasa.fi\/bid4e\/wp-content\/blogs.dir\/4\/files\/sites\/107\/2020\/08\/funding.png 1373w, https:\/\/sites.uwasa.fi\/bid4e\/wp-content\/blogs.dir\/4\/files\/sites\/107\/2020\/08\/funding-300x34.png 300w, https:\/\/sites.uwasa.fi\/bid4e\/wp-content\/blogs.dir\/4\/files\/sites\/107\/2020\/08\/funding-1024x115.png 1024w, https:\/\/sites.uwasa.fi\/bid4e\/wp-content\/blogs.dir\/4\/files\/sites\/107\/2020\/08\/funding-768x86.png 768w\" sizes=\"(max-width: 842px) 100vw, 842px\" \/><\/a><\/p>\n<p><strong>Hankkeen tavoitteet<\/strong><\/p>\n<p>Monella Botnia-Atlantica-alueella toimivalla valmistavan teollisuuden PK-yrityksell\u00e4 on rajalliset valmiudet, ty\u00f6kalut ja verkottumismahdollisuudet kansainv\u00e4lisen liiketoiminnan kehitt\u00e4miseen. T\u00e4m\u00e4n ongelman seuraukset ovat merkitt\u00e4v\u00e4t, sill\u00e4 PK-yritysten olisi pystytt\u00e4v\u00e4 laajentamaan markkinoitaan kansainv\u00e4lisesti kilpailukykyns\u00e4 yll\u00e4pit\u00e4miseksi ja samalla vastaamaan muutoksiin joita digitalisaatio tuo globaaliin liiketoimintaan.<\/p>\n<p>T\u00e4m\u00e4n ongelman ratkaisemiseksi BID4E-hanke tulee vahvistamaan Botnia-Atlantica-alueen PK-yritysten kansainv\u00e4list\u00e4 kilpailukyky\u00e4 lis\u00e4\u00e4m\u00e4ll\u00e4 yritysten valmiuksia kansainv\u00e4liseen liiketoimintaan ja innovaatiotoimintaan, digitalisaation hy\u00f6dynt\u00e4miseen sek\u00e4 tarjoamalla tilaisuuksia kriittisen massan hankkimiseen uusilla rajat ylitt\u00e4vill\u00e4 kumppanuuksilla.<\/p>\n<p>Hankekonsortiota johtaa Vaasan yliopisto. Hankekumppaneita ovat <a href=\"http:\/\/blogs.uta.fi\/sente\/introduction\/\" target=\"_blank\" rel=\"noopener noreferrer\">Tampereen yliopisto (Sein\u00e4joen yliopistokeskus)<\/a>, <a href=\"https:\/\/www.ltu.se\/research\/subjects\/Entrepreneurship-and-Innovation\" target=\"_blank\" rel=\"noopener noreferrer\">Luulajan teknillinen yliopisto<\/a> ja <a href=\"https:\/\/www.miun.se\/cer\/\" target=\"_blank\" rel=\"noopener noreferrer\">Mittuniversitetet<\/a>. Akateemista projektikonsortiota t\u00e4ydennet\u00e4\u00e4n tiiviill\u00e4 yhteisty\u00f6ll\u00e4 useiden alueellisten innovaatiotoimijoiden, kuten Almi F\u00f6retagspartner, LTU Business ja Viexpo NordicHub kanssa.<\/p>\n<p><strong>Hankkeen toimenpiteet<\/strong><\/p>\n<p>Hankkeessa laaditaan analyysi jokaisesta mukana olevasta PK-yrityksest\u00e4, koskien yrityksen kehitt\u00e4misvalmiuksia ja \u2013mahdollisuuksia kansainv\u00e4liselle liiketoiminnalle. Tiet\u00e4myksen lis\u00e4\u00e4miseksi hankkeessa toteutetaan koulutus, jossa k\u00e4sitell\u00e4\u00e4n digitalisaatiota ajurina liiketoiminnan muutokselle, kest\u00e4v\u00e4lle kehitykselle, sek\u00e4 tasa-arvon, monimuotoisuuden ja yht\u00e4l\u00e4isten mahdollisuuksien lis\u00e4\u00e4miselle ty\u00f6paikoilla. Hanke toteuttaa yrityksille useita rajat ylitt\u00e4vi\u00e4 ty\u00f6pajoja, joissa tuetaan aktiivisesti yritysten verkottumista. PK-yritysten kansainv\u00e4listymispyrkimysten avustamiseksi hankkeessa kehitet\u00e4\u00e4n kaksi digitaalista ty\u00f6kalua kansainv\u00e4liseen liiketoiminnan kehitt\u00e4miseen ja opastetaan yrityksi\u00e4 n\u00e4iden ty\u00f6kalujen k\u00e4yt\u00f6ss\u00e4.<\/p>\n<p>Projektin tuotokset, kuten kaksi ty\u00f6kalua kansainv\u00e4lisen liiketoiminnan kehitt\u00e4miseen, tulevat olemaan saatavilla digitaalisen alustan kautta my\u00f6s hankkeen p\u00e4\u00e4ttymisen j\u00e4lkeen.<\/p>\n<p><strong>Hankkeeseen osallistuminen<\/strong><\/p>\n<p>Hankkeen tavoitteena on saada mukaan 30 valmistavan teollisuuden PK-yrityst\u00e4 V\u00e4sterbottenin, V\u00e4sternorrlandin, Pohjanmaan, Keski-Pohjanmaan ja Etel\u00e4-Pohjanmaan alueilta.<\/p>\n<p>Hankkeeseen osallistuvat PK-yritykset lis\u00e4\u00e4v\u00e4t tiet\u00e4myst\u00e4\u00e4n uusista liiketoimintamalleista ja digitalisaation mahdollisuuksista uuden liiketoiminnan kehitt\u00e4miseen, saavat syv\u00e4llisen n\u00e4kemykset kansainv\u00e4lisen liiketoiminnan haasteista, muodostavat uusia rajat ylitt\u00e4vi\u00e4 kumppanuuksia ja verkostoja, sek\u00e4 lis\u00e4\u00e4v\u00e4t osaamistaan k\u00e4ytt\u00e4\u00e4 uusia digitaalisilla ty\u00f6kaluja kansainv\u00e4lisen liiketoimintansa kehitt\u00e4miseen.<\/p>\n<p><strong>Hankkeen toteutusaika<\/strong><\/p>\n<p>1\/2019-12\/2021<\/p>\n<p><strong>Hankkeen rahoitus<\/strong><\/p>\n<p>Kokonaisbudjetti: 794 025 euroa.<\/p>\n<p>Rahoitukseen osallistuvat EU Interreg Botnia-Atlantica-ohjelma, Region V\u00e4sterbotten, Pohjanmaan liitto, Vaasan yliopisto, Tampereen yliopisto (Sein\u00e4joen yliopistokeskus), Luulajan teknillinen yliopisto ja Mittuniversitetet.<\/p>\n<p><strong>Hanke mediassa<\/strong><\/p>\n<ul>\n<li><a href=\"https:\/\/sites.uwasa.fi\/bid4e\/media\/\">Kirjoituksia hankkeesta<\/a><\/li>\n<\/ul>\n<p><strong>Yhteystiedot<\/strong><\/p>\n<ul>\n<li><a href=\"https:\/\/sites.uwasa.fi\/bid4e\/team\/\">Projektiryhm\u00e4<\/a><\/li>\n<\/ul>\n<p>Projektip\u00e4\u00e4llikk\u00f6:<\/p>\n<p style=\"padding-left: 40px\">Juha Arrasvuori, Vaasan yliopisto<\/p>\n<p style=\"padding-left: 40px\">S-posti: juha.arrasvuori[at]uva.fi<\/p>\n<p style=\"padding-left: 40px\">Puh. +358 50 486 7978<\/p>\n","protected":false},"excerpt":{"rendered":"<p>Hankkeen tavoitteet Monella Botnia-Atlantica-alueella toimivalla valmistavan teollisuuden PK-yrityksell\u00e4 on rajalliset valmiudet, ty\u00f6kalut ja verkottumismahdollisuudet kansainv\u00e4lisen liiketoiminnan kehitt\u00e4miseen. T\u00e4m\u00e4n ongelman seuraukset ovat merkitt\u00e4v\u00e4t, sill\u00e4 PK-yritysten olisi pystytt\u00e4v\u00e4 laajentamaan markkinoitaan kansainv\u00e4lisesti kilpailukykyns\u00e4 yll\u00e4pit\u00e4miseksi ja samalla vastaamaan muutoksiin joita digitalisaatio tuo globaaliin liiketoimintaan. T\u00e4m\u00e4n ongelman ratkaisemiseksi BID4E-hanke tulee vahvistamaan Botnia-Atlantica-alueen PK-yritysten kansainv\u00e4list\u00e4 kilpailukyky\u00e4 lis\u00e4\u00e4m\u00e4ll\u00e4 yritysten valmiuksia kansainv\u00e4liseen liiketoimintaan [&hellip;]<\/p>\n","protected":false},"author":38,"featured_media":0,"parent":0,"menu_order":0,"comment_status":"closed","ping_status":"closed","template":"","meta":{"_acf_changed":false,"footnotes":""},"class_list":["post-42","page","type-page","status-publish","hentry"],"acf":[],"_links":{"self":[{"href":"https:\/\/sites.uwasa.fi\/bid4e\/wp-json\/wp\/v2\/pages\/42"}],"collection":[{"href":"https:\/\/sites.uwasa.fi\/bid4e\/wp-json\/wp\/v2\/pages"}],"about":[{"href":"https:\/\/sites.uwasa.fi\/bid4e\/wp-json\/wp\/v2\/types\/page"}],"author":[{"embeddable":true,"href":"https:\/\/sites.uwasa.fi\/bid4e\/wp-json\/wp\/v2\/users\/38"}],"replies":[{"embeddable":true,"href":"https:\/\/sites.uwasa.fi\/bid4e\/wp-json\/wp\/v2\/comments?post=42"}],"version-history":[{"count":8,"href":"https:\/\/sites.uwasa.fi\/bid4e\/wp-json\/wp\/v2\/pages\/42\/revisions"}],"predecessor-version":[{"id":101,"href":"https:\/\/sites.uwasa.fi\/bid4e\/wp-json\/wp\/v2\/pages\/42\/revisions\/101"}],"wp:attachment":[{"href":"https:\/\/sites.uwasa.fi\/bid4e\/wp-json\/wp\/v2\/media?parent=42"}],"curies":[{"name":"wp","href":"https:\/\/api.w.org\/{rel}","templated":true}]}}