{"id":3,"date":"2020-08-24T18:48:34","date_gmt":"2020-08-24T15:48:34","guid":{"rendered":"https:\/\/sites.uwasa.fi\/bid4e\/?page_id=3"},"modified":"2021-12-08T09:27:41","modified_gmt":"2021-12-08T07:27:41","slug":"intro","status":"publish","type":"page","link":"https:\/\/sites.uwasa.fi\/bid4e\/","title":{"rendered":"BID4E: Business and Innovation Development for Enterprises"},"content":{"rendered":"<p><img loading=\"lazy\" decoding=\"async\" class=\"alignnone wp-image-15\" src=\"https:\/\/sites.uwasa.fi\/bid4e\/wp-content\/blogs.dir\/4\/files\/sites\/107\/2020\/08\/funding-300x34.png\" alt=\"\" width=\"750\" height=\"85\" srcset=\"https:\/\/sites.uwasa.fi\/bid4e\/wp-content\/blogs.dir\/4\/files\/sites\/107\/2020\/08\/funding-300x34.png 300w, https:\/\/sites.uwasa.fi\/bid4e\/wp-content\/blogs.dir\/4\/files\/sites\/107\/2020\/08\/funding-1024x115.png 1024w, https:\/\/sites.uwasa.fi\/bid4e\/wp-content\/blogs.dir\/4\/files\/sites\/107\/2020\/08\/funding-768x86.png 768w, https:\/\/sites.uwasa.fi\/bid4e\/wp-content\/blogs.dir\/4\/files\/sites\/107\/2020\/08\/funding.png 1373w\" sizes=\"(max-width: 750px) 100vw, 750px\" \/><\/p>\n<p><img loading=\"lazy\" decoding=\"async\" class=\"alignnone size-full wp-image-8\" src=\"https:\/\/sites.uwasa.fi\/bid4e\/wp-content\/blogs.dir\/4\/files\/sites\/107\/2020\/08\/uk.png\" alt=\"\" width=\"20\" height=\"12\" \/>\u00a0<a href=\"https:\/\/sites.uwasa.fi\/bid4e\/summary\/\">Summary in English<\/a><\/p>\n<p><img loading=\"lazy\" decoding=\"async\" class=\"alignnone size-full wp-image-7\" src=\"https:\/\/sites.uwasa.fi\/bid4e\/wp-content\/blogs.dir\/4\/files\/sites\/107\/2020\/08\/fin.png\" alt=\"\" width=\"20\" height=\"12\" \/>\u00a0Monella valmistavan teollisuuden pk-yrityksell\u00e4 Botnia-Atlantica-alueella on rajalliset valmiudet, ty\u00f6kalut ja verkostot kansainv\u00e4list\u00e4\u00e4 liiketoimintaansa. BID4E-hankkeen tavoitteena on vahvistaa pk-yritysten v\u00e4lisi\u00e4 verkostoja mm. j\u00e4rjest\u00e4m\u00e4ll\u00e4 ty\u00f6pajoja, joissa suomalaiset ja ruotsalaiset yritykset kohtaavat. Hanke toteutettiin 1\/2019-12\/2021.<\/p>\n<p style=\"padding-left: 40px\">Hankkeessa laaditaan yksil\u00f6llinen analyysi kunkin yrityksen kehitt\u00e4misvalmiuksista liiketoiminnan kansainv\u00e4list\u00e4miseen. Lis\u00e4ksi hankkeessa toteutetaan yritysten k\u00e4ytt\u00f6\u00f6n digitaalisia ty\u00f6kaluja kansainv\u00e4lisen liiketoiminnan kehitt\u00e4miseen. Hankkeen kohderyhm\u00e4n\u00e4 ovat pk-yritykset valmistavassa teollisuudessa ja siihen liittyvill\u00e4 toimialoilla Suomessa Pohjanmaan, Keski-Pohjanmaan ja Etel\u00e4-Pohjanmaan alueilla, sek\u00e4 Ruotsissa V\u00e4sterbottenin ja V\u00e4sternorrlandin alueilla.<\/p>\n<p style=\"padding-left: 40px\">+ <a href=\"https:\/\/sites.uwasa.fi\/bid4e\/hankkeesta\/\">Lue lis\u00e4\u00e4 hankkeesta<\/a>. + <a href=\"https:\/\/sites.uwasa.fi\/bid4e\/wp-content\/blogs.dir\/4\/files\/sites\/107\/2020\/08\/juliste.pdf\">Juliste hankkeesta<\/a>.<\/p>\n<p><img loading=\"lazy\" decoding=\"async\" class=\"alignnone size-full wp-image-6\" src=\"https:\/\/sites.uwasa.fi\/bid4e\/wp-content\/blogs.dir\/4\/files\/sites\/107\/2020\/08\/swe.png\" alt=\"\" width=\"20\" height=\"12\" \/>\u00a0M\u00e5nga sm\u00e5 och medelstora f\u00f6retag i Botnia-Atlantica-regionen har begr\u00e4nsade m\u00f6jligheter f\u00f6r internationell aff\u00e4rsutveckling. BID4E-projektets m\u00e5l \u00e4r att st\u00e4rka n\u00e4tverk mellan sm\u00e5 och medelstora f\u00f6retag inom tillverkningsindustrin och kompletterande branscher. Projektperioden var 1\/2019-12\/2021.<\/p>\n<p style=\"padding-left: 40px\">Projektet hj\u00e4lper dessa f\u00f6retag med att ta fram digitala verktyg f\u00f6r internationell aff\u00e4rsberedskap, transformation och innovationsutveckling. Projektet anordnar flera gr\u00e4ns\u00f6verskridande workshops med n\u00e4tverkningstillf\u00e4llen. Projektet syftar till att engagera f\u00f6retag i Sverige i V\u00e4sterbotten och V\u00e4sternorrland, och i Finland i \u00d6sterbotten, Mellersta \u00d6sterbotten och S\u00f6dra \u00d6sterbotten.<\/p>\n<p style=\"padding-left: 40px\">+ <a href=\"https:\/\/sites.uwasa.fi\/bid4e\/projektet\/\">L\u00e4s mera om projektet<\/a>. + <a href=\"https:\/\/sites.uwasa.fi\/bid4e\/wp-content\/blogs.dir\/4\/files\/sites\/107\/2020\/08\/affisch.pdf\">Affisch om projektet<\/a>.<\/p>\n<p><a href=\"https:\/\/sites.uwasa.fi\/bid4e\/team\/\"><strong>Projektiryhm\u00e4\/projektgruppen<\/strong><\/a><\/p>\n<p><strong>Yhteyshenkil\u00f6\/kontaktperson:<\/strong><\/p>\n<p style=\"padding-left: 40px\">Juha Arrasvuori, juha.arrasvuori@uwasa.fi<\/p>\n<p><strong>Rahoitus\/finansiering:<\/strong><\/p>\n<p><img loading=\"lazy\" decoding=\"async\" class=\"wp-image-180 alignleft\" src=\"https:\/\/sites.uwasa.fi\/bid4e\/wp-content\/blogs.dir\/4\/files\/sites\/107\/2021\/11\/bidvalk-mm.png\" alt=\"BID4E-hankkeen logot\" width=\"1369\" height=\"239\" srcset=\"https:\/\/sites.uwasa.fi\/bid4e\/wp-content\/blogs.dir\/4\/files\/sites\/107\/2021\/11\/bidvalk-mm.png 1920w, https:\/\/sites.uwasa.fi\/bid4e\/wp-content\/blogs.dir\/4\/files\/sites\/107\/2021\/11\/bidvalk-mm-300x52.png 300w, https:\/\/sites.uwasa.fi\/bid4e\/wp-content\/blogs.dir\/4\/files\/sites\/107\/2021\/11\/bidvalk-mm-1024x179.png 1024w, https:\/\/sites.uwasa.fi\/bid4e\/wp-content\/blogs.dir\/4\/files\/sites\/107\/2021\/11\/bidvalk-mm-768x134.png 768w, https:\/\/sites.uwasa.fi\/bid4e\/wp-content\/blogs.dir\/4\/files\/sites\/107\/2021\/11\/bidvalk-mm-1536x268.png 1536w\" sizes=\"(max-width: 1369px) 100vw, 1369px\" \/><\/p>\n<p>&nbsp;<\/p>\n<h2><strong>Ajankohtaista:<\/strong><\/h2>\n<p><strong>Video BID4E-analyysity\u00f6kaluista (<a href=\"https:\/\/youtu.be\/lDOTeH-qAL0\" target=\"_blank\" rel=\"noopener\">katso t\u00e4st\u00e4<\/a>)<\/strong><\/p>\n<p><em><strong>Facilitation BID4E gamified tool demo video (<a href=\"https:\/\/youtu.be\/lkiGJyRbwCg\" target=\"_blank\" rel=\"noopener\">watch here<\/a>)<br \/>\n<\/strong><\/em>Facilitation is a digital card game about fostering innovation. The game is part of digital international business tools developed in the BID4E project.<\/p>\n","protected":false},"excerpt":{"rendered":"<p>\u00a0Summary in English \u00a0Monella valmistavan teollisuuden pk-yrityksell\u00e4 Botnia-Atlantica-alueella on rajalliset valmiudet, ty\u00f6kalut ja verkostot kansainv\u00e4list\u00e4\u00e4 liiketoimintaansa. BID4E-hankkeen tavoitteena on vahvistaa pk-yritysten v\u00e4lisi\u00e4 verkostoja mm. j\u00e4rjest\u00e4m\u00e4ll\u00e4 ty\u00f6pajoja, joissa suomalaiset ja ruotsalaiset yritykset kohtaavat. Hanke toteutettiin 1\/2019-12\/2021. Hankkeessa laaditaan yksil\u00f6llinen analyysi kunkin yrityksen kehitt\u00e4misvalmiuksista liiketoiminnan kansainv\u00e4list\u00e4miseen. Lis\u00e4ksi hankkeessa toteutetaan yritysten k\u00e4ytt\u00f6\u00f6n digitaalisia ty\u00f6kaluja kansainv\u00e4lisen liiketoiminnan kehitt\u00e4miseen. Hankkeen [&hellip;]<\/p>\n","protected":false},"author":38,"featured_media":0,"parent":0,"menu_order":0,"comment_status":"closed","ping_status":"closed","template":"","meta":{"_acf_changed":false,"footnotes":""},"class_list":["post-3","page","type-page","status-publish","hentry"],"acf":[],"_links":{"self":[{"href":"https:\/\/sites.uwasa.fi\/bid4e\/wp-json\/wp\/v2\/pages\/3"}],"collection":[{"href":"https:\/\/sites.uwasa.fi\/bid4e\/wp-json\/wp\/v2\/pages"}],"about":[{"href":"https:\/\/sites.uwasa.fi\/bid4e\/wp-json\/wp\/v2\/types\/page"}],"author":[{"embeddable":true,"href":"https:\/\/sites.uwasa.fi\/bid4e\/wp-json\/wp\/v2\/users\/38"}],"replies":[{"embeddable":true,"href":"https:\/\/sites.uwasa.fi\/bid4e\/wp-json\/wp\/v2\/comments?post=3"}],"version-history":[{"count":54,"href":"https:\/\/sites.uwasa.fi\/bid4e\/wp-json\/wp\/v2\/pages\/3\/revisions"}],"predecessor-version":[{"id":203,"href":"https:\/\/sites.uwasa.fi\/bid4e\/wp-json\/wp\/v2\/pages\/3\/revisions\/203"}],"wp:attachment":[{"href":"https:\/\/sites.uwasa.fi\/bid4e\/wp-json\/wp\/v2\/media?parent=3"}],"curies":[{"name":"wp","href":"https:\/\/api.w.org\/{rel}","templated":true}]}}