{"id":27,"date":"2020-08-24T18:49:52","date_gmt":"2020-08-24T15:49:52","guid":{"rendered":"https:\/\/sites.uwasa.fi\/bid4e\/?page_id=27"},"modified":"2021-09-27T11:05:48","modified_gmt":"2021-09-27T08:05:48","slug":"team","status":"publish","type":"page","link":"https:\/\/sites.uwasa.fi\/bid4e\/team\/","title":{"rendered":"Projektiryhm\u00e4\/Projektgruppen\/Project team"},"content":{"rendered":"<p>&nbsp;<\/p>\n<table class=\" alignleft\" style=\"width: 60%;border-collapse: collapse\" border=\"0\">\n<tbody>\n<tr>\n<td style=\"width: 339.421875px;text-align: left\">\n<p>&nbsp;<\/p>\n<p><strong>University of Vaasa<\/strong><\/p>\n<p>Juha Arrasvuori<\/p>\n<ul>\n<li>BID4E Project coordinator<\/li>\n<li>E-mail: juha.arrasvuori@uwasa.fi<\/li>\n<li>Tel: +358 50 486 7978<\/li>\n<li><a href=\"https:\/\/fi.linkedin.com\/in\/juha-arrasvuori-24151457\">LinkedIn<\/a><\/li>\n<\/ul>\n<p>Pirjo Yli-Viitala<\/p>\n<ul>\n<li>E-mail: pirjo.yli-viitala@uwasa.fi<\/li>\n<li>Tel: +358 40 592 7521<\/li>\n<li><a href=\"https:\/\/fi.linkedin.com\/in\/pirjo-yli-viitala-62134188\">LinkedIn<\/a><\/li>\n<\/ul>\n<p>Mikael M\u00e4enp\u00e4\u00e4<\/p>\n<ul>\n<li>E-mail: mikael.maenpaa@uwasa.fi<\/li>\n<li>Tel: +358 29 449 8441<\/li>\n<li><a href=\"https:\/\/www.linkedin.com\/in\/mikaelmaenpaa\/\">LinkedIn<\/a><\/li>\n<\/ul>\n<\/td>\n<td style=\"width: 341.59375px\">\n<p><strong>University of Tampere \u00a0<\/strong><\/p>\n<p><strong>(Sein\u00e4joki University Consortium)<\/strong><\/p>\n<p>Jari Kolehmainen<\/p>\n<ul>\n<li>E-mail: jari.kolehmainen@tuni.fi<\/li>\n<li>Tel: +358\u00a050 574 9704<\/li>\n<li><a href=\"https:\/\/www.linkedin.com\/in\/jari-kolehmainen-19b4752\/\">LinkedIn<\/a><\/li>\n<\/ul>\n<p>Pertti Wathen<\/p>\n<ul>\n<li>E-mail: pertti.wathen@tuni.fi<\/li>\n<li>Tel: +358 50 318 7504<\/li>\n<li><a href=\"https:\/\/fi.linkedin.com\/in\/pertti-wathen-438a371a\">LinkedIn<\/a><\/li>\n<\/ul>\n<p>&nbsp;<\/p>\n<p>&nbsp;<\/p>\n<p>&nbsp;<\/td>\n<\/tr>\n<tr>\n<td style=\"width: 339.421875px\">\n<p><strong>Lule\u00e5 University of Technology<\/strong><\/p>\n<p>Vinit Parida<\/p>\n<ul>\n<li>E-mail: vinit.parida@ltu.se<\/li>\n<li>Tel:\u00a0+46 73 543 50 74<\/li>\n<li><a href=\"https:\/\/www.linkedin.com\/in\/vinit-parida-9369188\/\">LinkedIn<\/a><\/li>\n<\/ul>\n<p>Wiebke Reim<\/p>\n<ul>\n<li>E-mail: wiebke.reim@ltu.se<\/li>\n<li>Tel:\u00a0+46 92 049 20 79<\/li>\n<li><a href=\"https:\/\/www.linkedin.com\/in\/wiebke-reim-164ab4a3\/\">LinkedIn<\/a><\/li>\n<\/ul>\n<\/td>\n<td style=\"width: 341.59375px\">\n<p><strong>Mid Sweden University<\/strong><\/p>\n<p>Hel\u00e9ne Lundberg<\/p>\n<ul>\n<li>E-mail:\u00a0helene.lundberg@miun.se<\/li>\n<li>Tel: +46 72 581 87 71<\/li>\n<li><a href=\"https:\/\/www.linkedin.com\/in\/helene-lundberg-9096b617a\/\">LinkedIn<\/a><\/li>\n<\/ul>\n<p>Edith Andresen<\/p>\n<ul>\n<li>E-mail:\u00a0edith.andresen@miun.se<\/li>\n<li>Tel:\u00a0+46 72 581 86 84<\/li>\n<li><a href=\"https:\/\/www.linkedin.com\/in\/edith-andressen-8399bba\/\">LinkedIn<\/a><\/li>\n<\/ul>\n<\/td>\n<\/tr>\n<\/tbody>\n<\/table>\n<p>&nbsp;<\/p>\n<p>&nbsp;<\/p>\n<p><a href=\"https:\/\/sites.uwasa.fi\/bid4e\/team\/bid4e_team\/\" rel=\"attachment wp-att-31\"><img loading=\"lazy\" decoding=\"async\" class=\"alignnone wp-image-31\" src=\"https:\/\/sites.uwasa.fi\/bid4e\/wp-content\/blogs.dir\/4\/files\/sites\/107\/2020\/08\/bid4e_team.png\" alt=\"\" width=\"785\" height=\"523\" srcset=\"https:\/\/sites.uwasa.fi\/bid4e\/wp-content\/blogs.dir\/4\/files\/sites\/107\/2020\/08\/bid4e_team.png 661w, https:\/\/sites.uwasa.fi\/bid4e\/wp-content\/blogs.dir\/4\/files\/sites\/107\/2020\/08\/bid4e_team-300x200.png 300w\" sizes=\"(max-width: 785px) 100vw, 785px\" \/><\/a><\/p>\n<p>BID4E-team (without Vinit Parida) during project kick-off on January 29, 2019<\/p>\n","protected":false},"excerpt":{"rendered":"<p>&nbsp; &nbsp; University of Vaasa Juha Arrasvuori BID4E Project coordinator E-mail: juha.arrasvuori@uwasa.fi Tel: +358 50 486 7978 LinkedIn Pirjo Yli-Viitala E-mail: pirjo.yli-viitala@uwasa.fi Tel: +358 40 592 7521 LinkedIn Mikael M\u00e4enp\u00e4\u00e4 E-mail: mikael.maenpaa@uwasa.fi Tel: +358 29 449 8441 LinkedIn University of Tampere \u00a0 (Sein\u00e4joki University Consortium) Jari Kolehmainen E-mail: jari.kolehmainen@tuni.fi Tel: +358\u00a050 574 9704 LinkedIn Pertti [&hellip;]<\/p>\n","protected":false},"author":38,"featured_media":0,"parent":0,"menu_order":0,"comment_status":"closed","ping_status":"closed","template":"","meta":{"_acf_changed":false,"footnotes":""},"class_list":["post-27","page","type-page","status-publish","hentry"],"acf":[],"_links":{"self":[{"href":"https:\/\/sites.uwasa.fi\/bid4e\/wp-json\/wp\/v2\/pages\/27"}],"collection":[{"href":"https:\/\/sites.uwasa.fi\/bid4e\/wp-json\/wp\/v2\/pages"}],"about":[{"href":"https:\/\/sites.uwasa.fi\/bid4e\/wp-json\/wp\/v2\/types\/page"}],"author":[{"embeddable":true,"href":"https:\/\/sites.uwasa.fi\/bid4e\/wp-json\/wp\/v2\/users\/38"}],"replies":[{"embeddable":true,"href":"https:\/\/sites.uwasa.fi\/bid4e\/wp-json\/wp\/v2\/comments?post=27"}],"version-history":[{"count":23,"href":"https:\/\/sites.uwasa.fi\/bid4e\/wp-json\/wp\/v2\/pages\/27\/revisions"}],"predecessor-version":[{"id":121,"href":"https:\/\/sites.uwasa.fi\/bid4e\/wp-json\/wp\/v2\/pages\/27\/revisions\/121"}],"wp:attachment":[{"href":"https:\/\/sites.uwasa.fi\/bid4e\/wp-json\/wp\/v2\/media?parent=27"}],"curies":[{"name":"wp","href":"https:\/\/api.w.org\/{rel}","templated":true}]}}