{"id":8,"date":"2025-09-08T15:50:06","date_gmt":"2025-09-08T12:50:06","guid":{"rendered":"https:\/\/sites.uwasa.fi\/auvora\/?page_id=8"},"modified":"2026-02-18T10:07:34","modified_gmt":"2026-02-18T08:07:34","slug":"tutkijat","status":"publish","type":"page","link":"https:\/\/sites.uwasa.fi\/auvora\/tutkijat\/","title":{"rendered":"Tutkijat ja ohjausryhm\u00e4"},"content":{"rendered":"<p><strong>Vaasa-Team:<\/strong><\/p>\n<p>Ilkka Luoto, Vaasan yliopisto, aluetiede<br \/>\netunimi.sukunimi@uwasa.fi, p. +358 29 449 8383<\/p>\n<p>Tiina Pitk\u00e4nen, Vaasan yliopisto, aluetiede<br \/>\netunimi.sukunimi@uwasa.fi, p. +358 29 449 8793<\/p>\n<p>Tiina Rinta-Rahko, VAMK<\/p>\n<p><strong>Pori-Team:<\/strong><\/p>\n<p>Hannu Linkola, Turun yliopisto, maisemantutkimus<br \/>\netunimi.sukunimi@utu.fi, p +358 40 577 3974<\/p>\n<p>Satu Sarkoranta, Turun yliopisto, v\u00e4it\u00f6skirjatutkija<\/p>\n<p><strong>Ohjausryhm\u00e4:<\/strong><\/p>\n<p>Eeva Kaura (pj.), Sanna Andersson, Maunu H\u00e4yrynen, Juho Ikonen, Teemu Makkonen, Katriina Siivonen, Petri Svanb\u00e4ck, Klaara Tapper ja Martta Ylilauri.<\/p>\n<p>&nbsp;<\/p>\n","protected":false},"excerpt":{"rendered":"<p>Vaasa-Team: Ilkka Luoto, Vaasan yliopisto, aluetiede etunimi.sukunimi@uwasa.fi, p. +358 29 449 8383 Tiina Pitk\u00e4nen, Vaasan yliopisto, aluetiede etunimi.sukunimi@uwasa.fi, p. +358 29 449 8793 Tiina Rinta-Rahko, VAMK Pori-Team: Hannu Linkola, Turun yliopisto, maisemantutkimus etunimi.sukunimi@utu.fi, p +358 40 577 3974 Satu Sarkoranta, Turun yliopisto, v\u00e4it\u00f6skirjatutkija Ohjausryhm\u00e4: Eeva Kaura (pj.), Sanna Andersson, Maunu H\u00e4yrynen, Juho Ikonen, Teemu Makkonen, [&hellip;]<\/p>\n","protected":false},"author":25,"featured_media":0,"parent":0,"menu_order":0,"comment_status":"closed","ping_status":"closed","template":"","meta":{"_acf_changed":false,"footnotes":""},"class_list":["post-8","page","type-page","status-publish","hentry"],"acf":[],"_links":{"self":[{"href":"https:\/\/sites.uwasa.fi\/auvora\/wp-json\/wp\/v2\/pages\/8"}],"collection":[{"href":"https:\/\/sites.uwasa.fi\/auvora\/wp-json\/wp\/v2\/pages"}],"about":[{"href":"https:\/\/sites.uwasa.fi\/auvora\/wp-json\/wp\/v2\/types\/page"}],"author":[{"embeddable":true,"href":"https:\/\/sites.uwasa.fi\/auvora\/wp-json\/wp\/v2\/users\/25"}],"replies":[{"embeddable":true,"href":"https:\/\/sites.uwasa.fi\/auvora\/wp-json\/wp\/v2\/comments?post=8"}],"version-history":[{"count":7,"href":"https:\/\/sites.uwasa.fi\/auvora\/wp-json\/wp\/v2\/pages\/8\/revisions"}],"predecessor-version":[{"id":101,"href":"https:\/\/sites.uwasa.fi\/auvora\/wp-json\/wp\/v2\/pages\/8\/revisions\/101"}],"wp:attachment":[{"href":"https:\/\/sites.uwasa.fi\/auvora\/wp-json\/wp\/v2\/media?parent=8"}],"curies":[{"name":"wp","href":"https:\/\/api.w.org\/{rel}","templated":true}]}}