{"id":2,"date":"2025-09-08T15:28:41","date_gmt":"2025-09-08T12:28:41","guid":{"rendered":"https:\/\/sites.uwasa.fi\/auvora\/?page_id=2"},"modified":"2025-10-20T08:58:52","modified_gmt":"2025-10-20T05:58:52","slug":"teollisen-aurinkovoimarakentamisen-maaseutuvaikutukset","status":"publish","type":"page","link":"https:\/\/sites.uwasa.fi\/auvora\/","title":{"rendered":"Aurinkovoimarakentamisen maaseutuvaikutukset"},"content":{"rendered":"<p><img loading=\"lazy\" decoding=\"async\" class=\" wp-image-29 alignleft\" src=\"https:\/\/sites.uwasa.fi\/auvora\/wp-content\/blogs.dir\/4\/files\/sites\/255\/2025\/09\/aurinkovoimakuva001-1-300x165.png\" alt=\"\" width=\"285\" height=\"157\" srcset=\"https:\/\/sites.uwasa.fi\/auvora\/wp-content\/blogs.dir\/4\/files\/sites\/255\/2025\/09\/aurinkovoimakuva001-1-300x165.png 300w, https:\/\/sites.uwasa.fi\/auvora\/wp-content\/blogs.dir\/4\/files\/sites\/255\/2025\/09\/aurinkovoimakuva001-1-1024x564.png 1024w, https:\/\/sites.uwasa.fi\/auvora\/wp-content\/blogs.dir\/4\/files\/sites\/255\/2025\/09\/aurinkovoimakuva001-1-768x423.png 768w, https:\/\/sites.uwasa.fi\/auvora\/wp-content\/blogs.dir\/4\/files\/sites\/255\/2025\/09\/aurinkovoimakuva001-1-1536x846.png 1536w, https:\/\/sites.uwasa.fi\/auvora\/wp-content\/blogs.dir\/4\/files\/sites\/255\/2025\/09\/aurinkovoimakuva001-1.png 1920w\" sizes=\"(max-width: 285px) 100vw, 285px\" \/>Suomessa on suunnitteilla tai rakenteilla yli 300 teollisen mittakaavan aurinkovoimalaa (teho yli 1 MW). T\u00e4h\u00e4n asti toteutuneiden aurinkovoimaloiden v\u00e4h\u00e4inen m\u00e4\u00e4r\u00e4 ja pienet pinta-alat ovat luoneet Suomessa kuvaa melko marginaalisesta ilmi\u00f6st\u00e4. Aurinkovoimaloita on ollut helppo sijoittaa olemassa oleville teollisuusalueille, joutomaille tai k\u00e4yt\u00f6st\u00e4 poistuneille turvesoille. Aurinkovoimalahankkeiden nopean yleistymisen my\u00f6t\u00e4 tilanne on kuitenkin muuttumassa.<\/p>\n<p>Tutkimuksessa selvitet\u00e4\u00e4n, mitk\u00e4 tekij\u00e4t ja intressit ohjaavat aurinkovoimarakentamista t\u00e4ll\u00e4 hetkell\u00e4, ja miten t\u00e4h\u00e4n liittyv\u00e4t ylipaikalliset toimijuudet kohtaavat paikallisen kehitt\u00e4misen erityspiirteet. Kuinka kunnat ja maanomistajat hy\u00f6tyv\u00e4t vihre\u00e4\u00e4 siirtym\u00e4\u00e4 edist\u00e4vist\u00e4 hankkeista? Miten ne vaikuttavat alueiden talouteen ja tulevaisuuteen noin 30 vuoden aikajanalla? Lis\u00e4ksi selvit\u00e4mme, kuinka ihmisten oikeus maisemaan toteutuu paikallisella tasolla. Samalla analysoimme laajemmin vihre\u00e4n siirtym\u00e4n, s\u00e4\u00e4ntelyj\u00e4rjestelmien muutoksen ja sosiaalisen kest\u00e4vyyden v\u00e4lisi\u00e4 ristiriitoja.<\/p>\n<p>Tutkimushankkeessa tarkastellaan erityisesti aurinkovoimarakentamisen maaseutuvaikutuksia.<\/p>\n<p>Maa- ja mets\u00e4talousministeri\u00f6 on rahoittanut hankkeen Maaseutupolitiikan neuvoston asettaman hankeryhm\u00e4n esityksest\u00e4, Makeran valtakunnallisiin maaseudun tutkimus- ja kehitt\u00e4mishankkeisiin suunnatuista varoista.<\/p>\n<p><img loading=\"lazy\" decoding=\"async\" class=\"\" src=\"https:\/\/www.maaseutupolitiikka.fi\/uploads\/maaseutopolitiikka_logo.png\" alt=\"Suomeksi (Maaseutupolitiikka)\" width=\"304\" height=\"111\" \/> <img loading=\"lazy\" decoding=\"async\" class=\"wp-image-62 alignleft\" src=\"https:\/\/sites.uwasa.fi\/auvora\/wp-content\/blogs.dir\/4\/files\/sites\/255\/2025\/09\/auvoralogo2-300x71.jpg\" alt=\"\" width=\"308\" height=\"73\" srcset=\"https:\/\/sites.uwasa.fi\/auvora\/wp-content\/blogs.dir\/4\/files\/sites\/255\/2025\/09\/auvoralogo2-300x71.jpg 300w, https:\/\/sites.uwasa.fi\/auvora\/wp-content\/blogs.dir\/4\/files\/sites\/255\/2025\/09\/auvoralogo2-1024x242.jpg 1024w, https:\/\/sites.uwasa.fi\/auvora\/wp-content\/blogs.dir\/4\/files\/sites\/255\/2025\/09\/auvoralogo2-768x182.jpg 768w, https:\/\/sites.uwasa.fi\/auvora\/wp-content\/blogs.dir\/4\/files\/sites\/255\/2025\/09\/auvoralogo2.jpg 1171w\" sizes=\"(max-width: 308px) 100vw, 308px\" \/><\/p>\n","protected":false},"excerpt":{"rendered":"<p>Suomessa on suunnitteilla tai rakenteilla yli 300 teollisen mittakaavan aurinkovoimalaa (teho yli 1 MW). T\u00e4h\u00e4n asti toteutuneiden aurinkovoimaloiden v\u00e4h\u00e4inen m\u00e4\u00e4r\u00e4 ja pienet pinta-alat ovat luoneet Suomessa kuvaa melko marginaalisesta ilmi\u00f6st\u00e4. Aurinkovoimaloita on ollut helppo sijoittaa olemassa oleville teollisuusalueille, joutomaille tai k\u00e4yt\u00f6st\u00e4 poistuneille turvesoille. Aurinkovoimalahankkeiden nopean yleistymisen my\u00f6t\u00e4 tilanne on kuitenkin muuttumassa. Tutkimuksessa selvitet\u00e4\u00e4n, mitk\u00e4 tekij\u00e4t [&hellip;]<\/p>\n","protected":false},"author":25,"featured_media":0,"parent":0,"menu_order":0,"comment_status":"closed","ping_status":"open","template":"","meta":{"_acf_changed":false,"footnotes":""},"class_list":["post-2","page","type-page","status-publish","hentry"],"acf":[],"_links":{"self":[{"href":"https:\/\/sites.uwasa.fi\/auvora\/wp-json\/wp\/v2\/pages\/2"}],"collection":[{"href":"https:\/\/sites.uwasa.fi\/auvora\/wp-json\/wp\/v2\/pages"}],"about":[{"href":"https:\/\/sites.uwasa.fi\/auvora\/wp-json\/wp\/v2\/types\/page"}],"author":[{"embeddable":true,"href":"https:\/\/sites.uwasa.fi\/auvora\/wp-json\/wp\/v2\/users\/25"}],"replies":[{"embeddable":true,"href":"https:\/\/sites.uwasa.fi\/auvora\/wp-json\/wp\/v2\/comments?post=2"}],"version-history":[{"count":29,"href":"https:\/\/sites.uwasa.fi\/auvora\/wp-json\/wp\/v2\/pages\/2\/revisions"}],"predecessor-version":[{"id":88,"href":"https:\/\/sites.uwasa.fi\/auvora\/wp-json\/wp\/v2\/pages\/2\/revisions\/88"}],"wp:attachment":[{"href":"https:\/\/sites.uwasa.fi\/auvora\/wp-json\/wp\/v2\/media?parent=2"}],"curies":[{"name":"wp","href":"https:\/\/api.w.org\/{rel}","templated":true}]}}