{"id":12,"date":"2025-09-08T15:51:30","date_gmt":"2025-09-08T12:51:30","guid":{"rendered":"https:\/\/sites.uwasa.fi\/auvora\/?page_id=12"},"modified":"2025-09-25T16:16:07","modified_gmt":"2025-09-25T13:16:07","slug":"ajankohtaista","status":"publish","type":"page","link":"https:\/\/sites.uwasa.fi\/auvora\/ajankohtaista\/","title":{"rendered":"Ajankohtaista"},"content":{"rendered":"<p>AuvoRa-tutkimushanke on k\u00e4ynistynyt 1.8.2025 alkaen. Kartoitamme parasta aikaa alan toimijakentt\u00e4\u00e4. Seuraamme alueidenk\u00e4ytt\u00f6lain uudistuksen etenemist\u00e4. Etsimme sopivia haastateltavia niin kunnista, maakunnista, etuj\u00e4rjest\u00f6ist\u00e4 kuin hankekehitt\u00e4jist\u00e4kin. Mik\u00e4li olet kiinnostunut osallistumaan tutkimukseen esimerkiksi haastateltavan ominaisuudessa, ota meihin yhteytt\u00e4.<\/p>\n","protected":false},"excerpt":{"rendered":"<p>AuvoRa-tutkimushanke on k\u00e4ynistynyt 1.8.2025 alkaen. Kartoitamme parasta aikaa alan toimijakentt\u00e4\u00e4. Seuraamme alueidenk\u00e4ytt\u00f6lain uudistuksen etenemist\u00e4. Etsimme sopivia haastateltavia niin kunnista, maakunnista, etuj\u00e4rjest\u00f6ist\u00e4 kuin hankekehitt\u00e4jist\u00e4kin. Mik\u00e4li olet kiinnostunut osallistumaan tutkimukseen esimerkiksi haastateltavan ominaisuudessa, ota meihin yhteytt\u00e4.<\/p>\n","protected":false},"author":25,"featured_media":0,"parent":0,"menu_order":0,"comment_status":"closed","ping_status":"closed","template":"","meta":{"_acf_changed":false,"footnotes":""},"class_list":["post-12","page","type-page","status-publish","hentry"],"acf":[],"_links":{"self":[{"href":"https:\/\/sites.uwasa.fi\/auvora\/wp-json\/wp\/v2\/pages\/12"}],"collection":[{"href":"https:\/\/sites.uwasa.fi\/auvora\/wp-json\/wp\/v2\/pages"}],"about":[{"href":"https:\/\/sites.uwasa.fi\/auvora\/wp-json\/wp\/v2\/types\/page"}],"author":[{"embeddable":true,"href":"https:\/\/sites.uwasa.fi\/auvora\/wp-json\/wp\/v2\/users\/25"}],"replies":[{"embeddable":true,"href":"https:\/\/sites.uwasa.fi\/auvora\/wp-json\/wp\/v2\/comments?post=12"}],"version-history":[{"count":3,"href":"https:\/\/sites.uwasa.fi\/auvora\/wp-json\/wp\/v2\/pages\/12\/revisions"}],"predecessor-version":[{"id":77,"href":"https:\/\/sites.uwasa.fi\/auvora\/wp-json\/wp\/v2\/pages\/12\/revisions\/77"}],"wp:attachment":[{"href":"https:\/\/sites.uwasa.fi\/auvora\/wp-json\/wp\/v2\/media?parent=12"}],"curies":[{"name":"wp","href":"https:\/\/api.w.org\/{rel}","templated":true}]}}